{"id":1334,"date":"2021-05-12T11:07:43","date_gmt":"2021-05-12T11:07:43","guid":{"rendered":"https:\/\/lomartov.com\/catalizador-de-innovacion\/"},"modified":"2025-06-06T05:56:02","modified_gmt":"2025-06-06T05:56:02","slug":"posicionamiento-en-el-mercado","status":"publish","type":"page","link":"https:\/\/lomartov.com\/es\/posicionamiento-en-el-mercado\/","title":{"rendered":"Posicionamiento en el mercado"},"content":{"rendered":"\t\t<div data-elementor-type=\"wp-page\" data-elementor-id=\"1334\" class=\"elementor elementor-1334 elementor-543\">\n\t\t\t\t<div class=\"elementor-element elementor-element-7c0556f e-flex e-con-boxed e-con e-parent\" data-id=\"7c0556f\" data-element_type=\"container\">\n\t\t\t\t\t<div class=\"e-con-inner\">\n\t\t\t\t<div class=\"elementor-element elementor-element-c3ffc39 elementor-widget elementor-widget-heading\" data-id=\"c3ffc39\" data-element_type=\"widget\" data-widget_type=\"heading.default\">\n\t\t\t\t<div class=\"elementor-widget-container\">\n\t\t\t\t\t<h3 class=\"elementor-heading-title elementor-size-default\">\u00bfQu\u00e9 es el posicionamiento en el mercado?\n<\/h3>\t\t\t\t<\/div>\n\t\t\t\t<\/div>\n\t\t\t\t<div class=\"elementor-element elementor-element-72eb8f9 elementor-widget-divider--view-line elementor-widget elementor-widget-divider\" data-id=\"72eb8f9\" data-element_type=\"widget\" data-widget_type=\"divider.default\">\n\t\t\t\t<div class=\"elementor-widget-container\">\n\t\t\t\t\t\t\t<div class=\"elementor-divider\">\n\t\t\t<span class=\"elementor-divider-separator\">\n\t\t\t\t\t\t<\/span>\n\t\t<\/div>\n\t\t\t\t\t\t<\/div>\n\t\t\t\t<\/div>\n\t\t\t\t<div class=\"elementor-element elementor-element-8b65507 elementor-widget elementor-widget-text-editor\" data-id=\"8b65507\" data-element_type=\"widget\" data-widget_type=\"text-editor.default\">\n\t\t\t\t<div class=\"elementor-widget-container\">\n\t\t\t\t\t\t\t\t\t<div class=\"elementor-element elementor-element-7650c9c elementor-widget elementor-widget-text-editor\" data-id=\"7650c9c\" data-element_type=\"widget\" data-widget_type=\"text-editor.default\"><div class=\"elementor-widget-container\"><p><strong>El posicionamiento en el mercado<\/strong> se refiere al proceso de introducir y escalar con \u00e9xito nuevos productos, servicios o tecnolog\u00edas en un entorno competitivo. Al identificar las principales barreras, oportunidades y necesidades de las partes interesadas, las empresas pueden potenciar el impacto de su innovaci\u00f3n y acelerar el \u00e9xito comercial.<\/p><\/div><\/div>\t\t\t\t\t\t\t\t<\/div>\n\t\t\t\t<\/div>\n\t\t\t\t<div class=\"elementor-element elementor-element-fd4a0a0 elementor-widget elementor-widget-heading\" data-id=\"fd4a0a0\" data-element_type=\"widget\" data-widget_type=\"heading.default\">\n\t\t\t\t<div class=\"elementor-widget-container\">\n\t\t\t\t\t<h3 class=\"elementor-heading-title elementor-size-default\">Lo que ofrecemos<\/h3>\t\t\t\t<\/div>\n\t\t\t\t<\/div>\n\t\t\t\t<div class=\"elementor-element elementor-element-3e36d89 elementor-widget-divider--view-line elementor-widget elementor-widget-divider\" data-id=\"3e36d89\" data-element_type=\"widget\" data-widget_type=\"divider.default\">\n\t\t\t\t<div class=\"elementor-widget-container\">\n\t\t\t\t\t\t\t<div class=\"elementor-divider\">\n\t\t\t<span class=\"elementor-divider-separator\">\n\t\t\t\t\t\t<\/span>\n\t\t<\/div>\n\t\t\t\t\t\t<\/div>\n\t\t\t\t<\/div>\n\t\t\t\t<div class=\"elementor-element elementor-element-b03572e elementor-widget elementor-widget-text-editor\" data-id=\"b03572e\" data-element_type=\"widget\" data-widget_type=\"text-editor.default\">\n\t\t\t\t<div class=\"elementor-widget-container\">\n\t\t\t\t\t\t\t\t\t<div class=\"elementor-element elementor-element-3280994 elementor-widget elementor-widget-text-editor\" data-id=\"3280994\" data-element_type=\"widget\" data-widget_type=\"text-editor.default\"><div class=\"elementor-widget-container\"><div class=\"elementor-element elementor-element-e17c2e4 elementor-widget elementor-widget-text-editor\" data-id=\"e17c2e4\" data-element_type=\"widget\" data-widget_type=\"text-editor.default\"><div class=\"elementor-widget-container\"><p>En LOMARTOV, ayudamos a las organizaciones a reducir la brecha entre la investigaci\u00f3n y la implementaci\u00f3n en el mercado a trav\u00e9s de estrategias personalizadas:<\/p><\/div><\/div><\/div><\/div>\t\t\t\t\t\t\t\t<\/div>\n\t\t\t\t<\/div>\n\t\t\t\t<div class=\"elementor-element elementor-element-24ceb79 elementor-widget elementor-widget-image\" data-id=\"24ceb79\" data-element_type=\"widget\" data-widget_type=\"image.default\">\n\t\t\t\t<div class=\"elementor-widget-container\">\n\t\t\t\t\t\t\t\t\t\t\t\t\t\t\t<img fetchpriority=\"high\" decoding=\"async\" width=\"1024\" height=\"249\" src=\"https:\/\/lomartov.com\/wp-content\/uploads\/2025\/06\/ECODESIGN-FIGURE-13-e1749189180869-1024x249.png\" class=\"attachment-large size-large wp-image-5352\" alt=\"\" srcset=\"https:\/\/lomartov.com\/wp-content\/uploads\/2025\/06\/ECODESIGN-FIGURE-13-e1749189180869-1024x249.png 1024w, https:\/\/lomartov.com\/wp-content\/uploads\/2025\/06\/ECODESIGN-FIGURE-13-e1749189180869-300x73.png 300w, https:\/\/lomartov.com\/wp-content\/uploads\/2025\/06\/ECODESIGN-FIGURE-13-e1749189180869-768x187.png 768w, https:\/\/lomartov.com\/wp-content\/uploads\/2025\/06\/ECODESIGN-FIGURE-13-e1749189180869-1536x374.png 1536w, https:\/\/lomartov.com\/wp-content\/uploads\/2025\/06\/ECODESIGN-FIGURE-13-e1749189180869-2048x498.png 2048w\" sizes=\"(max-width: 1024px) 100vw, 1024px\" \/>\t\t\t\t\t\t\t\t\t\t\t\t\t\t\t<\/div>\n\t\t\t\t<\/div>\n\t\t\t\t<div class=\"elementor-element elementor-element-008862e elementor-widget elementor-widget-heading\" data-id=\"008862e\" data-element_type=\"widget\" data-widget_type=\"heading.default\">\n\t\t\t\t<div class=\"elementor-widget-container\">\n\t\t\t\t\t<h3 class=\"elementor-heading-title elementor-size-default\">Beneficios para tu innovaci\u00f3n<\/h3>\t\t\t\t<\/div>\n\t\t\t\t<\/div>\n\t\t\t\t<div class=\"elementor-element elementor-element-b9e9935 elementor-widget-divider--view-line elementor-widget elementor-widget-divider\" data-id=\"b9e9935\" data-element_type=\"widget\" data-widget_type=\"divider.default\">\n\t\t\t\t<div class=\"elementor-widget-container\">\n\t\t\t\t\t\t\t<div class=\"elementor-divider\">\n\t\t\t<span class=\"elementor-divider-separator\">\n\t\t\t\t\t\t<\/span>\n\t\t<\/div>\n\t\t\t\t\t\t<\/div>\n\t\t\t\t<\/div>\n\t\t\t\t<div class=\"elementor-element elementor-element-8f7e726 elementor-widget elementor-widget-text-editor\" data-id=\"8f7e726\" data-element_type=\"widget\" data-widget_type=\"text-editor.default\">\n\t\t\t\t<div class=\"elementor-widget-container\">\n\t\t\t\t\t\t\t\t\t<ul><li>Entrada m\u00e1s r\u00e1pida al mercado con asesoramiento experto sobre desaf\u00edos regulatorios, financieros y t\u00e9cnicos.<\/li><li>Alineaci\u00f3n con los principios de la econom\u00eda circular y las demandas cambiantes para un crecimiento sostenible.<\/li><li>Maximizar el impacto y la rentabilidad a trav\u00e9s de v\u00edas de explotaci\u00f3n estrat\u00e9gicas.<\/li><li>Conexiones industriales m\u00e1s s\u00f3lidas con partes interesadas clave, clientes potenciales y formuladores de pol\u00edticas.<\/li><\/ul>\t\t\t\t\t\t\t\t<\/div>\n\t\t\t\t<\/div>\n\t\t\t\t\t<\/div>\n\t\t\t\t<\/div>\n\t\t\t\t<\/div>\n\t\t","protected":false},"excerpt":{"rendered":"<p>\u00bfQu\u00e9 es el posicionamiento en el mercado? El posicionamiento en el mercado se refiere al proceso de introducir y escalar con \u00e9xito nuevos productos, servicios o tecnolog\u00edas en un entorno competitivo. Al identificar las principales barreras, oportunidades y necesidades de las partes interesadas, las empresas pueden potenciar el impacto de su innovaci\u00f3n y acelerar el [&hellip;]<\/p>\n","protected":false},"author":7,"featured_media":0,"parent":0,"menu_order":0,"comment_status":"closed","ping_status":"closed","template":"","meta":{"footnotes":""},"class_list":["post-1334","page","type-page","status-publish","hentry"],"yoast_head":"<!-- This site is optimized with the Yoast SEO plugin v24.8.1 - https:\/\/yoast.com\/wordpress\/plugins\/seo\/ -->\n<title>Posicionamiento en el mercado - LOMARTOV<\/title>\n<meta name=\"robots\" content=\"index, follow, max-snippet:-1, max-image-preview:large, max-video-preview:-1\" \/>\n<link rel=\"canonical\" href=\"https:\/\/lomartov.com\/es\/posicionamiento-en-el-mercado\/\" \/>\n<meta property=\"og:locale\" content=\"es_ES\" \/>\n<meta property=\"og:type\" content=\"article\" \/>\n<meta property=\"og:title\" content=\"Posicionamiento en el mercado - LOMARTOV\" \/>\n<meta property=\"og:description\" content=\"\u00bfQu\u00e9 es el posicionamiento en el mercado? El posicionamiento en el mercado se refiere al proceso de introducir y escalar con \u00e9xito nuevos productos, servicios o tecnolog\u00edas en un entorno competitivo. Al identificar las principales barreras, oportunidades y necesidades de las partes interesadas, las empresas pueden potenciar el impacto de su innovaci\u00f3n y acelerar el [&hellip;]\" \/>\n<meta property=\"og:url\" content=\"https:\/\/lomartov.com\/es\/posicionamiento-en-el-mercado\/\" \/>\n<meta property=\"og:site_name\" content=\"LOMARTOV\" \/>\n<meta property=\"article:modified_time\" content=\"2025-06-06T05:56:02+00:00\" \/>\n<meta property=\"og:image\" content=\"https:\/\/lomartov.com\/wp-content\/uploads\/2025\/06\/ECODESIGN-FIGURE-13-e1749189180869.png\" \/>\n\t<meta property=\"og:image:width\" content=\"4800\" \/>\n\t<meta property=\"og:image:height\" content=\"1168\" \/>\n\t<meta property=\"og:image:type\" content=\"image\/png\" \/>\n<meta name=\"twitter:card\" content=\"summary_large_image\" \/>\n<meta name=\"twitter:label1\" content=\"Tiempo de lectura\" \/>\n\t<meta name=\"twitter:data1\" content=\"2 minutos\" \/>\n<script type=\"application\/ld+json\" class=\"yoast-schema-graph\">{\"@context\":\"https:\/\/schema.org\",\"@graph\":[{\"@type\":\"WebPage\",\"@id\":\"https:\/\/lomartov.com\/es\/posicionamiento-en-el-mercado\/\",\"url\":\"https:\/\/lomartov.com\/es\/posicionamiento-en-el-mercado\/\",\"name\":\"Posicionamiento en el mercado - LOMARTOV\",\"isPartOf\":{\"@id\":\"https:\/\/lomartov.com\/es\/#website\"},\"primaryImageOfPage\":{\"@id\":\"https:\/\/lomartov.com\/es\/posicionamiento-en-el-mercado\/#primaryimage\"},\"image\":{\"@id\":\"https:\/\/lomartov.com\/es\/posicionamiento-en-el-mercado\/#primaryimage\"},\"thumbnailUrl\":\"https:\/\/lomartov.com\/wp-content\/uploads\/2025\/06\/ECODESIGN-FIGURE-13-e1749189180869-1024x249.png\",\"datePublished\":\"2021-05-12T11:07:43+00:00\",\"dateModified\":\"2025-06-06T05:56:02+00:00\",\"breadcrumb\":{\"@id\":\"https:\/\/lomartov.com\/es\/posicionamiento-en-el-mercado\/#breadcrumb\"},\"inLanguage\":\"es\",\"potentialAction\":[{\"@type\":\"ReadAction\",\"target\":[\"https:\/\/lomartov.com\/es\/posicionamiento-en-el-mercado\/\"]}]},{\"@type\":\"ImageObject\",\"inLanguage\":\"es\",\"@id\":\"https:\/\/lomartov.com\/es\/posicionamiento-en-el-mercado\/#primaryimage\",\"url\":\"https:\/\/lomartov.com\/wp-content\/uploads\/2025\/06\/ECODESIGN-FIGURE-13-e1749189180869-1024x249.png\",\"contentUrl\":\"https:\/\/lomartov.com\/wp-content\/uploads\/2025\/06\/ECODESIGN-FIGURE-13-e1749189180869-1024x249.png\"},{\"@type\":\"BreadcrumbList\",\"@id\":\"https:\/\/lomartov.com\/es\/posicionamiento-en-el-mercado\/#breadcrumb\",\"itemListElement\":[{\"@type\":\"ListItem\",\"position\":1,\"name\":\"Home\",\"item\":\"https:\/\/lomartov.com\/es\/\"},{\"@type\":\"ListItem\",\"position\":2,\"name\":\"Posicionamiento en el mercado\"}]},{\"@type\":\"WebSite\",\"@id\":\"https:\/\/lomartov.com\/es\/#website\",\"url\":\"https:\/\/lomartov.com\/es\/\",\"name\":\"LOMARTOV\",\"description\":\"Applied Innovation Engineering\",\"potentialAction\":[{\"@type\":\"SearchAction\",\"target\":{\"@type\":\"EntryPoint\",\"urlTemplate\":\"https:\/\/lomartov.com\/es\/?s={search_term_string}\"},\"query-input\":{\"@type\":\"PropertyValueSpecification\",\"valueRequired\":true,\"valueName\":\"search_term_string\"}}],\"inLanguage\":\"es\"}]}<\/script>\n<!-- \/ Yoast SEO plugin. -->","yoast_head_json":{"title":"Posicionamiento en el mercado - LOMARTOV","robots":{"index":"index","follow":"follow","max-snippet":"max-snippet:-1","max-image-preview":"max-image-preview:large","max-video-preview":"max-video-preview:-1"},"canonical":"https:\/\/lomartov.com\/es\/posicionamiento-en-el-mercado\/","og_locale":"es_ES","og_type":"article","og_title":"Posicionamiento en el mercado - LOMARTOV","og_description":"\u00bfQu\u00e9 es el posicionamiento en el mercado? El posicionamiento en el mercado se refiere al proceso de introducir y escalar con \u00e9xito nuevos productos, servicios o tecnolog\u00edas en un entorno competitivo. Al identificar las principales barreras, oportunidades y necesidades de las partes interesadas, las empresas pueden potenciar el impacto de su innovaci\u00f3n y acelerar el [&hellip;]","og_url":"https:\/\/lomartov.com\/es\/posicionamiento-en-el-mercado\/","og_site_name":"LOMARTOV","article_modified_time":"2025-06-06T05:56:02+00:00","og_image":[{"width":4800,"height":1168,"url":"https:\/\/lomartov.com\/wp-content\/uploads\/2025\/06\/ECODESIGN-FIGURE-13-e1749189180869.png","type":"image\/png"}],"twitter_card":"summary_large_image","twitter_misc":{"Tiempo de lectura":"2 minutos"},"schema":{"@context":"https:\/\/schema.org","@graph":[{"@type":"WebPage","@id":"https:\/\/lomartov.com\/es\/posicionamiento-en-el-mercado\/","url":"https:\/\/lomartov.com\/es\/posicionamiento-en-el-mercado\/","name":"Posicionamiento en el mercado - LOMARTOV","isPartOf":{"@id":"https:\/\/lomartov.com\/es\/#website"},"primaryImageOfPage":{"@id":"https:\/\/lomartov.com\/es\/posicionamiento-en-el-mercado\/#primaryimage"},"image":{"@id":"https:\/\/lomartov.com\/es\/posicionamiento-en-el-mercado\/#primaryimage"},"thumbnailUrl":"https:\/\/lomartov.com\/wp-content\/uploads\/2025\/06\/ECODESIGN-FIGURE-13-e1749189180869-1024x249.png","datePublished":"2021-05-12T11:07:43+00:00","dateModified":"2025-06-06T05:56:02+00:00","breadcrumb":{"@id":"https:\/\/lomartov.com\/es\/posicionamiento-en-el-mercado\/#breadcrumb"},"inLanguage":"es","potentialAction":[{"@type":"ReadAction","target":["https:\/\/lomartov.com\/es\/posicionamiento-en-el-mercado\/"]}]},{"@type":"ImageObject","inLanguage":"es","@id":"https:\/\/lomartov.com\/es\/posicionamiento-en-el-mercado\/#primaryimage","url":"https:\/\/lomartov.com\/wp-content\/uploads\/2025\/06\/ECODESIGN-FIGURE-13-e1749189180869-1024x249.png","contentUrl":"https:\/\/lomartov.com\/wp-content\/uploads\/2025\/06\/ECODESIGN-FIGURE-13-e1749189180869-1024x249.png"},{"@type":"BreadcrumbList","@id":"https:\/\/lomartov.com\/es\/posicionamiento-en-el-mercado\/#breadcrumb","itemListElement":[{"@type":"ListItem","position":1,"name":"Home","item":"https:\/\/lomartov.com\/es\/"},{"@type":"ListItem","position":2,"name":"Posicionamiento en el mercado"}]},{"@type":"WebSite","@id":"https:\/\/lomartov.com\/es\/#website","url":"https:\/\/lomartov.com\/es\/","name":"LOMARTOV","description":"Applied Innovation Engineering","potentialAction":[{"@type":"SearchAction","target":{"@type":"EntryPoint","urlTemplate":"https:\/\/lomartov.com\/es\/?s={search_term_string}"},"query-input":{"@type":"PropertyValueSpecification","valueRequired":true,"valueName":"search_term_string"}}],"inLanguage":"es"}]}},"_links":{"self":[{"href":"https:\/\/lomartov.com\/es\/wp-json\/wp\/v2\/pages\/1334","targetHints":{"allow":["GET"]}}],"collection":[{"href":"https:\/\/lomartov.com\/es\/wp-json\/wp\/v2\/pages"}],"about":[{"href":"https:\/\/lomartov.com\/es\/wp-json\/wp\/v2\/types\/page"}],"author":[{"embeddable":true,"href":"https:\/\/lomartov.com\/es\/wp-json\/wp\/v2\/users\/7"}],"replies":[{"embeddable":true,"href":"https:\/\/lomartov.com\/es\/wp-json\/wp\/v2\/comments?post=1334"}],"version-history":[{"count":5,"href":"https:\/\/lomartov.com\/es\/wp-json\/wp\/v2\/pages\/1334\/revisions"}],"predecessor-version":[{"id":5363,"href":"https:\/\/lomartov.com\/es\/wp-json\/wp\/v2\/pages\/1334\/revisions\/5363"}],"wp:attachment":[{"href":"https:\/\/lomartov.com\/es\/wp-json\/wp\/v2\/media?parent=1334"}],"curies":[{"name":"wp","href":"https:\/\/api.w.org\/{rel}","templated":true}]}}