{"id":1339,"date":"2021-05-12T11:12:55","date_gmt":"2021-05-12T11:12:55","guid":{"rendered":"https:\/\/lomartov.com\/comunicacion-y-diseminacion\/"},"modified":"2025-04-11T09:41:42","modified_gmt":"2025-04-11T09:41:42","slug":"diseminacion-y-comunicacion","status":"publish","type":"page","link":"https:\/\/lomartov.com\/es\/diseminacion-y-comunicacion\/","title":{"rendered":"Diseminaci\u00f3n y comunicaci\u00f3n"},"content":{"rendered":"\t\t<div data-elementor-type=\"wp-page\" data-elementor-id=\"1339\" class=\"elementor elementor-1339 elementor-547\">\n\t\t\t\t<div class=\"elementor-element elementor-element-371e9d2 e-flex e-con-boxed e-con e-parent\" data-id=\"371e9d2\" data-element_type=\"container\">\n\t\t\t\t\t<div class=\"e-con-inner\">\n\t\t\t\t<div class=\"elementor-element elementor-element-636e504 elementor-widget elementor-widget-heading\" data-id=\"636e504\" data-element_type=\"widget\" data-widget_type=\"heading.default\">\n\t\t\t\t<div class=\"elementor-widget-container\">\n\t\t\t\t\t<h3 class=\"elementor-heading-title elementor-size-default\">\u00bfQu\u00e9 son la diseminaci\u00f3n y la comunicaci\u00f3n?\n<\/h3>\t\t\t\t<\/div>\n\t\t\t\t<\/div>\n\t\t\t\t<div class=\"elementor-element elementor-element-7090a24 elementor-widget-divider--view-line elementor-widget elementor-widget-divider\" data-id=\"7090a24\" data-element_type=\"widget\" data-widget_type=\"divider.default\">\n\t\t\t\t<div class=\"elementor-widget-container\">\n\t\t\t\t\t\t\t<div class=\"elementor-divider\">\n\t\t\t<span class=\"elementor-divider-separator\">\n\t\t\t\t\t\t<\/span>\n\t\t<\/div>\n\t\t\t\t\t\t<\/div>\n\t\t\t\t<\/div>\n\t\t\t\t<div class=\"elementor-element elementor-element-2b4fd47 elementor-widget elementor-widget-text-editor\" data-id=\"2b4fd47\" data-element_type=\"widget\" data-widget_type=\"text-editor.default\">\n\t\t\t\t<div class=\"elementor-widget-container\">\n\t\t\t\t\t\t\t\t\t<div class=\"elementor-element elementor-element-1511434 elementor-widget elementor-widget-text-editor\" data-id=\"1511434\" data-element_type=\"widget\" data-widget_type=\"text-editor.default\"><div class=\"elementor-widget-container\"><p><strong><span>La diseminaci\u00f3n y comunicaci\u00f3n<\/span><\/strong><span>\u00a0(D&amp;C) eficaces\u00a0son clave para garantizar la visibilidad, el impacto y el \u00e9xito de los proyectos de investigaci\u00f3n e innovaci\u00f3n. Estas actividades van m\u00e1s all\u00e1 de la sensibilizaci\u00f3n. Involucran a las partes interesadas, facilitan la transferencia de conocimiento y garantizan que los avances cient\u00edficos y tecnol\u00f3gicos lleguen al p\u00fablico adecuado, desde responsables pol\u00edticos e inversores hasta l\u00edderes del sector y p\u00fablico en general.<\/span><\/p><\/div><\/div>\t\t\t\t\t\t\t\t<\/div>\n\t\t\t\t<\/div>\n\t\t\t\t<div class=\"elementor-element elementor-element-06c67cb elementor-widget elementor-widget-heading\" data-id=\"06c67cb\" data-element_type=\"widget\" data-widget_type=\"heading.default\">\n\t\t\t\t<div class=\"elementor-widget-container\">\n\t\t\t\t\t<h3 class=\"elementor-heading-title elementor-size-default\">Lo que ofrecemos<\/h3>\t\t\t\t<\/div>\n\t\t\t\t<\/div>\n\t\t\t\t<div class=\"elementor-element elementor-element-5f093ae elementor-widget-divider--view-line elementor-widget elementor-widget-divider\" data-id=\"5f093ae\" data-element_type=\"widget\" data-widget_type=\"divider.default\">\n\t\t\t\t<div class=\"elementor-widget-container\">\n\t\t\t\t\t\t\t<div class=\"elementor-divider\">\n\t\t\t<span class=\"elementor-divider-separator\">\n\t\t\t\t\t\t<\/span>\n\t\t<\/div>\n\t\t\t\t\t\t<\/div>\n\t\t\t\t<\/div>\n\t\t\t\t<div class=\"elementor-element elementor-element-8ede05a elementor-widget elementor-widget-text-editor\" data-id=\"8ede05a\" data-element_type=\"widget\" data-widget_type=\"text-editor.default\">\n\t\t\t\t<div class=\"elementor-widget-container\">\n\t\t\t\t\t\t\t\t\t<div class=\"elementor-element elementor-element-3280994 elementor-widget elementor-widget-text-editor\" data-id=\"3280994\" data-element_type=\"widget\" data-widget_type=\"text-editor.default\"><div class=\"elementor-widget-container\"><div class=\"elementor-element elementor-element-17a9242 elementor-widget elementor-widget-text-editor\" data-id=\"17a9242\" data-element_type=\"widget\" data-widget_type=\"text-editor.default\"><div class=\"elementor-widget-container\"><p>En LOMARTOV, dise\u00f1amos e implementamos estrategias de D&amp;C personalizadas que amplifican el alcance de tu proyecto, garantizando el cumplimiento de las directrices de la Comisi\u00f3n Europea (por ejemplo, Horizonte Europa, LIFE y otras iniciativas financiadas por la UE) al tiempo que maximizan la participaci\u00f3n y la aceptaci\u00f3n del mercado.<\/p><\/div><\/div><\/div><\/div>\t\t\t\t\t\t\t\t<\/div>\n\t\t\t\t<\/div>\n\t\t\t\t<div class=\"elementor-element elementor-element-d874dc1 elementor-widget elementor-widget-heading\" data-id=\"d874dc1\" data-element_type=\"widget\" data-widget_type=\"heading.default\">\n\t\t\t\t<div class=\"elementor-widget-container\">\n\t\t\t\t\t<h3 class=\"elementor-heading-title elementor-size-default\">Nuestros servicios de D&amp;C<\/h3>\t\t\t\t<\/div>\n\t\t\t\t<\/div>\n\t\t\t\t<div class=\"elementor-element elementor-element-70237a4 elementor-widget-divider--view-line elementor-widget elementor-widget-divider\" data-id=\"70237a4\" data-element_type=\"widget\" data-widget_type=\"divider.default\">\n\t\t\t\t<div class=\"elementor-widget-container\">\n\t\t\t\t\t\t\t<div class=\"elementor-divider\">\n\t\t\t<span class=\"elementor-divider-separator\">\n\t\t\t\t\t\t<\/span>\n\t\t<\/div>\n\t\t\t\t\t\t<\/div>\n\t\t\t\t<\/div>\n\t\t\t\t<div class=\"elementor-element elementor-element-2a64671 elementor-widget elementor-widget-image\" data-id=\"2a64671\" data-element_type=\"widget\" data-widget_type=\"image.default\">\n\t\t\t\t<div class=\"elementor-widget-container\">\n\t\t\t\t\t\t\t\t\t\t\t\t\t\t\t<img fetchpriority=\"high\" decoding=\"async\" width=\"1024\" height=\"576\" src=\"https:\/\/lomartov.com\/wp-content\/uploads\/2025\/04\/DC-es-1024x576.png\" class=\"attachment-large size-large wp-image-5144\" alt=\"\" srcset=\"https:\/\/lomartov.com\/wp-content\/uploads\/2025\/04\/DC-es-1024x576.png 1024w, https:\/\/lomartov.com\/wp-content\/uploads\/2025\/04\/DC-es-300x169.png 300w, https:\/\/lomartov.com\/wp-content\/uploads\/2025\/04\/DC-es-768x432.png 768w, https:\/\/lomartov.com\/wp-content\/uploads\/2025\/04\/DC-es-1536x864.png 1536w, https:\/\/lomartov.com\/wp-content\/uploads\/2025\/04\/DC-es-2048x1152.png 2048w\" sizes=\"(max-width: 1024px) 100vw, 1024px\" \/>\t\t\t\t\t\t\t\t\t\t\t\t\t\t\t<\/div>\n\t\t\t\t<\/div>\n\t\t\t\t<div class=\"elementor-element elementor-element-de15484 elementor-widget elementor-widget-heading\" data-id=\"de15484\" data-element_type=\"widget\" data-widget_type=\"heading.default\">\n\t\t\t\t<div class=\"elementor-widget-container\">\n\t\t\t\t\t<h3 class=\"elementor-heading-title elementor-size-default\">Beneficios para tu innovaci\u00f3n<\/h3>\t\t\t\t<\/div>\n\t\t\t\t<\/div>\n\t\t\t\t<div class=\"elementor-element elementor-element-9118d58 elementor-widget-divider--view-line elementor-widget elementor-widget-divider\" data-id=\"9118d58\" data-element_type=\"widget\" data-widget_type=\"divider.default\">\n\t\t\t\t<div class=\"elementor-widget-container\">\n\t\t\t\t\t\t\t<div class=\"elementor-divider\">\n\t\t\t<span class=\"elementor-divider-separator\">\n\t\t\t\t\t\t<\/span>\n\t\t<\/div>\n\t\t\t\t\t\t<\/div>\n\t\t\t\t<\/div>\n\t\t\t\t<div class=\"elementor-element elementor-element-5987802 elementor-widget elementor-widget-text-editor\" data-id=\"5987802\" data-element_type=\"widget\" data-widget_type=\"text-editor.default\">\n\t\t\t\t<div class=\"elementor-widget-container\">\n\t\t\t\t\t\t\t\t\t<ul><li>Mayor conciencia y credibilidad entre los agentes clave.<\/li><li>Conexiones m\u00e1s s\u00f3lidas con la industria, los responsables pol\u00edticos y los posibles inversores.<\/li><li>Mejora la aceptaci\u00f3n del mercado y el posicionamiento para el \u00e9xito comercial.<\/li><li>Alineaci\u00f3n con los requisitos del proyecto D&amp;C de la UE.<\/li><li>Estrategia basada en datos con informaci\u00f3n mensurable.<\/li><\/ul>\t\t\t\t\t\t\t\t<\/div>\n\t\t\t\t<\/div>\n\t\t\t\t\t<\/div>\n\t\t\t\t<\/div>\n\t\t\t\t<\/div>\n\t\t","protected":false},"excerpt":{"rendered":"<p>\u00bfQu\u00e9 son la diseminaci\u00f3n y la comunicaci\u00f3n? La diseminaci\u00f3n y comunicaci\u00f3n\u00a0(D&amp;C) eficaces\u00a0son clave para garantizar la visibilidad, el impacto y el \u00e9xito de los proyectos de investigaci\u00f3n e innovaci\u00f3n. Estas actividades van m\u00e1s all\u00e1 de la sensibilizaci\u00f3n. Involucran a las partes interesadas, facilitan la transferencia de conocimiento y garantizan que los avances cient\u00edficos y tecnol\u00f3gicos [&hellip;]<\/p>\n","protected":false},"author":7,"featured_media":0,"parent":0,"menu_order":0,"comment_status":"closed","ping_status":"closed","template":"","meta":{"footnotes":""},"class_list":["post-1339","page","type-page","status-publish","hentry"],"yoast_head":"<!-- This site is optimized with the Yoast SEO plugin v24.8.1 - https:\/\/yoast.com\/wordpress\/plugins\/seo\/ -->\n<title>Diseminaci\u00f3n y comunicaci\u00f3n - LOMARTOV<\/title>\n<meta name=\"robots\" content=\"index, follow, max-snippet:-1, max-image-preview:large, max-video-preview:-1\" \/>\n<link rel=\"canonical\" href=\"https:\/\/lomartov.com\/es\/diseminacion-y-comunicacion\/\" \/>\n<meta property=\"og:locale\" content=\"es_ES\" \/>\n<meta property=\"og:type\" content=\"article\" \/>\n<meta property=\"og:title\" content=\"Diseminaci\u00f3n y comunicaci\u00f3n - LOMARTOV\" \/>\n<meta property=\"og:description\" content=\"\u00bfQu\u00e9 son la diseminaci\u00f3n y la comunicaci\u00f3n? La diseminaci\u00f3n y comunicaci\u00f3n\u00a0(D&amp;C) eficaces\u00a0son clave para garantizar la visibilidad, el impacto y el \u00e9xito de los proyectos de investigaci\u00f3n e innovaci\u00f3n. Estas actividades van m\u00e1s all\u00e1 de la sensibilizaci\u00f3n. Involucran a las partes interesadas, facilitan la transferencia de conocimiento y garantizan que los avances cient\u00edficos y tecnol\u00f3gicos [&hellip;]\" \/>\n<meta property=\"og:url\" content=\"https:\/\/lomartov.com\/es\/diseminacion-y-comunicacion\/\" \/>\n<meta property=\"og:site_name\" content=\"LOMARTOV\" \/>\n<meta property=\"article:modified_time\" content=\"2025-04-11T09:41:42+00:00\" \/>\n<meta property=\"og:image\" content=\"https:\/\/lomartov.com\/wp-content\/uploads\/2025\/04\/DC-es-1024x576.png\" \/>\n<meta name=\"twitter:card\" content=\"summary_large_image\" \/>\n<meta name=\"twitter:label1\" content=\"Tiempo de lectura\" \/>\n\t<meta name=\"twitter:data1\" content=\"2 minutos\" \/>\n<script type=\"application\/ld+json\" class=\"yoast-schema-graph\">{\"@context\":\"https:\/\/schema.org\",\"@graph\":[{\"@type\":\"WebPage\",\"@id\":\"https:\/\/lomartov.com\/es\/diseminacion-y-comunicacion\/\",\"url\":\"https:\/\/lomartov.com\/es\/diseminacion-y-comunicacion\/\",\"name\":\"Diseminaci\u00f3n y comunicaci\u00f3n - LOMARTOV\",\"isPartOf\":{\"@id\":\"https:\/\/lomartov.com\/es\/#website\"},\"primaryImageOfPage\":{\"@id\":\"https:\/\/lomartov.com\/es\/diseminacion-y-comunicacion\/#primaryimage\"},\"image\":{\"@id\":\"https:\/\/lomartov.com\/es\/diseminacion-y-comunicacion\/#primaryimage\"},\"thumbnailUrl\":\"https:\/\/lomartov.com\/wp-content\/uploads\/2025\/04\/DC-es-1024x576.png\",\"datePublished\":\"2021-05-12T11:12:55+00:00\",\"dateModified\":\"2025-04-11T09:41:42+00:00\",\"breadcrumb\":{\"@id\":\"https:\/\/lomartov.com\/es\/diseminacion-y-comunicacion\/#breadcrumb\"},\"inLanguage\":\"es\",\"potentialAction\":[{\"@type\":\"ReadAction\",\"target\":[\"https:\/\/lomartov.com\/es\/diseminacion-y-comunicacion\/\"]}]},{\"@type\":\"ImageObject\",\"inLanguage\":\"es\",\"@id\":\"https:\/\/lomartov.com\/es\/diseminacion-y-comunicacion\/#primaryimage\",\"url\":\"https:\/\/lomartov.com\/wp-content\/uploads\/2025\/04\/DC-es-1024x576.png\",\"contentUrl\":\"https:\/\/lomartov.com\/wp-content\/uploads\/2025\/04\/DC-es-1024x576.png\"},{\"@type\":\"BreadcrumbList\",\"@id\":\"https:\/\/lomartov.com\/es\/diseminacion-y-comunicacion\/#breadcrumb\",\"itemListElement\":[{\"@type\":\"ListItem\",\"position\":1,\"name\":\"Home\",\"item\":\"https:\/\/lomartov.com\/es\/\"},{\"@type\":\"ListItem\",\"position\":2,\"name\":\"Diseminaci\u00f3n y comunicaci\u00f3n\"}]},{\"@type\":\"WebSite\",\"@id\":\"https:\/\/lomartov.com\/es\/#website\",\"url\":\"https:\/\/lomartov.com\/es\/\",\"name\":\"LOMARTOV\",\"description\":\"Applied Innovation Engineering\",\"potentialAction\":[{\"@type\":\"SearchAction\",\"target\":{\"@type\":\"EntryPoint\",\"urlTemplate\":\"https:\/\/lomartov.com\/es\/?s={search_term_string}\"},\"query-input\":{\"@type\":\"PropertyValueSpecification\",\"valueRequired\":true,\"valueName\":\"search_term_string\"}}],\"inLanguage\":\"es\"}]}<\/script>\n<!-- \/ Yoast SEO plugin. -->","yoast_head_json":{"title":"Diseminaci\u00f3n y comunicaci\u00f3n - LOMARTOV","robots":{"index":"index","follow":"follow","max-snippet":"max-snippet:-1","max-image-preview":"max-image-preview:large","max-video-preview":"max-video-preview:-1"},"canonical":"https:\/\/lomartov.com\/es\/diseminacion-y-comunicacion\/","og_locale":"es_ES","og_type":"article","og_title":"Diseminaci\u00f3n y comunicaci\u00f3n - LOMARTOV","og_description":"\u00bfQu\u00e9 son la diseminaci\u00f3n y la comunicaci\u00f3n? La diseminaci\u00f3n y comunicaci\u00f3n\u00a0(D&amp;C) eficaces\u00a0son clave para garantizar la visibilidad, el impacto y el \u00e9xito de los proyectos de investigaci\u00f3n e innovaci\u00f3n. Estas actividades van m\u00e1s all\u00e1 de la sensibilizaci\u00f3n. Involucran a las partes interesadas, facilitan la transferencia de conocimiento y garantizan que los avances cient\u00edficos y tecnol\u00f3gicos [&hellip;]","og_url":"https:\/\/lomartov.com\/es\/diseminacion-y-comunicacion\/","og_site_name":"LOMARTOV","article_modified_time":"2025-04-11T09:41:42+00:00","og_image":[{"url":"https:\/\/lomartov.com\/wp-content\/uploads\/2025\/04\/DC-es-1024x576.png","type":"","width":"","height":""}],"twitter_card":"summary_large_image","twitter_misc":{"Tiempo de lectura":"2 minutos"},"schema":{"@context":"https:\/\/schema.org","@graph":[{"@type":"WebPage","@id":"https:\/\/lomartov.com\/es\/diseminacion-y-comunicacion\/","url":"https:\/\/lomartov.com\/es\/diseminacion-y-comunicacion\/","name":"Diseminaci\u00f3n y comunicaci\u00f3n - LOMARTOV","isPartOf":{"@id":"https:\/\/lomartov.com\/es\/#website"},"primaryImageOfPage":{"@id":"https:\/\/lomartov.com\/es\/diseminacion-y-comunicacion\/#primaryimage"},"image":{"@id":"https:\/\/lomartov.com\/es\/diseminacion-y-comunicacion\/#primaryimage"},"thumbnailUrl":"https:\/\/lomartov.com\/wp-content\/uploads\/2025\/04\/DC-es-1024x576.png","datePublished":"2021-05-12T11:12:55+00:00","dateModified":"2025-04-11T09:41:42+00:00","breadcrumb":{"@id":"https:\/\/lomartov.com\/es\/diseminacion-y-comunicacion\/#breadcrumb"},"inLanguage":"es","potentialAction":[{"@type":"ReadAction","target":["https:\/\/lomartov.com\/es\/diseminacion-y-comunicacion\/"]}]},{"@type":"ImageObject","inLanguage":"es","@id":"https:\/\/lomartov.com\/es\/diseminacion-y-comunicacion\/#primaryimage","url":"https:\/\/lomartov.com\/wp-content\/uploads\/2025\/04\/DC-es-1024x576.png","contentUrl":"https:\/\/lomartov.com\/wp-content\/uploads\/2025\/04\/DC-es-1024x576.png"},{"@type":"BreadcrumbList","@id":"https:\/\/lomartov.com\/es\/diseminacion-y-comunicacion\/#breadcrumb","itemListElement":[{"@type":"ListItem","position":1,"name":"Home","item":"https:\/\/lomartov.com\/es\/"},{"@type":"ListItem","position":2,"name":"Diseminaci\u00f3n y comunicaci\u00f3n"}]},{"@type":"WebSite","@id":"https:\/\/lomartov.com\/es\/#website","url":"https:\/\/lomartov.com\/es\/","name":"LOMARTOV","description":"Applied Innovation Engineering","potentialAction":[{"@type":"SearchAction","target":{"@type":"EntryPoint","urlTemplate":"https:\/\/lomartov.com\/es\/?s={search_term_string}"},"query-input":{"@type":"PropertyValueSpecification","valueRequired":true,"valueName":"search_term_string"}}],"inLanguage":"es"}]}},"_links":{"self":[{"href":"https:\/\/lomartov.com\/es\/wp-json\/wp\/v2\/pages\/1339","targetHints":{"allow":["GET"]}}],"collection":[{"href":"https:\/\/lomartov.com\/es\/wp-json\/wp\/v2\/pages"}],"about":[{"href":"https:\/\/lomartov.com\/es\/wp-json\/wp\/v2\/types\/page"}],"author":[{"embeddable":true,"href":"https:\/\/lomartov.com\/es\/wp-json\/wp\/v2\/users\/7"}],"replies":[{"embeddable":true,"href":"https:\/\/lomartov.com\/es\/wp-json\/wp\/v2\/comments?post=1339"}],"version-history":[{"count":5,"href":"https:\/\/lomartov.com\/es\/wp-json\/wp\/v2\/pages\/1339\/revisions"}],"predecessor-version":[{"id":5148,"href":"https:\/\/lomartov.com\/es\/wp-json\/wp\/v2\/pages\/1339\/revisions\/5148"}],"wp:attachment":[{"href":"https:\/\/lomartov.com\/es\/wp-json\/wp\/v2\/media?parent=1339"}],"curies":[{"name":"wp","href":"https:\/\/api.w.org\/{rel}","templated":true}]}}