{"id":1346,"date":"2021-05-11T11:09:43","date_gmt":"2021-05-11T11:09:43","guid":{"rendered":"https:\/\/lomartov.com\/ecodiseno-y-acv\/"},"modified":"2025-04-04T05:38:03","modified_gmt":"2025-04-04T05:38:03","slug":"ecodiseno","status":"publish","type":"page","link":"https:\/\/lomartov.com\/es\/ecodiseno\/","title":{"rendered":"Ecodise\u00f1o"},"content":{"rendered":"\t\t<div data-elementor-type=\"wp-page\" data-elementor-id=\"1346\" class=\"elementor elementor-1346 elementor-445\">\n\t\t\t\t<div class=\"elementor-element elementor-element-e4058d1 e-flex e-con-boxed e-con e-parent\" data-id=\"e4058d1\" data-element_type=\"container\">\n\t\t\t\t\t<div class=\"e-con-inner\">\n\t\t\t\t<div class=\"elementor-element elementor-element-ccfd85f elementor-widget elementor-widget-heading\" data-id=\"ccfd85f\" data-element_type=\"widget\" data-widget_type=\"heading.default\">\n\t\t\t\t<div class=\"elementor-widget-container\">\n\t\t\t\t\t<h3 class=\"elementor-heading-title elementor-size-default\">\u00bfQu\u00e9 es el ecodise\u00f1o?\n<\/h3>\t\t\t\t<\/div>\n\t\t\t\t<\/div>\n\t\t\t\t<div class=\"elementor-element elementor-element-b184a53 elementor-widget-divider--view-line elementor-widget elementor-widget-divider\" data-id=\"b184a53\" data-element_type=\"widget\" data-widget_type=\"divider.default\">\n\t\t\t\t<div class=\"elementor-widget-container\">\n\t\t\t\t\t\t\t<div class=\"elementor-divider\">\n\t\t\t<span class=\"elementor-divider-separator\">\n\t\t\t\t\t\t<\/span>\n\t\t<\/div>\n\t\t\t\t\t\t<\/div>\n\t\t\t\t<\/div>\n\t\t\t\t<div class=\"elementor-element elementor-element-35f8009 elementor-widget elementor-widget-text-editor\" data-id=\"35f8009\" data-element_type=\"widget\" data-widget_type=\"text-editor.default\">\n\t\t\t\t<div class=\"elementor-widget-container\">\n\t\t\t\t\t\t\t\t\t<p>El ecodise\u00f1o es la integraci\u00f3n de consideraciones ambientales en la fase de dise\u00f1o de productos y servicios, <b>donde se determina hasta el 80% de su impacto<\/b>. Este enfoque ofrece una visi\u00f3n global, a menudo denominada Dise\u00f1o del Ciclo de Vida, que considera todo el ciclo de vida de un producto, desde la extracci\u00f3n de la materia prima hasta la gesti\u00f3n del final de su vida \u00fatil, a trav\u00e9s de un camino circular de \u00abcuna a cuna\u00bb.<\/p>\t\t\t\t\t\t\t\t<\/div>\n\t\t\t\t<\/div>\n\t\t\t\t\t<\/div>\n\t\t\t\t<\/div>\n\t\t<div class=\"elementor-element elementor-element-5482d12 e-flex e-con-boxed e-con e-parent\" data-id=\"5482d12\" data-element_type=\"container\">\n\t\t\t\t\t<div class=\"e-con-inner\">\n\t\t\t\t<div class=\"elementor-element elementor-element-8fd5be5 elementor-widget elementor-widget-heading\" data-id=\"8fd5be5\" data-element_type=\"widget\" data-widget_type=\"heading.default\">\n\t\t\t\t<div class=\"elementor-widget-container\">\n\t\t\t\t\t<h3 class=\"elementor-heading-title elementor-size-default\">Lo que ofrecemos<\/h3>\t\t\t\t<\/div>\n\t\t\t\t<\/div>\n\t\t\t\t<div class=\"elementor-element elementor-element-e9b1446 elementor-widget-divider--view-line elementor-widget elementor-widget-divider\" data-id=\"e9b1446\" data-element_type=\"widget\" data-widget_type=\"divider.default\">\n\t\t\t\t<div class=\"elementor-widget-container\">\n\t\t\t\t\t\t\t<div class=\"elementor-divider\">\n\t\t\t<span class=\"elementor-divider-separator\">\n\t\t\t\t\t\t<\/span>\n\t\t<\/div>\n\t\t\t\t\t\t<\/div>\n\t\t\t\t<\/div>\n\t\t\t\t<div class=\"elementor-element elementor-element-785af03 elementor-widget elementor-widget-text-editor\" data-id=\"785af03\" data-element_type=\"widget\" data-widget_type=\"text-editor.default\">\n\t\t\t\t<div class=\"elementor-widget-container\">\n\t\t\t\t\t\t\t\t\t<p>En LOMARTOV somos especialistas en\u00a0<strong>soluciones de ecodise\u00f1o<\/strong>\u00a0que permiten a las empresas desarrollar productos y servicios que:<\/p><ul><li>Minimizar el impacto ambiental<\/li><li>Maximizar el rendimiento y la rentabilidad<\/li><\/ul><p>Nuestro enfoque se alinea con los est\u00e1ndares internacionales, incluidos\u00a0<a href=\"https:\/\/www.iso.org\/standard\/72644.html\"><strong>ISO 14006:2020<\/strong>\u00a0<\/a>e\u00a0<strong><a href=\"https:\/\/www.iso.org\/standard\/60857-v2.html\">ISO 14001:2015<\/a><\/strong> , as\u00ed como directivas clave de la UE como la nueva <strong><a href=\"https:\/\/commission.europa.eu\/energy-climate-change-environment\/standards-tools-and-labels\/products-labelling-rules-and-requirements\/ecodesign-sustainable-products-regulation_en\">Directiva de dise\u00f1o ecol\u00f3gico<\/a><\/strong>, que reemplazar\u00e1 la <strong><a href=\"https:\/\/eur-lex.europa.eu\/legal-content\/EN\/TXT\/?uri=CELEX%3A02009L0125-20121204\">Directiva de productos relacionados con la energ\u00eda 2009\/125\/CE<\/a><\/strong>.<\/p>\t\t\t\t\t\t\t\t<\/div>\n\t\t\t\t<\/div>\n\t\t\t\t<div class=\"elementor-element elementor-element-cb8716d elementor-widget elementor-widget-image\" data-id=\"cb8716d\" data-element_type=\"widget\" data-widget_type=\"image.default\">\n\t\t\t\t<div class=\"elementor-widget-container\">\n\t\t\t\t\t\t\t\t\t\t\t\t\t\t\t<img fetchpriority=\"high\" decoding=\"async\" width=\"1024\" height=\"576\" src=\"https:\/\/lomartov.com\/wp-content\/uploads\/2025\/01\/ECODESIGN-FIGURE-1024x576.png\" class=\"attachment-large size-large wp-image-4708\" alt=\"\" srcset=\"https:\/\/lomartov.com\/wp-content\/uploads\/2025\/01\/ECODESIGN-FIGURE-1024x576.png 1024w, https:\/\/lomartov.com\/wp-content\/uploads\/2025\/01\/ECODESIGN-FIGURE-300x169.png 300w, https:\/\/lomartov.com\/wp-content\/uploads\/2025\/01\/ECODESIGN-FIGURE-768x432.png 768w, https:\/\/lomartov.com\/wp-content\/uploads\/2025\/01\/ECODESIGN-FIGURE-1536x864.png 1536w, https:\/\/lomartov.com\/wp-content\/uploads\/2025\/01\/ECODESIGN-FIGURE-2048x1152.png 2048w\" sizes=\"(max-width: 1024px) 100vw, 1024px\" \/>\t\t\t\t\t\t\t\t\t\t\t\t\t\t\t<\/div>\n\t\t\t\t<\/div>\n\t\t\t\t\t<\/div>\n\t\t\t\t<\/div>\n\t\t<div class=\"elementor-element elementor-element-09ef0ad e-flex e-con-boxed e-con e-parent\" data-id=\"09ef0ad\" data-element_type=\"container\">\n\t\t\t\t\t<div class=\"e-con-inner\">\n\t\t\t\t<div class=\"elementor-element elementor-element-a82a911 elementor-widget elementor-widget-heading\" data-id=\"a82a911\" data-element_type=\"widget\" data-widget_type=\"heading.default\">\n\t\t\t\t<div class=\"elementor-widget-container\">\n\t\t\t\t\t<h3 class=\"elementor-heading-title elementor-size-default\">Beneficios para tu innovaci\u00f3n<\/h3>\t\t\t\t<\/div>\n\t\t\t\t<\/div>\n\t\t\t\t<div class=\"elementor-element elementor-element-0c185b5 elementor-widget-divider--view-line elementor-widget elementor-widget-divider\" data-id=\"0c185b5\" data-element_type=\"widget\" data-widget_type=\"divider.default\">\n\t\t\t\t<div class=\"elementor-widget-container\">\n\t\t\t\t\t\t\t<div class=\"elementor-divider\">\n\t\t\t<span class=\"elementor-divider-separator\">\n\t\t\t\t\t\t<\/span>\n\t\t<\/div>\n\t\t\t\t\t\t<\/div>\n\t\t\t\t<\/div>\n\t\t\t\t<div class=\"elementor-element elementor-element-de03a4f elementor-widget elementor-widget-text-editor\" data-id=\"de03a4f\" data-element_type=\"widget\" data-widget_type=\"text-editor.default\">\n\t\t\t\t<div class=\"elementor-widget-container\">\n\t\t\t\t\t\t\t\t\t<ul><li>Costes de producci\u00f3n reducidos gracias a la eficiencia de los recursos y la minimizaci\u00f3n de residuos.<\/li><li>Sostenibilidad econ\u00f3mica y ambiental con procesos optimizados.<\/li><li>Mejora el posicionamiento en el mercado y la confianza del consumidor.<\/li><li>Cumplimiento de normas ISO y normativas medioambientales.<\/li><\/ul>\t\t\t\t\t\t\t\t<\/div>\n\t\t\t\t<\/div>\n\t\t\t\t\t<\/div>\n\t\t\t\t<\/div>\n\t\t\t\t<\/div>\n\t\t","protected":false},"excerpt":{"rendered":"<p>\u00bfQu\u00e9 es el ecodise\u00f1o? El ecodise\u00f1o es la integraci\u00f3n de consideraciones ambientales en la fase de dise\u00f1o de productos y servicios, donde se determina hasta el 80% de su impacto. Este enfoque ofrece una visi\u00f3n global, a menudo denominada Dise\u00f1o del Ciclo de Vida, que considera todo el ciclo de vida de un producto, desde [&hellip;]<\/p>\n","protected":false},"author":7,"featured_media":0,"parent":0,"menu_order":0,"comment_status":"closed","ping_status":"closed","template":"","meta":{"footnotes":""},"class_list":["post-1346","page","type-page","status-publish","hentry"],"yoast_head":"<!-- This site is optimized with the Yoast SEO plugin v24.8.1 - https:\/\/yoast.com\/wordpress\/plugins\/seo\/ -->\n<title>Ecodise\u00f1o - LOMARTOV<\/title>\n<meta name=\"robots\" content=\"index, follow, max-snippet:-1, max-image-preview:large, max-video-preview:-1\" \/>\n<link rel=\"canonical\" href=\"https:\/\/lomartov.com\/es\/ecodiseno\/\" \/>\n<meta property=\"og:locale\" content=\"es_ES\" \/>\n<meta property=\"og:type\" content=\"article\" \/>\n<meta property=\"og:title\" content=\"Ecodise\u00f1o - LOMARTOV\" \/>\n<meta property=\"og:description\" content=\"\u00bfQu\u00e9 es el ecodise\u00f1o? El ecodise\u00f1o es la integraci\u00f3n de consideraciones ambientales en la fase de dise\u00f1o de productos y servicios, donde se determina hasta el 80% de su impacto. Este enfoque ofrece una visi\u00f3n global, a menudo denominada Dise\u00f1o del Ciclo de Vida, que considera todo el ciclo de vida de un producto, desde [&hellip;]\" \/>\n<meta property=\"og:url\" content=\"https:\/\/lomartov.com\/es\/ecodiseno\/\" \/>\n<meta property=\"og:site_name\" content=\"LOMARTOV\" \/>\n<meta property=\"article:modified_time\" content=\"2025-04-04T05:38:03+00:00\" \/>\n<meta property=\"og:image\" content=\"https:\/\/lomartov.com\/wp-content\/uploads\/2025\/01\/ECODESIGN-FIGURE.png\" \/>\n\t<meta property=\"og:image:width\" content=\"3840\" \/>\n\t<meta property=\"og:image:height\" content=\"2160\" \/>\n\t<meta property=\"og:image:type\" content=\"image\/png\" \/>\n<meta name=\"twitter:card\" content=\"summary_large_image\" \/>\n<meta name=\"twitter:label1\" content=\"Tiempo de lectura\" \/>\n\t<meta name=\"twitter:data1\" content=\"2 minutos\" \/>\n<script type=\"application\/ld+json\" class=\"yoast-schema-graph\">{\"@context\":\"https:\/\/schema.org\",\"@graph\":[{\"@type\":\"WebPage\",\"@id\":\"https:\/\/lomartov.com\/es\/ecodiseno\/\",\"url\":\"https:\/\/lomartov.com\/es\/ecodiseno\/\",\"name\":\"Ecodise\u00f1o - LOMARTOV\",\"isPartOf\":{\"@id\":\"https:\/\/lomartov.com\/es\/#website\"},\"primaryImageOfPage\":{\"@id\":\"https:\/\/lomartov.com\/es\/ecodiseno\/#primaryimage\"},\"image\":{\"@id\":\"https:\/\/lomartov.com\/es\/ecodiseno\/#primaryimage\"},\"thumbnailUrl\":\"https:\/\/lomartov.com\/wp-content\/uploads\/2025\/01\/ECODESIGN-FIGURE-1024x576.png\",\"datePublished\":\"2021-05-11T11:09:43+00:00\",\"dateModified\":\"2025-04-04T05:38:03+00:00\",\"breadcrumb\":{\"@id\":\"https:\/\/lomartov.com\/es\/ecodiseno\/#breadcrumb\"},\"inLanguage\":\"es\",\"potentialAction\":[{\"@type\":\"ReadAction\",\"target\":[\"https:\/\/lomartov.com\/es\/ecodiseno\/\"]}]},{\"@type\":\"ImageObject\",\"inLanguage\":\"es\",\"@id\":\"https:\/\/lomartov.com\/es\/ecodiseno\/#primaryimage\",\"url\":\"https:\/\/lomartov.com\/wp-content\/uploads\/2025\/01\/ECODESIGN-FIGURE-1024x576.png\",\"contentUrl\":\"https:\/\/lomartov.com\/wp-content\/uploads\/2025\/01\/ECODESIGN-FIGURE-1024x576.png\"},{\"@type\":\"BreadcrumbList\",\"@id\":\"https:\/\/lomartov.com\/es\/ecodiseno\/#breadcrumb\",\"itemListElement\":[{\"@type\":\"ListItem\",\"position\":1,\"name\":\"Home\",\"item\":\"https:\/\/lomartov.com\/es\/\"},{\"@type\":\"ListItem\",\"position\":2,\"name\":\"Ecodise\u00f1o\"}]},{\"@type\":\"WebSite\",\"@id\":\"https:\/\/lomartov.com\/es\/#website\",\"url\":\"https:\/\/lomartov.com\/es\/\",\"name\":\"LOMARTOV\",\"description\":\"Applied Innovation Engineering\",\"potentialAction\":[{\"@type\":\"SearchAction\",\"target\":{\"@type\":\"EntryPoint\",\"urlTemplate\":\"https:\/\/lomartov.com\/es\/?s={search_term_string}\"},\"query-input\":{\"@type\":\"PropertyValueSpecification\",\"valueRequired\":true,\"valueName\":\"search_term_string\"}}],\"inLanguage\":\"es\"}]}<\/script>\n<!-- \/ Yoast SEO plugin. -->","yoast_head_json":{"title":"Ecodise\u00f1o - LOMARTOV","robots":{"index":"index","follow":"follow","max-snippet":"max-snippet:-1","max-image-preview":"max-image-preview:large","max-video-preview":"max-video-preview:-1"},"canonical":"https:\/\/lomartov.com\/es\/ecodiseno\/","og_locale":"es_ES","og_type":"article","og_title":"Ecodise\u00f1o - LOMARTOV","og_description":"\u00bfQu\u00e9 es el ecodise\u00f1o? El ecodise\u00f1o es la integraci\u00f3n de consideraciones ambientales en la fase de dise\u00f1o de productos y servicios, donde se determina hasta el 80% de su impacto. Este enfoque ofrece una visi\u00f3n global, a menudo denominada Dise\u00f1o del Ciclo de Vida, que considera todo el ciclo de vida de un producto, desde [&hellip;]","og_url":"https:\/\/lomartov.com\/es\/ecodiseno\/","og_site_name":"LOMARTOV","article_modified_time":"2025-04-04T05:38:03+00:00","og_image":[{"width":3840,"height":2160,"url":"https:\/\/lomartov.com\/wp-content\/uploads\/2025\/01\/ECODESIGN-FIGURE.png","type":"image\/png"}],"twitter_card":"summary_large_image","twitter_misc":{"Tiempo de lectura":"2 minutos"},"schema":{"@context":"https:\/\/schema.org","@graph":[{"@type":"WebPage","@id":"https:\/\/lomartov.com\/es\/ecodiseno\/","url":"https:\/\/lomartov.com\/es\/ecodiseno\/","name":"Ecodise\u00f1o - LOMARTOV","isPartOf":{"@id":"https:\/\/lomartov.com\/es\/#website"},"primaryImageOfPage":{"@id":"https:\/\/lomartov.com\/es\/ecodiseno\/#primaryimage"},"image":{"@id":"https:\/\/lomartov.com\/es\/ecodiseno\/#primaryimage"},"thumbnailUrl":"https:\/\/lomartov.com\/wp-content\/uploads\/2025\/01\/ECODESIGN-FIGURE-1024x576.png","datePublished":"2021-05-11T11:09:43+00:00","dateModified":"2025-04-04T05:38:03+00:00","breadcrumb":{"@id":"https:\/\/lomartov.com\/es\/ecodiseno\/#breadcrumb"},"inLanguage":"es","potentialAction":[{"@type":"ReadAction","target":["https:\/\/lomartov.com\/es\/ecodiseno\/"]}]},{"@type":"ImageObject","inLanguage":"es","@id":"https:\/\/lomartov.com\/es\/ecodiseno\/#primaryimage","url":"https:\/\/lomartov.com\/wp-content\/uploads\/2025\/01\/ECODESIGN-FIGURE-1024x576.png","contentUrl":"https:\/\/lomartov.com\/wp-content\/uploads\/2025\/01\/ECODESIGN-FIGURE-1024x576.png"},{"@type":"BreadcrumbList","@id":"https:\/\/lomartov.com\/es\/ecodiseno\/#breadcrumb","itemListElement":[{"@type":"ListItem","position":1,"name":"Home","item":"https:\/\/lomartov.com\/es\/"},{"@type":"ListItem","position":2,"name":"Ecodise\u00f1o"}]},{"@type":"WebSite","@id":"https:\/\/lomartov.com\/es\/#website","url":"https:\/\/lomartov.com\/es\/","name":"LOMARTOV","description":"Applied Innovation Engineering","potentialAction":[{"@type":"SearchAction","target":{"@type":"EntryPoint","urlTemplate":"https:\/\/lomartov.com\/es\/?s={search_term_string}"},"query-input":{"@type":"PropertyValueSpecification","valueRequired":true,"valueName":"search_term_string"}}],"inLanguage":"es"}]}},"_links":{"self":[{"href":"https:\/\/lomartov.com\/es\/wp-json\/wp\/v2\/pages\/1346","targetHints":{"allow":["GET"]}}],"collection":[{"href":"https:\/\/lomartov.com\/es\/wp-json\/wp\/v2\/pages"}],"about":[{"href":"https:\/\/lomartov.com\/es\/wp-json\/wp\/v2\/types\/page"}],"author":[{"embeddable":true,"href":"https:\/\/lomartov.com\/es\/wp-json\/wp\/v2\/users\/7"}],"replies":[{"embeddable":true,"href":"https:\/\/lomartov.com\/es\/wp-json\/wp\/v2\/comments?post=1346"}],"version-history":[{"count":5,"href":"https:\/\/lomartov.com\/es\/wp-json\/wp\/v2\/pages\/1346\/revisions"}],"predecessor-version":[{"id":5071,"href":"https:\/\/lomartov.com\/es\/wp-json\/wp\/v2\/pages\/1346\/revisions\/5071"}],"wp:attachment":[{"href":"https:\/\/lomartov.com\/es\/wp-json\/wp\/v2\/media?parent=1346"}],"curies":[{"name":"wp","href":"https:\/\/api.w.org\/{rel}","templated":true}]}}