{"id":1352,"date":"2021-05-12T11:29:05","date_gmt":"2021-05-12T11:29:05","guid":{"rendered":"https:\/\/lomartov.com\/certificaciones\/"},"modified":"2025-05-09T07:32:19","modified_gmt":"2025-05-09T07:32:19","slug":"analisis-del-ciclo-de-vida-acv","status":"publish","type":"page","link":"https:\/\/lomartov.com\/es\/analisis-del-ciclo-de-vida-acv\/","title":{"rendered":"An\u00e1lisis del Ciclo de Vida (ACV)"},"content":{"rendered":"\t\t<div data-elementor-type=\"wp-page\" data-elementor-id=\"1352\" class=\"elementor elementor-1352 elementor-555\">\n\t\t\t\t<div class=\"elementor-element elementor-element-495a2e7 e-flex e-con-boxed e-con e-parent\" data-id=\"495a2e7\" data-element_type=\"container\">\n\t\t\t\t\t<div class=\"e-con-inner\">\n\t\t\t\t<div class=\"elementor-element elementor-element-d009dac elementor-widget elementor-widget-heading\" data-id=\"d009dac\" data-element_type=\"widget\" data-widget_type=\"heading.default\">\n\t\t\t\t<div class=\"elementor-widget-container\">\n\t\t\t\t\t<h3 class=\"elementor-heading-title elementor-size-default\">\u00bfQu\u00e9 es el An\u00e1lisis del Ciclo de Vida?\n<\/h3>\t\t\t\t<\/div>\n\t\t\t\t<\/div>\n\t\t\t\t<div class=\"elementor-element elementor-element-72a6d9d elementor-widget-divider--view-line elementor-widget elementor-widget-divider\" data-id=\"72a6d9d\" data-element_type=\"widget\" data-widget_type=\"divider.default\">\n\t\t\t\t<div class=\"elementor-widget-container\">\n\t\t\t\t\t\t\t<div class=\"elementor-divider\">\n\t\t\t<span class=\"elementor-divider-separator\">\n\t\t\t\t\t\t<\/span>\n\t\t<\/div>\n\t\t\t\t\t\t<\/div>\n\t\t\t\t<\/div>\n\t\t\t\t<div class=\"elementor-element elementor-element-a9e2ca1 elementor-widget elementor-widget-text-editor\" data-id=\"a9e2ca1\" data-element_type=\"widget\" data-widget_type=\"text-editor.default\">\n\t\t\t\t<div class=\"elementor-widget-container\">\n\t\t\t\t\t\t\t\t\t<p><strong>El \u00e1n\u00e1lisis del Ciclo de Vida (ACV)<\/strong> es una metodolog\u00eda estandarizada que se utiliza para evaluar el impacto ambiental de un producto, proceso o servicio a lo largo de todo su ciclo de vida: desde la extracci\u00f3n de la materia prima hasta la producci\u00f3n, distribuci\u00f3n, uso y eliminaci\u00f3n al final de su vida \u00fatil<\/p>\t\t\t\t\t\t\t\t<\/div>\n\t\t\t\t<\/div>\n\t\t\t\t<div class=\"elementor-element elementor-element-a7f70cf elementor-widget elementor-widget-heading\" data-id=\"a7f70cf\" data-element_type=\"widget\" data-widget_type=\"heading.default\">\n\t\t\t\t<div class=\"elementor-widget-container\">\n\t\t\t\t\t<h3 class=\"elementor-heading-title elementor-size-default\">Lo que ofrecemos<\/h3>\t\t\t\t<\/div>\n\t\t\t\t<\/div>\n\t\t\t\t<div class=\"elementor-element elementor-element-c2f1b99 elementor-widget-divider--view-line elementor-widget elementor-widget-divider\" data-id=\"c2f1b99\" data-element_type=\"widget\" data-widget_type=\"divider.default\">\n\t\t\t\t<div class=\"elementor-widget-container\">\n\t\t\t\t\t\t\t<div class=\"elementor-divider\">\n\t\t\t<span class=\"elementor-divider-separator\">\n\t\t\t\t\t\t<\/span>\n\t\t<\/div>\n\t\t\t\t\t\t<\/div>\n\t\t\t\t<\/div>\n\t\t\t\t<div class=\"elementor-element elementor-element-0dbcced elementor-widget elementor-widget-text-editor\" data-id=\"0dbcced\" data-element_type=\"widget\" data-widget_type=\"text-editor.default\">\n\t\t\t\t<div class=\"elementor-widget-container\">\n\t\t\t\t\t\t\t\t\t<div class=\"elementor-element elementor-element-3280994 elementor-widget elementor-widget-text-editor\" data-id=\"3280994\" data-element_type=\"widget\" data-widget_type=\"text-editor.default\"><div class=\"elementor-widget-container\"><p><span>En LOMARTOV, integramos el ACV como herramienta de toma de decisiones para ayudar a las empresas, proyectos de investigaci\u00f3n y responsables pol\u00edticos a desarrollar soluciones m\u00e1s sostenibles y circulares, reduciendo su huella ambiental y garantizando el cumplimiento de las regulaciones europeas.<\/span><\/p><\/div><\/div>\t\t\t\t\t\t\t\t<\/div>\n\t\t\t\t<\/div>\n\t\t\t\t<div class=\"elementor-element elementor-element-5415833 elementor-widget elementor-widget-heading\" data-id=\"5415833\" data-element_type=\"widget\" data-widget_type=\"heading.default\">\n\t\t\t\t<div class=\"elementor-widget-container\">\n\t\t\t\t\t<h3 class=\"elementor-heading-title elementor-size-default\">Nuestros servicios de ACV<\/h3>\t\t\t\t<\/div>\n\t\t\t\t<\/div>\n\t\t\t\t<div class=\"elementor-element elementor-element-5b15020 elementor-widget-divider--view-line elementor-widget elementor-widget-divider\" data-id=\"5b15020\" data-element_type=\"widget\" data-widget_type=\"divider.default\">\n\t\t\t\t<div class=\"elementor-widget-container\">\n\t\t\t\t\t\t\t<div class=\"elementor-divider\">\n\t\t\t<span class=\"elementor-divider-separator\">\n\t\t\t\t\t\t<\/span>\n\t\t<\/div>\n\t\t\t\t\t\t<\/div>\n\t\t\t\t<\/div>\n\t\t\t\t<div class=\"elementor-element elementor-element-173e201 elementor-widget elementor-widget-image\" data-id=\"173e201\" data-element_type=\"widget\" data-widget_type=\"image.default\">\n\t\t\t\t<div class=\"elementor-widget-container\">\n\t\t\t\t\t\t\t\t\t\t\t\t\t\t\t<img fetchpriority=\"high\" decoding=\"async\" width=\"1024\" height=\"576\" src=\"https:\/\/lomartov.com\/wp-content\/uploads\/2025\/05\/ECODESIGN-FIGURE-8-1024x576.png\" class=\"attachment-large size-large wp-image-5247\" alt=\"\" srcset=\"https:\/\/lomartov.com\/wp-content\/uploads\/2025\/05\/ECODESIGN-FIGURE-8-1024x576.png 1024w, https:\/\/lomartov.com\/wp-content\/uploads\/2025\/05\/ECODESIGN-FIGURE-8-300x169.png 300w, https:\/\/lomartov.com\/wp-content\/uploads\/2025\/05\/ECODESIGN-FIGURE-8-768x432.png 768w, https:\/\/lomartov.com\/wp-content\/uploads\/2025\/05\/ECODESIGN-FIGURE-8-1536x864.png 1536w, https:\/\/lomartov.com\/wp-content\/uploads\/2025\/05\/ECODESIGN-FIGURE-8-2048x1152.png 2048w\" sizes=\"(max-width: 1024px) 100vw, 1024px\" \/>\t\t\t\t\t\t\t\t\t\t\t\t\t\t\t<\/div>\n\t\t\t\t<\/div>\n\t\t\t\t<div class=\"elementor-element elementor-element-92c054c elementor-widget elementor-widget-heading\" data-id=\"92c054c\" data-element_type=\"widget\" data-widget_type=\"heading.default\">\n\t\t\t\t<div class=\"elementor-widget-container\">\n\t\t\t\t\t<h3 class=\"elementor-heading-title elementor-size-default\">Beneficios para tu innovaci\u00f3n<\/h3>\t\t\t\t<\/div>\n\t\t\t\t<\/div>\n\t\t\t\t<div class=\"elementor-element elementor-element-2bf2e82 elementor-widget-divider--view-line elementor-widget elementor-widget-divider\" data-id=\"2bf2e82\" data-element_type=\"widget\" data-widget_type=\"divider.default\">\n\t\t\t\t<div class=\"elementor-widget-container\">\n\t\t\t\t\t\t\t<div class=\"elementor-divider\">\n\t\t\t<span class=\"elementor-divider-separator\">\n\t\t\t\t\t\t<\/span>\n\t\t<\/div>\n\t\t\t\t\t\t<\/div>\n\t\t\t\t<\/div>\n\t\t\t\t<div class=\"elementor-element elementor-element-2ba32f2 elementor-widget elementor-widget-text-editor\" data-id=\"2ba32f2\" data-element_type=\"widget\" data-widget_type=\"text-editor.default\">\n\t\t\t\t<div class=\"elementor-widget-container\">\n\t\t\t\t\t\t\t\t\t<ul><li>Toma de decisiones basada en datos para procesos optimizados.<\/li><li>Cumplimiento normativo y certificaciones ecolabel.<\/li><li>Competitividad en el mercado apostando por la sostenibilidad.<\/li><li>Optimizaci\u00f3n de recursos, ahorro de costes y eficiencia mejorada.<\/li><\/ul>\t\t\t\t\t\t\t\t<\/div>\n\t\t\t\t<\/div>\n\t\t\t\t\t<\/div>\n\t\t\t\t<\/div>\n\t\t\t\t<\/div>\n\t\t","protected":false},"excerpt":{"rendered":"<p>\u00bfQu\u00e9 es el An\u00e1lisis del Ciclo de Vida? El \u00e1n\u00e1lisis del Ciclo de Vida (ACV) es una metodolog\u00eda estandarizada que se utiliza para evaluar el impacto ambiental de un producto, proceso o servicio a lo largo de todo su ciclo de vida: desde la extracci\u00f3n de la materia prima hasta la producci\u00f3n, distribuci\u00f3n, uso y [&hellip;]<\/p>\n","protected":false},"author":7,"featured_media":0,"parent":0,"menu_order":0,"comment_status":"closed","ping_status":"closed","template":"","meta":{"footnotes":""},"class_list":["post-1352","page","type-page","status-publish","hentry"],"yoast_head":"<!-- This site is optimized with the Yoast SEO plugin v24.8.1 - https:\/\/yoast.com\/wordpress\/plugins\/seo\/ -->\n<title>An\u00e1lisis del Ciclo de Vida (ACV) - LOMARTOV<\/title>\n<meta name=\"description\" content=\"Facilitamos la comprensi\u00f3n y reducci\u00f3n del impacto ambiental de sus procesos, a trav\u00e9s del An\u00e1lisis del Ciclo de Vida (ACV).\" \/>\n<meta name=\"robots\" content=\"index, follow, max-snippet:-1, max-image-preview:large, max-video-preview:-1\" \/>\n<link rel=\"canonical\" href=\"https:\/\/lomartov.com\/es\/analisis-del-ciclo-de-vida-acv\/\" \/>\n<meta property=\"og:locale\" content=\"es_ES\" \/>\n<meta property=\"og:type\" content=\"article\" \/>\n<meta property=\"og:title\" content=\"An\u00e1lisis del Ciclo de Vida (ACV) - LOMARTOV\" \/>\n<meta property=\"og:description\" content=\"Facilitamos la comprensi\u00f3n y reducci\u00f3n del impacto ambiental de sus procesos, a trav\u00e9s del An\u00e1lisis del Ciclo de Vida (ACV).\" \/>\n<meta property=\"og:url\" content=\"https:\/\/lomartov.com\/es\/analisis-del-ciclo-de-vida-acv\/\" \/>\n<meta property=\"og:site_name\" content=\"LOMARTOV\" \/>\n<meta property=\"article:modified_time\" content=\"2025-05-09T07:32:19+00:00\" \/>\n<meta property=\"og:image\" content=\"https:\/\/lomartov.com\/wp-content\/uploads\/2025\/05\/ECODESIGN-FIGURE-8.png\" \/>\n\t<meta property=\"og:image:width\" content=\"3840\" \/>\n\t<meta property=\"og:image:height\" content=\"2160\" \/>\n\t<meta property=\"og:image:type\" content=\"image\/png\" \/>\n<meta name=\"twitter:card\" content=\"summary_large_image\" \/>\n<meta name=\"twitter:label1\" content=\"Tiempo de lectura\" \/>\n\t<meta name=\"twitter:data1\" content=\"2 minutos\" \/>\n<script type=\"application\/ld+json\" class=\"yoast-schema-graph\">{\"@context\":\"https:\/\/schema.org\",\"@graph\":[{\"@type\":\"WebPage\",\"@id\":\"https:\/\/lomartov.com\/es\/analisis-del-ciclo-de-vida-acv\/\",\"url\":\"https:\/\/lomartov.com\/es\/analisis-del-ciclo-de-vida-acv\/\",\"name\":\"An\u00e1lisis del Ciclo de Vida (ACV) - LOMARTOV\",\"isPartOf\":{\"@id\":\"https:\/\/lomartov.com\/es\/#website\"},\"primaryImageOfPage\":{\"@id\":\"https:\/\/lomartov.com\/es\/analisis-del-ciclo-de-vida-acv\/#primaryimage\"},\"image\":{\"@id\":\"https:\/\/lomartov.com\/es\/analisis-del-ciclo-de-vida-acv\/#primaryimage\"},\"thumbnailUrl\":\"https:\/\/lomartov.com\/wp-content\/uploads\/2025\/05\/ECODESIGN-FIGURE-8-1024x576.png\",\"datePublished\":\"2021-05-12T11:29:05+00:00\",\"dateModified\":\"2025-05-09T07:32:19+00:00\",\"description\":\"Facilitamos la comprensi\u00f3n y reducci\u00f3n del impacto ambiental de sus procesos, a trav\u00e9s del An\u00e1lisis del Ciclo de Vida (ACV).\",\"breadcrumb\":{\"@id\":\"https:\/\/lomartov.com\/es\/analisis-del-ciclo-de-vida-acv\/#breadcrumb\"},\"inLanguage\":\"es\",\"potentialAction\":[{\"@type\":\"ReadAction\",\"target\":[\"https:\/\/lomartov.com\/es\/analisis-del-ciclo-de-vida-acv\/\"]}]},{\"@type\":\"ImageObject\",\"inLanguage\":\"es\",\"@id\":\"https:\/\/lomartov.com\/es\/analisis-del-ciclo-de-vida-acv\/#primaryimage\",\"url\":\"https:\/\/lomartov.com\/wp-content\/uploads\/2025\/05\/ECODESIGN-FIGURE-8-1024x576.png\",\"contentUrl\":\"https:\/\/lomartov.com\/wp-content\/uploads\/2025\/05\/ECODESIGN-FIGURE-8-1024x576.png\"},{\"@type\":\"BreadcrumbList\",\"@id\":\"https:\/\/lomartov.com\/es\/analisis-del-ciclo-de-vida-acv\/#breadcrumb\",\"itemListElement\":[{\"@type\":\"ListItem\",\"position\":1,\"name\":\"Home\",\"item\":\"https:\/\/lomartov.com\/es\/\"},{\"@type\":\"ListItem\",\"position\":2,\"name\":\"An\u00e1lisis del Ciclo de Vida (ACV)\"}]},{\"@type\":\"WebSite\",\"@id\":\"https:\/\/lomartov.com\/es\/#website\",\"url\":\"https:\/\/lomartov.com\/es\/\",\"name\":\"LOMARTOV\",\"description\":\"Applied Innovation Engineering\",\"potentialAction\":[{\"@type\":\"SearchAction\",\"target\":{\"@type\":\"EntryPoint\",\"urlTemplate\":\"https:\/\/lomartov.com\/es\/?s={search_term_string}\"},\"query-input\":{\"@type\":\"PropertyValueSpecification\",\"valueRequired\":true,\"valueName\":\"search_term_string\"}}],\"inLanguage\":\"es\"}]}<\/script>\n<!-- \/ Yoast SEO plugin. -->","yoast_head_json":{"title":"An\u00e1lisis del Ciclo de Vida (ACV) - LOMARTOV","description":"Facilitamos la comprensi\u00f3n y reducci\u00f3n del impacto ambiental de sus procesos, a trav\u00e9s del An\u00e1lisis del Ciclo de Vida (ACV).","robots":{"index":"index","follow":"follow","max-snippet":"max-snippet:-1","max-image-preview":"max-image-preview:large","max-video-preview":"max-video-preview:-1"},"canonical":"https:\/\/lomartov.com\/es\/analisis-del-ciclo-de-vida-acv\/","og_locale":"es_ES","og_type":"article","og_title":"An\u00e1lisis del Ciclo de Vida (ACV) - LOMARTOV","og_description":"Facilitamos la comprensi\u00f3n y reducci\u00f3n del impacto ambiental de sus procesos, a trav\u00e9s del An\u00e1lisis del Ciclo de Vida (ACV).","og_url":"https:\/\/lomartov.com\/es\/analisis-del-ciclo-de-vida-acv\/","og_site_name":"LOMARTOV","article_modified_time":"2025-05-09T07:32:19+00:00","og_image":[{"width":3840,"height":2160,"url":"https:\/\/lomartov.com\/wp-content\/uploads\/2025\/05\/ECODESIGN-FIGURE-8.png","type":"image\/png"}],"twitter_card":"summary_large_image","twitter_misc":{"Tiempo de lectura":"2 minutos"},"schema":{"@context":"https:\/\/schema.org","@graph":[{"@type":"WebPage","@id":"https:\/\/lomartov.com\/es\/analisis-del-ciclo-de-vida-acv\/","url":"https:\/\/lomartov.com\/es\/analisis-del-ciclo-de-vida-acv\/","name":"An\u00e1lisis del Ciclo de Vida (ACV) - LOMARTOV","isPartOf":{"@id":"https:\/\/lomartov.com\/es\/#website"},"primaryImageOfPage":{"@id":"https:\/\/lomartov.com\/es\/analisis-del-ciclo-de-vida-acv\/#primaryimage"},"image":{"@id":"https:\/\/lomartov.com\/es\/analisis-del-ciclo-de-vida-acv\/#primaryimage"},"thumbnailUrl":"https:\/\/lomartov.com\/wp-content\/uploads\/2025\/05\/ECODESIGN-FIGURE-8-1024x576.png","datePublished":"2021-05-12T11:29:05+00:00","dateModified":"2025-05-09T07:32:19+00:00","description":"Facilitamos la comprensi\u00f3n y reducci\u00f3n del impacto ambiental de sus procesos, a trav\u00e9s del An\u00e1lisis del Ciclo de Vida (ACV).","breadcrumb":{"@id":"https:\/\/lomartov.com\/es\/analisis-del-ciclo-de-vida-acv\/#breadcrumb"},"inLanguage":"es","potentialAction":[{"@type":"ReadAction","target":["https:\/\/lomartov.com\/es\/analisis-del-ciclo-de-vida-acv\/"]}]},{"@type":"ImageObject","inLanguage":"es","@id":"https:\/\/lomartov.com\/es\/analisis-del-ciclo-de-vida-acv\/#primaryimage","url":"https:\/\/lomartov.com\/wp-content\/uploads\/2025\/05\/ECODESIGN-FIGURE-8-1024x576.png","contentUrl":"https:\/\/lomartov.com\/wp-content\/uploads\/2025\/05\/ECODESIGN-FIGURE-8-1024x576.png"},{"@type":"BreadcrumbList","@id":"https:\/\/lomartov.com\/es\/analisis-del-ciclo-de-vida-acv\/#breadcrumb","itemListElement":[{"@type":"ListItem","position":1,"name":"Home","item":"https:\/\/lomartov.com\/es\/"},{"@type":"ListItem","position":2,"name":"An\u00e1lisis del Ciclo de Vida (ACV)"}]},{"@type":"WebSite","@id":"https:\/\/lomartov.com\/es\/#website","url":"https:\/\/lomartov.com\/es\/","name":"LOMARTOV","description":"Applied Innovation Engineering","potentialAction":[{"@type":"SearchAction","target":{"@type":"EntryPoint","urlTemplate":"https:\/\/lomartov.com\/es\/?s={search_term_string}"},"query-input":{"@type":"PropertyValueSpecification","valueRequired":true,"valueName":"search_term_string"}}],"inLanguage":"es"}]}},"_links":{"self":[{"href":"https:\/\/lomartov.com\/es\/wp-json\/wp\/v2\/pages\/1352","targetHints":{"allow":["GET"]}}],"collection":[{"href":"https:\/\/lomartov.com\/es\/wp-json\/wp\/v2\/pages"}],"about":[{"href":"https:\/\/lomartov.com\/es\/wp-json\/wp\/v2\/types\/page"}],"author":[{"embeddable":true,"href":"https:\/\/lomartov.com\/es\/wp-json\/wp\/v2\/users\/7"}],"replies":[{"embeddable":true,"href":"https:\/\/lomartov.com\/es\/wp-json\/wp\/v2\/comments?post=1352"}],"version-history":[{"count":5,"href":"https:\/\/lomartov.com\/es\/wp-json\/wp\/v2\/pages\/1352\/revisions"}],"predecessor-version":[{"id":5252,"href":"https:\/\/lomartov.com\/es\/wp-json\/wp\/v2\/pages\/1352\/revisions\/5252"}],"wp:attachment":[{"href":"https:\/\/lomartov.com\/es\/wp-json\/wp\/v2\/media?parent=1352"}],"curies":[{"name":"wp","href":"https:\/\/api.w.org\/{rel}","templated":true}]}}