{"id":1417,"date":"2021-05-25T15:35:25","date_gmt":"2021-05-25T15:35:25","guid":{"rendered":"https:\/\/lomartov.com\/cookies-policy\/"},"modified":"2024-12-12T17:20:22","modified_gmt":"2024-12-12T17:20:22","slug":"politica-de-cookies","status":"publish","type":"page","link":"https:\/\/lomartov.com\/es\/politica-de-cookies\/","title":{"rendered":"Pol\u00edtica de cookies"},"content":{"rendered":"\r\n<p>Lomartov S.L. informa acerca del uso de las cookies en su p\u00e1gina web: https:\/\/www.lomartov.com\/<\/p>\r\n\r\n\r\n\r\n<p><strong>\u00bfQu\u00e9 son las cookies?<\/strong><\/p>\r\n\r\n\r\n\r\n<p>Las cookies son archivos que se pueden descargar en su equipo a trav\u00e9s de las p\u00e1ginas web. Son herramientas que tienen un papel esencial para la prestaci\u00f3n de numerosos servicios de la sociedad de la informaci\u00f3n. Entre otros, permiten a una p\u00e1gina web almacenar y recuperar informaci\u00f3n sobre los h\u00e1bitos de navegaci\u00f3n de un usuario o de su equipo y, dependiendo de la informaci\u00f3n obtenida, se pueden utilizar para reconocer al usuario y mejorar el servicio ofrecido.<\/p>\r\n\r\n\r\n\r\n<p><strong>Tipos de cookies<\/strong><\/p>\r\n\r\n\r\n\r\n<p>Seg\u00fan quien sea la entidad que gestione el dominio desde donde se env\u00edan las cookies y trate los datos que se obtengan se pueden distinguir dos tipos:<\/p>\r\n\r\n\r\n\r\n<ul class=\"wp-block-list\">\r\n<li>Cookies propias: Aqu\u00e9llas que se env\u00edan al equipo terminal del usuario desde un equipo o dominio gestionado por el propio editor y desde el que se presta el servicio solicitado por el usuario.<\/li>\r\n<li>Cookies de terceros: Aqu\u00e9llas que se env\u00edan al equipo terminal del usuario desde un equipo o dominio que no es gestionado por el editor, sino por otra entidad que trata los datos obtenidos trav\u00e9s de las cookies.<\/li>\r\n<\/ul>\r\n\r\n\r\n\r\n<p>En el caso de que las cookies sean instaladas desde un equipo o dominio gestionado por el propio editor pero la informaci\u00f3n que se recoja mediante \u00e9stas sea gestionada por un tercero, no pueden ser consideradas como cookies propias.<\/p>\r\n\r\n\r\n\r\n<p>Existe tambi\u00e9n una segunda clasificaci\u00f3n seg\u00fan el plazo de tiempo que permanecen almacenadas en el navegador del cliente, pudiendo tratarse de:<\/p>\r\n\r\n\r\n\r\n<ul class=\"wp-block-list\">\r\n<li>Cookies de sesi\u00f3n: Dise\u00f1adas para recabar y almacenar datos mientras el usuario accede a una p\u00e1gina web. Se suelen emplear para almacenar informaci\u00f3n que solo interesa conservar para la prestaci\u00f3n del servicio solicitado por el usuario en una sola ocasi\u00f3n (p.e. una lista de productos adquiridos).<\/li>\r\n<li>Cookies persistentes: Los datos siguen almacenados en el terminal y pueden ser accedidos y tratados durante un periodo definido por el responsable de la cookie, y que puede ir de unos minutos a varios a\u00f1os.<\/li>\r\n<\/ul>\r\n\r\n\r\n\r\n<p>Por \u00faltimo, existe otra clasificaci\u00f3n con seis tipos de cookies seg\u00fan la finalidad para la que se traten los datos obtenidos:<\/p>\r\n\r\n\r\n\r\n<ul class=\"wp-block-list\">\r\n<li>Cookies t\u00e9cnicas: Aquellas que permiten al usuario la navegaci\u00f3n a trav\u00e9s de una p\u00e1gina web, plataforma o aplicaci\u00f3n y la utilizaci\u00f3n de las diferentes opciones o servicios que en ella existan como, por ejemplo, controlar el tr\u00e1fico y la comunicaci\u00f3n de datos, identificar la sesi\u00f3n, acceder a partes de acceso restringido, recordar los elementos que integran un pedido, realizar el proceso de compra de un pedido, realizar la solicitud de inscripci\u00f3n o participaci\u00f3n en un evento, utilizar elementos de seguridad durante la navegaci\u00f3n, almacenar contenidos para la difusi\u00f3n de v\u00eddeos o sonido o compartir contenidos a trav\u00e9s de redes sociales.<\/li>\r\n<li>Cookies de personalizaci\u00f3n: Permiten al usuario acceder al servicio con algunas caracter\u00edsticas de car\u00e1cter general predefinidas en funci\u00f3n de una serie de criterios en el terminal del usuario como por ejemplo serian el idioma, el tipo de navegador a trav\u00e9s del cual accede al servicio, la configuraci\u00f3n regional desde donde accede al servicio, etc.<\/li>\r\n<li>Cookies de an\u00e1lisis: Permiten al responsable de las mismas, el seguimiento y an\u00e1lisis del comportamiento de los usuarios de los sitios web a los que est\u00e1n vinculadas. La informaci\u00f3n recogida mediante este tipo de cookies se utiliza en la medici\u00f3n de la actividad de los sitios web, aplicaci\u00f3n o plataforma y para la elaboraci\u00f3n de perfiles de navegaci\u00f3n de los usuarios de dichos sitios, aplicaciones y plataformas, con el fin de introducir mejoras en funci\u00f3n del an\u00e1lisis de los datos de uso que hacen los usuarios del servicio.<\/li>\r\n<li>Cookies publicitarias: Permiten la gesti\u00f3n, de la forma m\u00e1s eficaz posible, de los espacios publicitarios.<\/li>\r\n<li>Cookies de publicidad comportamental: Almacenan informaci\u00f3n del comportamiento de los usuarios obtenida a trav\u00e9s de la observaci\u00f3n continuada de sus h\u00e1bitos de navegaci\u00f3n, lo que permite desarrollar un perfil espec\u00edfico para mostrar publicidad en funci\u00f3n del mismo.<\/li>\r\n<li>Cookies de redes sociales externas: Se utilizan para que los visitantes puedan interactuar con el contenido de diferentes plataformas sociales (Facebook, YouTube, Twitter, LinkedIn, etc..) y que se generen \u00fanicamente para los usuarios de dichas redes sociales. Las condiciones de utilizaci\u00f3n de estas cookies y la informaci\u00f3n recopilada se regula por la pol\u00edtica de privacidad de la plataforma social correspondiente.<\/li>\r\n<\/ul>\r\n\r\n\r\n\r\n<p><strong>Desactivaci\u00f3n y eliminaci\u00f3n de cookies<\/strong><\/p>\r\n\r\n\r\n\r\n<p>Tienes la opci\u00f3n de permitir, bloquear o eliminar las cookies instaladas en tu equipo mediante la configuraci\u00f3n de las opciones del navegador instalado en su equipo. Al desactivar cookies, algunos de los servicios disponibles podr\u00edan dejar de estar operativos. La forma de deshabilitar las cookies es diferente para cada navegador, pero normalmente puede hacerse desde el men\u00fa Herramientas u Opciones. Tambi\u00e9n puede consultarse el men\u00fa de Ayuda del navegador d\u00f3nde puedes encontrar instrucciones. El usuario podr\u00e1 en cualquier momento elegir qu\u00e9 cookies quiere que funcionen en este sitio web.<\/p>\r\n\r\n\r\n\r\n<p>Puede usted permitir, bloquear o eliminar las cookies instaladas en su equipo mediante la configuraci\u00f3n de las opciones del navegador instalado en su ordenador:<\/p>\r\n\r\n\r\n\r\n<ul class=\"wp-block-list\">\r\n<li>Microsoft Internet Explorer o Microsoft Edge: http:\/\/windows.microsoft.com\/es-es\/windows-vista\/Block-or-allow-cookies<\/li>\r\n<li>Mozilla Firefox: http:\/\/support.mozilla.org\/es\/kb\/impedir-que-los-sitios-web-guarden-sus-preferencia<\/li>\r\n<li>Chrome: https:\/\/support.google.com\/accounts\/answer\/61416?hl=es<\/li>\r\n<li>Safari: http:\/\/safari.helpmax.net\/es\/privacidad-y-seguridad\/como-gestionar-las-cookies\/<\/li>\r\n<li>Opera: http:\/\/help.opera.com\/Linux\/10.60\/es-ES\/cookies.html<\/li>\r\n<\/ul>\r\n\r\n\r\n\r\n<p>Adem\u00e1s, tambi\u00e9n puede gestionar el almac\u00e9n de cookies en su navegador a trav\u00e9s de herramientas como las siguientes:<\/p>\r\n\r\n\r\n\r\n<ul class=\"wp-block-list\">\r\n<li>Ghostery: www.ghostery.com<\/li>\r\n<li>Your Online Choices: www.youronlinechoices.com\/es\/<\/li>\r\n<\/ul>\r\n\r\n\r\n\r\n<p>Cookies utilizadas en https:\/\/www.lomartov.com\/<\/p>\r\n\r\n\r\n\r\n<p>A continuaci\u00f3n se identifican las cookies que est\u00e1n siendo utilizadas en este portal as\u00ed como su tipolog\u00eda y funci\u00f3n:<\/p>\r\n\r\n\r\n\r\n<ul class=\"wp-block-list\">\r\n<li>_utma\r\n<ul>\r\n<li>Duraci\u00f3n: 2 a\u00f1os desde su instalaci\u00f3n o actualizaci\u00f3n.<\/li>\r\n<li>Descripci\u00f3n: Recoge informaci\u00f3n an\u00f3nima sobre la navegaci\u00f3n de los usuarios por el sitio web con el fin de conocer el origen de las visitas y otros datos estad\u00edsticos.\u00a0Esta cookie normalmente se almacena en el navegador en la primera visita a nuestro sitio web.\u00a0Si la cookie se ha eliminado a trav\u00e9s del navegador y posteriormente visita nuestro sitio web nuevamente, se escribe una nueva cookie del tipo _utma con una ID \u00fanica diferente.\u00a0Esta cookie se utiliza para determinar los visitantes \u00fanicos de nuestro sitio web y se actualiza con cada visita a la p\u00e1gina.\u00a0Adem\u00e1s, esta cookie proporciona un identificador \u00fanico que utiliza Google Analytics para garantizar la validez y accesibilidad de la cookie, as\u00ed como una medida de seguridad adicional.<\/li>\r\n<li>Tipo: Tercero<\/li>\r\n<li>Prop\u00f3sito: anal\u00edtico<\/li>\r\n<\/ul>\r\n<\/li>\r\n<li>_utmb\r\n<ul>\r\n<li>Duraci\u00f3n: 30 minutos<\/li>\r\n<li>Descripci\u00f3n: Almacena informaci\u00f3n sobre la actividad de la visita a nuestro sitio web y principalmente su duraci\u00f3n.<\/li>\r\n<li>Tipo: Tercero<\/li>\r\n<li>Prop\u00f3sito: anal\u00edtico<\/li>\r\n<\/ul>\r\n<\/li>\r\n<li>_utmc\r\n<ul>\r\n<li>Duraci\u00f3n: Sesi\u00f3n<\/li>\r\n<li>Descripci\u00f3n: Almacena informaci\u00f3n sobre la actividad de la visita a nuestro sitio web y principalmente su duraci\u00f3n.<\/li>\r\n<li>Tipo: Tercero<\/li>\r\n<li>Prop\u00f3sito: anal\u00edtico<\/li>\r\n<\/ul>\r\n<\/li>\r\n<li>_utmz\r\n<ul>\r\n<li>Duraci\u00f3n: 6 meses desde su instalaci\u00f3n o actualizaci\u00f3n.<\/li>\r\n<li>Descripci\u00f3n: Esta cookie normalmente se almacena en el navegador en la primera visita a nuestro sitio web.\u00a0Esta cookie almacena c\u00f3mo el visitante lleg\u00f3 a nuestro sitio web, ya sea directamente ingresando la direcci\u00f3n de dominio, un enlace, una b\u00fasqueda web o un anuncio.\u00a0La cookie se actualiza cada vez que visita nuestro sitio web.<\/li>\r\n<li>Tipo: Tercero<\/li>\r\n<li>Prop\u00f3sito: anal\u00edtico<\/li>\r\n<\/ul>\r\n<\/li>\r\n<li>_Georgia\r\n<ul>\r\n<li>Duraci\u00f3n: 2 a\u00f1os<\/li>\r\n<li>Descripci\u00f3n: Sirve para distinguir a los usuarios.\u00a0Generado por Google Analytics.\u00a0Google almacena la informaci\u00f3n recopilada por las cookies en servidores ubicados en Estados Unidos, cumpliendo con la legislaci\u00f3n europea en materia de protecci\u00f3n de datos personales y se compromete a no compartirla con terceros, salvo cuando la ley lo obligue o sea necesario para su funcionamiento.\u00a0del sistema.\u00a0Google no asocia su direcci\u00f3n IP con ninguna otra informaci\u00f3n que tenga.\u00a0Si desea obtener m\u00e1s informaci\u00f3n sobre las cookies utilizadas por Google Analytics, acceda a esta direcci\u00f3n: https:\/\/developers.google.com\/analytics\/devguides\/collection\/analyticsjs\/cookie-usage?hl=es&amp;csw=1<\/li>\r\n<li>Tipo: Tercero<\/li>\r\n<li>Prop\u00f3sito: anal\u00edtico<\/li>\r\n<\/ul>\r\n<\/li>\r\n<li>_rev\u00f3lver\r\n<ul>\r\n<li>Duraci\u00f3n: 1 minuto<\/li>\r\n<li>Descripci\u00f3n: Se utiliza para mostrar nuestra publicidad en otras p\u00e1ginas de la red de Google.\u00a0Generado por Google Analytics.\u00a0Google almacena la informaci\u00f3n recopilada por las cookies en servidores ubicados en Estados Unidos, cumpliendo con la legislaci\u00f3n europea en materia de protecci\u00f3n de datos personales y se compromete a no compartirla con terceros, salvo cuando la ley lo obligue o sea necesario para su funcionamiento.\u00a0del sistema.\u00a0Google no asocia su direcci\u00f3n IP con ninguna otra informaci\u00f3n que tenga.\u00a0Si desea obtener m\u00e1s informaci\u00f3n sobre las cookies utilizadas por Google Analytics, acceda a esta direcci\u00f3n: https:\/\/developers.google.com\/analytics\/devguides\/collection\/analyticsjs\/cookie-usage?hl=es&amp;csw=1<\/li>\r\n<li>Tipo: Tercero<\/li>\r\n<li>Finalidad: publicidad comportamental<\/li>\r\n<\/ul>\r\n<\/li>\r\n<li>_gid\r\n<ul>\r\n<li>Duraci\u00f3n: 24 horas<\/li>\r\n<li>Descripci\u00f3n: Generado por Google Analytics.\u00a0Google almacena la informaci\u00f3n recopilada por las cookies en servidores ubicados en Estados Unidos, cumpliendo con la legislaci\u00f3n europea en materia de protecci\u00f3n de datos personales y se compromete a no compartirla con terceros, salvo cuando la ley lo obligue o sea necesario para su funcionamiento.\u00a0del sistema.\u00a0Google no asocia su direcci\u00f3n IP con ninguna otra informaci\u00f3n que tenga.\u00a0Si desea m\u00e1s informaci\u00f3n sobre las cookies que utiliza Google Analytics, acceda a esta direcci\u00f3n: https:\/\/developers.google.com\/analytics\/devguides\/collection\/analyticsjs\/cookie-usage?hl=es&amp;csw<\/li>\r\n<li>Tipo: Tercero<\/li>\r\n<li>Finalidad: publicidad comportamental<\/li>\r\n<\/ul>\r\n<\/li>\r\n<li>_gac_\r\n<ul>\r\n<li>Duracion: 90 dias<\/li>\r\n<li>Descripci\u00f3n: Incluye informaci\u00f3n sobre la campa\u00f1a relacionada con el usuario.\u00a0Si ha vinculado sus cuentas de Google Analytics y AdWords, las etiquetas de conversi\u00f3n del sitio web leer\u00e1n esta cookie, a menos que la desactive.<\/li>\r\n<li>Tipo: Tercero<\/li>\r\n<li>Prop\u00f3sito: anal\u00edtico<\/li>\r\n<\/ul>\r\n<\/li>\r\n<li>SIDCC\r\n<ul>\r\n<li>Duracion: 90 dias<\/li>\r\n<li>Descripci\u00f3n: proporciona servicios y extrae informaci\u00f3n de navegaci\u00f3n an\u00f3nima.<\/li>\r\n<li>Tipo: Tercero<\/li>\r\n<li>Prop\u00f3sito: anal\u00edtico<\/li>\r\n<\/ul>\r\n<\/li>\r\n<li>SID\r\n<ul>\r\n<li>Duraci\u00f3n: persistente<\/li>\r\n<li>Descripci\u00f3n: mide el rendimiento de los anuncios y ofrece recomendaciones &#8211; Google<\/li>\r\n<li>Tipo: Tercero<\/li>\r\n<li>Finalidad: publicidad<\/li>\r\n<\/ul>\r\n<\/li>\r\n<li>SSID\r\n<ul>\r\n<li>Duraci\u00f3n: persistente<\/li>\r\n<li>Descripci\u00f3n: mide el rendimiento de los anuncios y ofrece recomendaciones &#8211; Google<\/li>\r\n<li>Tipo: Tercero<\/li>\r\n<li>Finalidad: publicidad<\/li>\r\n<\/ul>\r\n<\/li>\r\n<li>APISID\r\n<ul>\r\n<li>Duraci\u00f3n: persistente<\/li>\r\n<li>Descripci\u00f3n: mide el rendimiento de los anuncios y ofrece recomendaciones &#8211; Google<\/li>\r\n<li>Tipo: Tercero<\/li>\r\n<li>Finalidad: publicidad<\/li>\r\n<\/ul>\r\n<\/li>\r\n<li>APISID\r\n<ul>\r\n<li>Duraci\u00f3n: persistente<\/li>\r\n<li>Descripci\u00f3n: mide el rendimiento de los anuncios y ofrece recomendaciones &#8211; Google<\/li>\r\n<li>Tipo: Tercero<\/li>\r\n<li>Finalidad: publicidad<\/li>\r\n<\/ul>\r\n<\/li>\r\n<li>APISID\r\n<ul>\r\n<li>Duraci\u00f3n: persistente<\/li>\r\n<li>Descripci\u00f3n: mide el rendimiento de los anuncios y ofrece recomendaciones &#8211; Google<\/li>\r\n<li>Tipo: Tercero<\/li>\r\n<li>Finalidad: publicidad<\/li>\r\n<\/ul>\r\n<\/li>\r\n<li>HSID\r\n<ul>\r\n<li>Duraci\u00f3n: persistente<\/li>\r\n<li>Descripci\u00f3n: mide el rendimiento de los anuncios y ofrece recomendaciones &#8211; Google<\/li>\r\n<li>Tipo: Tercero<\/li>\r\n<li>Finalidad: publicidad<\/li>\r\n<\/ul>\r\n<\/li>\r\n<li>NO\r\n<ul>\r\n<li>Duraci\u00f3n: 6 meses<\/li>\r\n<li>Descripci\u00f3n: se utiliza para limitar el porcentaje de solicitudes &#8211; Google<\/li>\r\n<li>Tipo: Tercero<\/li>\r\n<li>Prop\u00f3sito: an\u00e1lisis<\/li>\r\n<\/ul>\r\n<\/li>\r\n<li>OGPC\r\n<ul>\r\n<li>Duraci\u00f3n: 1 mes<\/li>\r\n<li>Descripci\u00f3n: utilizado por Google para proporcionar servicios y extraer informaci\u00f3n an\u00f3nima sobre la navegaci\u00f3n: Google.<\/li>\r\n<li>Tipo: Tercero<\/li>\r\n<li>Prop\u00f3sito: T\u00e9cnicas<\/li>\r\n<\/ul>\r\n<\/li>\r\n<li>ANID\r\n<ul>\r\n<li>Duraci\u00f3n: 6 meses<\/li>\r\n<li>Descripci\u00f3n: Esta cookie se utiliza para gestionar perfiles en funci\u00f3n del inter\u00e9s del usuario con el fin de mostrarles anuncios personalizados.<\/li>\r\n<li>Tipo: Tercero<\/li>\r\n<li>Finalidad: publicidad<\/li>\r\n<\/ul>\r\n<\/li>\r\n<li>1P_JAR\r\n<ul>\r\n<li>Duraci\u00f3n: 24 horas<\/li>\r\n<li>Descripci\u00f3n: se utiliza para limitar el porcentaje de solicitudes.<\/li>\r\n<li>Tipo: Tercero<\/li>\r\n<li>Prop\u00f3sito: an\u00e1lisis<\/li>\r\n<\/ul>\r\n<\/li>\r\n<\/ul>\r\n\r\n\r\n\r\n<p>https:\/\/www.lomartov.com\/ muestra informaci\u00f3n sobre su Pol\u00edtica de cookies en la parte inferior o superior de cualquier p\u00e1gina del portal con cada inicio de sesi\u00f3n.<\/p>\r\n\r\n\r\n\r\n<p>Ante esta informaci\u00f3n es posible llevar a cabo las siguientes acciones:<\/p>\r\n\r\n\r\n\r\n<ul class=\"wp-block-list\">\r\n<li>Aceptar cookies: No se volver\u00e1 a visualizar este aviso al acceder a cualquier p\u00e1gina del portal durante la presente sesi\u00f3n.<\/li>\r\n<li>Modificar\/personalizar su configuraci\u00f3n: Podr\u00e1 obtener m\u00e1s informaci\u00f3n sobre qu\u00e9 son las cookies, conocer la Pol\u00edtica de cookies de: https:\/\/www.lomartov.com\/ y modificar la configuraci\u00f3n de su navegador.<\/li>\r\n<\/ul>\r\n\r\n\r\n<hr class=\"wp-block-separator\" \/>","protected":false},"excerpt":{"rendered":"<p>Lomartov S.L. informa acerca del uso de las cookies en su p\u00e1gina web: https:\/\/www.lomartov.com\/ \u00bfQu\u00e9 son las cookies? Las cookies son archivos que se pueden descargar en su equipo a trav\u00e9s de las p\u00e1ginas web. Son herramientas que tienen un papel esencial para la prestaci\u00f3n de numerosos servicios de la sociedad de la informaci\u00f3n. Entre [&hellip;]<\/p>\n","protected":false},"author":7,"featured_media":0,"parent":0,"menu_order":0,"comment_status":"closed","ping_status":"closed","template":"","meta":{"footnotes":""},"class_list":["post-1417","page","type-page","status-publish","hentry"],"yoast_head":"<!-- This site is optimized with the Yoast SEO plugin v24.8.1 - https:\/\/yoast.com\/wordpress\/plugins\/seo\/ -->\n<title>Pol\u00edtica de cookies - LOMARTOV<\/title>\n<meta name=\"robots\" content=\"index, follow, max-snippet:-1, max-image-preview:large, max-video-preview:-1\" \/>\n<link rel=\"canonical\" href=\"https:\/\/lomartov.com\/es\/politica-de-cookies\/\" \/>\n<meta property=\"og:locale\" content=\"es_ES\" \/>\n<meta property=\"og:type\" content=\"article\" \/>\n<meta property=\"og:title\" content=\"Pol\u00edtica de cookies - LOMARTOV\" \/>\n<meta property=\"og:description\" content=\"Lomartov S.L. informa acerca del uso de las cookies en su p\u00e1gina web: https:\/\/www.lomartov.com\/ \u00bfQu\u00e9 son las cookies? Las cookies son archivos que se pueden descargar en su equipo a trav\u00e9s de las p\u00e1ginas web. Son herramientas que tienen un papel esencial para la prestaci\u00f3n de numerosos servicios de la sociedad de la informaci\u00f3n. Entre [&hellip;]\" \/>\n<meta property=\"og:url\" content=\"https:\/\/lomartov.com\/es\/politica-de-cookies\/\" \/>\n<meta property=\"og:site_name\" content=\"LOMARTOV\" \/>\n<meta property=\"article:modified_time\" content=\"2024-12-12T17:20:22+00:00\" \/>\n<meta name=\"twitter:card\" content=\"summary_large_image\" \/>\n<meta name=\"twitter:label1\" content=\"Tiempo de lectura\" \/>\n\t<meta name=\"twitter:data1\" content=\"8 minutos\" \/>\n<script type=\"application\/ld+json\" class=\"yoast-schema-graph\">{\"@context\":\"https:\/\/schema.org\",\"@graph\":[{\"@type\":\"WebPage\",\"@id\":\"https:\/\/lomartov.com\/es\/politica-de-cookies\/\",\"url\":\"https:\/\/lomartov.com\/es\/politica-de-cookies\/\",\"name\":\"Pol\u00edtica de cookies - LOMARTOV\",\"isPartOf\":{\"@id\":\"https:\/\/lomartov.com\/es\/#website\"},\"datePublished\":\"2021-05-25T15:35:25+00:00\",\"dateModified\":\"2024-12-12T17:20:22+00:00\",\"breadcrumb\":{\"@id\":\"https:\/\/lomartov.com\/es\/politica-de-cookies\/#breadcrumb\"},\"inLanguage\":\"es\",\"potentialAction\":[{\"@type\":\"ReadAction\",\"target\":[\"https:\/\/lomartov.com\/es\/politica-de-cookies\/\"]}]},{\"@type\":\"BreadcrumbList\",\"@id\":\"https:\/\/lomartov.com\/es\/politica-de-cookies\/#breadcrumb\",\"itemListElement\":[{\"@type\":\"ListItem\",\"position\":1,\"name\":\"Home\",\"item\":\"https:\/\/lomartov.com\/es\/\"},{\"@type\":\"ListItem\",\"position\":2,\"name\":\"Pol\u00edtica de cookies\"}]},{\"@type\":\"WebSite\",\"@id\":\"https:\/\/lomartov.com\/es\/#website\",\"url\":\"https:\/\/lomartov.com\/es\/\",\"name\":\"LOMARTOV\",\"description\":\"Applied Innovation Engineering\",\"potentialAction\":[{\"@type\":\"SearchAction\",\"target\":{\"@type\":\"EntryPoint\",\"urlTemplate\":\"https:\/\/lomartov.com\/es\/?s={search_term_string}\"},\"query-input\":{\"@type\":\"PropertyValueSpecification\",\"valueRequired\":true,\"valueName\":\"search_term_string\"}}],\"inLanguage\":\"es\"}]}<\/script>\n<!-- \/ Yoast SEO plugin. -->","yoast_head_json":{"title":"Pol\u00edtica de cookies - LOMARTOV","robots":{"index":"index","follow":"follow","max-snippet":"max-snippet:-1","max-image-preview":"max-image-preview:large","max-video-preview":"max-video-preview:-1"},"canonical":"https:\/\/lomartov.com\/es\/politica-de-cookies\/","og_locale":"es_ES","og_type":"article","og_title":"Pol\u00edtica de cookies - LOMARTOV","og_description":"Lomartov S.L. informa acerca del uso de las cookies en su p\u00e1gina web: https:\/\/www.lomartov.com\/ \u00bfQu\u00e9 son las cookies? Las cookies son archivos que se pueden descargar en su equipo a trav\u00e9s de las p\u00e1ginas web. Son herramientas que tienen un papel esencial para la prestaci\u00f3n de numerosos servicios de la sociedad de la informaci\u00f3n. Entre [&hellip;]","og_url":"https:\/\/lomartov.com\/es\/politica-de-cookies\/","og_site_name":"LOMARTOV","article_modified_time":"2024-12-12T17:20:22+00:00","twitter_card":"summary_large_image","twitter_misc":{"Tiempo de lectura":"8 minutos"},"schema":{"@context":"https:\/\/schema.org","@graph":[{"@type":"WebPage","@id":"https:\/\/lomartov.com\/es\/politica-de-cookies\/","url":"https:\/\/lomartov.com\/es\/politica-de-cookies\/","name":"Pol\u00edtica de cookies - LOMARTOV","isPartOf":{"@id":"https:\/\/lomartov.com\/es\/#website"},"datePublished":"2021-05-25T15:35:25+00:00","dateModified":"2024-12-12T17:20:22+00:00","breadcrumb":{"@id":"https:\/\/lomartov.com\/es\/politica-de-cookies\/#breadcrumb"},"inLanguage":"es","potentialAction":[{"@type":"ReadAction","target":["https:\/\/lomartov.com\/es\/politica-de-cookies\/"]}]},{"@type":"BreadcrumbList","@id":"https:\/\/lomartov.com\/es\/politica-de-cookies\/#breadcrumb","itemListElement":[{"@type":"ListItem","position":1,"name":"Home","item":"https:\/\/lomartov.com\/es\/"},{"@type":"ListItem","position":2,"name":"Pol\u00edtica de cookies"}]},{"@type":"WebSite","@id":"https:\/\/lomartov.com\/es\/#website","url":"https:\/\/lomartov.com\/es\/","name":"LOMARTOV","description":"Applied Innovation Engineering","potentialAction":[{"@type":"SearchAction","target":{"@type":"EntryPoint","urlTemplate":"https:\/\/lomartov.com\/es\/?s={search_term_string}"},"query-input":{"@type":"PropertyValueSpecification","valueRequired":true,"valueName":"search_term_string"}}],"inLanguage":"es"}]}},"_links":{"self":[{"href":"https:\/\/lomartov.com\/es\/wp-json\/wp\/v2\/pages\/1417","targetHints":{"allow":["GET"]}}],"collection":[{"href":"https:\/\/lomartov.com\/es\/wp-json\/wp\/v2\/pages"}],"about":[{"href":"https:\/\/lomartov.com\/es\/wp-json\/wp\/v2\/types\/page"}],"author":[{"embeddable":true,"href":"https:\/\/lomartov.com\/es\/wp-json\/wp\/v2\/users\/7"}],"replies":[{"embeddable":true,"href":"https:\/\/lomartov.com\/es\/wp-json\/wp\/v2\/comments?post=1417"}],"version-history":[{"count":5,"href":"https:\/\/lomartov.com\/es\/wp-json\/wp\/v2\/pages\/1417\/revisions"}],"predecessor-version":[{"id":4580,"href":"https:\/\/lomartov.com\/es\/wp-json\/wp\/v2\/pages\/1417\/revisions\/4580"}],"wp:attachment":[{"href":"https:\/\/lomartov.com\/es\/wp-json\/wp\/v2\/media?parent=1417"}],"curies":[{"name":"wp","href":"https:\/\/api.w.org\/{rel}","templated":true}]}}