{"id":4447,"date":"2024-11-08T08:36:42","date_gmt":"2024-11-08T08:36:42","guid":{"rendered":"https:\/\/lomartov.com\/?page_id=4447"},"modified":"2025-05-23T07:22:01","modified_gmt":"2025-05-23T07:22:01","slug":"huella-de-carbono-y-huella-hidrica","status":"publish","type":"page","link":"https:\/\/lomartov.com\/es\/huella-de-carbono-y-huella-hidrica\/","title":{"rendered":"Huella de carbono y huella h\u00eddrica"},"content":{"rendered":"\t\t<div data-elementor-type=\"wp-page\" data-elementor-id=\"4447\" class=\"elementor elementor-4447\">\n\t\t\t\t<div class=\"elementor-element elementor-element-1bd49ba e-flex e-con-boxed e-con e-parent\" data-id=\"1bd49ba\" data-element_type=\"container\">\n\t\t\t\t\t<div class=\"e-con-inner\">\n\t\t\t\t<div class=\"elementor-element elementor-element-5962279 elementor-widget elementor-widget-heading\" data-id=\"5962279\" data-element_type=\"widget\" data-widget_type=\"heading.default\">\n\t\t\t\t<div class=\"elementor-widget-container\">\n\t\t\t\t\t<h3 class=\"elementor-heading-title elementor-size-default\">\u00bfQu\u00e9 son la huella de carbono y la huella h\u00eddrica?\n<\/h3>\t\t\t\t<\/div>\n\t\t\t\t<\/div>\n\t\t\t\t<div class=\"elementor-element elementor-element-7c20007 elementor-widget-divider--view-line elementor-widget elementor-widget-divider\" data-id=\"7c20007\" data-element_type=\"widget\" data-widget_type=\"divider.default\">\n\t\t\t\t<div class=\"elementor-widget-container\">\n\t\t\t\t\t\t\t<div class=\"elementor-divider\">\n\t\t\t<span class=\"elementor-divider-separator\">\n\t\t\t\t\t\t<\/span>\n\t\t<\/div>\n\t\t\t\t\t\t<\/div>\n\t\t\t\t<\/div>\n\t\t\t\t<div class=\"elementor-element elementor-element-36b5c22 elementor-widget elementor-widget-text-editor\" data-id=\"36b5c22\" data-element_type=\"widget\" data-widget_type=\"text-editor.default\">\n\t\t\t\t<div class=\"elementor-widget-container\">\n\t\t\t\t\t\t\t\t\t<p><strong><span>La huella de carbono<\/span><\/strong><span>\u00a0mide las emisiones totales de gases de efecto invernadero (GEI) generadas por un producto, proceso u organizaci\u00f3n, expresadas en CO\u2082 equivalente (CO\u2082e). Ayuda a evaluar el impacto del cambio clim\u00e1tico e identificar oportunidades de descarbonizaci\u00f3n.<\/span><\/p><p><strong><span>La huella h\u00eddrica<\/span><\/strong><span>\u00a0eval\u00faa el consumo total de agua dulce y la contaminaci\u00f3n asociada a un producto o proceso, considerando el uso directo e indirecto del agua. Proporciona informaci\u00f3n sobre la eficiencia h\u00eddrica, los riesgos de escasez y las estrategias de sostenibilidad.<\/span><\/p>\t\t\t\t\t\t\t\t<\/div>\n\t\t\t\t<\/div>\n\t\t\t\t<div class=\"elementor-element elementor-element-6987f24 elementor-widget elementor-widget-heading\" data-id=\"6987f24\" data-element_type=\"widget\" data-widget_type=\"heading.default\">\n\t\t\t\t<div class=\"elementor-widget-container\">\n\t\t\t\t\t<h3 class=\"elementor-heading-title elementor-size-default\">Lo que ofrecemos<\/h3>\t\t\t\t<\/div>\n\t\t\t\t<\/div>\n\t\t\t\t<div class=\"elementor-element elementor-element-e6e0d18 elementor-widget-divider--view-line elementor-widget elementor-widget-divider\" data-id=\"e6e0d18\" data-element_type=\"widget\" data-widget_type=\"divider.default\">\n\t\t\t\t<div class=\"elementor-widget-container\">\n\t\t\t\t\t\t\t<div class=\"elementor-divider\">\n\t\t\t<span class=\"elementor-divider-separator\">\n\t\t\t\t\t\t<\/span>\n\t\t<\/div>\n\t\t\t\t\t\t<\/div>\n\t\t\t\t<\/div>\n\t\t\t\t<div class=\"elementor-element elementor-element-20df2f9 elementor-widget elementor-widget-text-editor\" data-id=\"20df2f9\" data-element_type=\"widget\" data-widget_type=\"text-editor.default\">\n\t\t\t\t<div class=\"elementor-widget-container\">\n\t\t\t\t\t\t\t\t\t<div class=\"elementor-element elementor-element-3280994 elementor-widget elementor-widget-text-editor\" data-id=\"3280994\" data-element_type=\"widget\" data-widget_type=\"text-editor.default\"><div class=\"elementor-widget-container\"><div class=\"elementor-element elementor-element-9248422 elementor-widget elementor-widget-text-editor\" data-id=\"9248422\" data-element_type=\"widget\" data-widget_type=\"text-editor.default\"><div class=\"elementor-widget-container\"><p>En LOMARTOV, ayudamos a las organizaciones a cuantificar, analizar y reducir sus huellas de carbono e h\u00eddrica, aline\u00e1ndose con las pol\u00edticas clim\u00e1ticas de la UE, los objetivos de sostenibilidad corporativa y las regulaciones ambientales.<\/p><\/div><\/div><\/div><\/div>\t\t\t\t\t\t\t\t<\/div>\n\t\t\t\t<\/div>\n\t\t\t\t<div class=\"elementor-element elementor-element-83737df elementor-widget elementor-widget-image\" data-id=\"83737df\" data-element_type=\"widget\" data-widget_type=\"image.default\">\n\t\t\t\t<div class=\"elementor-widget-container\">\n\t\t\t\t\t\t\t\t\t\t\t\t\t\t\t<img fetchpriority=\"high\" decoding=\"async\" width=\"4320\" height=\"2430\" src=\"https:\/\/lomartov.com\/wp-content\/uploads\/2025\/05\/33.png\" class=\"attachment-full size-full wp-image-5268\" alt=\"\" srcset=\"https:\/\/lomartov.com\/wp-content\/uploads\/2025\/05\/33.png 4320w, https:\/\/lomartov.com\/wp-content\/uploads\/2025\/05\/33-300x169.png 300w, https:\/\/lomartov.com\/wp-content\/uploads\/2025\/05\/33-1024x576.png 1024w, https:\/\/lomartov.com\/wp-content\/uploads\/2025\/05\/33-768x432.png 768w, https:\/\/lomartov.com\/wp-content\/uploads\/2025\/05\/33-1536x864.png 1536w, https:\/\/lomartov.com\/wp-content\/uploads\/2025\/05\/33-2048x1152.png 2048w\" sizes=\"(max-width: 4320px) 100vw, 4320px\" \/>\t\t\t\t\t\t\t\t\t\t\t\t\t\t\t<\/div>\n\t\t\t\t<\/div>\n\t\t\t\t<div class=\"elementor-element elementor-element-354d777 elementor-widget elementor-widget-heading\" data-id=\"354d777\" data-element_type=\"widget\" data-widget_type=\"heading.default\">\n\t\t\t\t<div class=\"elementor-widget-container\">\n\t\t\t\t\t<h3 class=\"elementor-heading-title elementor-size-default\">Beneficios para tu innovaci\u00f3n<\/h3>\t\t\t\t<\/div>\n\t\t\t\t<\/div>\n\t\t\t\t<div class=\"elementor-element elementor-element-2117c45 elementor-widget-divider--view-line elementor-widget elementor-widget-divider\" data-id=\"2117c45\" data-element_type=\"widget\" data-widget_type=\"divider.default\">\n\t\t\t\t<div class=\"elementor-widget-container\">\n\t\t\t\t\t\t\t<div class=\"elementor-divider\">\n\t\t\t<span class=\"elementor-divider-separator\">\n\t\t\t\t\t\t<\/span>\n\t\t<\/div>\n\t\t\t\t\t\t<\/div>\n\t\t\t\t<\/div>\n\t\t\t\t<div class=\"elementor-element elementor-element-9c63731 elementor-widget elementor-widget-text-editor\" data-id=\"9c63731\" data-element_type=\"widget\" data-widget_type=\"text-editor.default\">\n\t\t\t\t<div class=\"elementor-widget-container\">\n\t\t\t\t\t\t\t\t\t<ul><li>Reducci\u00f3n del impacto ambiental en t\u00e9rminos de emisiones de GEI y consumo de agua.<\/li><li>Cumplimiento de los objetivos del Pacto Verde Europeo, los est\u00e1ndares de informaci\u00f3n corporativa y los compromisos de neutralidad de carbono.<\/li><li>Menor exposici\u00f3n a los impuestos al carbono, a los riesgos clim\u00e1ticos y a los desaf\u00edos de la escasez de agua.<\/li><li>Ventaja competitiva gracias a productos bajos en carbono y responsables con el uso del agua.<\/li><\/ul>\t\t\t\t\t\t\t\t<\/div>\n\t\t\t\t<\/div>\n\t\t\t\t\t<\/div>\n\t\t\t\t<\/div>\n\t\t\t\t<\/div>\n\t\t","protected":false},"excerpt":{"rendered":"<p>\u00bfQu\u00e9 son la huella de carbono y la huella h\u00eddrica? La huella de carbono\u00a0mide las emisiones totales de gases de efecto invernadero (GEI) generadas por un producto, proceso u organizaci\u00f3n, expresadas en CO\u2082 equivalente (CO\u2082e). Ayuda a evaluar el impacto del cambio clim\u00e1tico e identificar oportunidades de descarbonizaci\u00f3n. La huella h\u00eddrica\u00a0eval\u00faa el consumo total de [&hellip;]<\/p>\n","protected":false},"author":8,"featured_media":0,"parent":0,"menu_order":0,"comment_status":"closed","ping_status":"closed","template":"","meta":{"footnotes":""},"class_list":["post-4447","page","type-page","status-publish","hentry"],"yoast_head":"<!-- This site is optimized with the Yoast SEO plugin v24.8.1 - https:\/\/yoast.com\/wordpress\/plugins\/seo\/ -->\n<title>Huella de carbono y huella h\u00eddrica - LOMARTOV<\/title>\n<meta name=\"robots\" content=\"index, follow, max-snippet:-1, max-image-preview:large, max-video-preview:-1\" \/>\n<link rel=\"canonical\" href=\"https:\/\/lomartov.com\/es\/huella-de-carbono-y-huella-hidrica\/\" \/>\n<meta property=\"og:locale\" content=\"es_ES\" \/>\n<meta property=\"og:type\" content=\"article\" \/>\n<meta property=\"og:title\" content=\"Huella de carbono y huella h\u00eddrica - LOMARTOV\" \/>\n<meta property=\"og:description\" content=\"\u00bfQu\u00e9 son la huella de carbono y la huella h\u00eddrica? La huella de carbono\u00a0mide las emisiones totales de gases de efecto invernadero (GEI) generadas por un producto, proceso u organizaci\u00f3n, expresadas en CO\u2082 equivalente (CO\u2082e). Ayuda a evaluar el impacto del cambio clim\u00e1tico e identificar oportunidades de descarbonizaci\u00f3n. La huella h\u00eddrica\u00a0eval\u00faa el consumo total de [&hellip;]\" \/>\n<meta property=\"og:url\" content=\"https:\/\/lomartov.com\/es\/huella-de-carbono-y-huella-hidrica\/\" \/>\n<meta property=\"og:site_name\" content=\"LOMARTOV\" \/>\n<meta property=\"article:modified_time\" content=\"2025-05-23T07:22:01+00:00\" \/>\n<meta property=\"og:image\" content=\"https:\/\/lomartov.com\/wp-content\/uploads\/2025\/05\/33.png\" \/>\n\t<meta property=\"og:image:width\" content=\"4320\" \/>\n\t<meta property=\"og:image:height\" content=\"2430\" \/>\n\t<meta property=\"og:image:type\" content=\"image\/png\" \/>\n<meta name=\"twitter:card\" content=\"summary_large_image\" \/>\n<meta name=\"twitter:label1\" content=\"Tiempo de lectura\" \/>\n\t<meta name=\"twitter:data1\" content=\"2 minutos\" \/>\n<script type=\"application\/ld+json\" class=\"yoast-schema-graph\">{\"@context\":\"https:\/\/schema.org\",\"@graph\":[{\"@type\":\"WebPage\",\"@id\":\"https:\/\/lomartov.com\/es\/huella-de-carbono-y-huella-hidrica\/\",\"url\":\"https:\/\/lomartov.com\/es\/huella-de-carbono-y-huella-hidrica\/\",\"name\":\"Huella de carbono y huella h\u00eddrica - LOMARTOV\",\"isPartOf\":{\"@id\":\"https:\/\/lomartov.com\/es\/#website\"},\"primaryImageOfPage\":{\"@id\":\"https:\/\/lomartov.com\/es\/huella-de-carbono-y-huella-hidrica\/#primaryimage\"},\"image\":{\"@id\":\"https:\/\/lomartov.com\/es\/huella-de-carbono-y-huella-hidrica\/#primaryimage\"},\"thumbnailUrl\":\"https:\/\/lomartov.com\/wp-content\/uploads\/2025\/05\/33.png\",\"datePublished\":\"2024-11-08T08:36:42+00:00\",\"dateModified\":\"2025-05-23T07:22:01+00:00\",\"breadcrumb\":{\"@id\":\"https:\/\/lomartov.com\/es\/huella-de-carbono-y-huella-hidrica\/#breadcrumb\"},\"inLanguage\":\"es\",\"potentialAction\":[{\"@type\":\"ReadAction\",\"target\":[\"https:\/\/lomartov.com\/es\/huella-de-carbono-y-huella-hidrica\/\"]}]},{\"@type\":\"ImageObject\",\"inLanguage\":\"es\",\"@id\":\"https:\/\/lomartov.com\/es\/huella-de-carbono-y-huella-hidrica\/#primaryimage\",\"url\":\"https:\/\/lomartov.com\/wp-content\/uploads\/2025\/05\/33.png\",\"contentUrl\":\"https:\/\/lomartov.com\/wp-content\/uploads\/2025\/05\/33.png\"},{\"@type\":\"BreadcrumbList\",\"@id\":\"https:\/\/lomartov.com\/es\/huella-de-carbono-y-huella-hidrica\/#breadcrumb\",\"itemListElement\":[{\"@type\":\"ListItem\",\"position\":1,\"name\":\"Home\",\"item\":\"https:\/\/lomartov.com\/es\/\"},{\"@type\":\"ListItem\",\"position\":2,\"name\":\"Huella de carbono y huella h\u00eddrica\"}]},{\"@type\":\"WebSite\",\"@id\":\"https:\/\/lomartov.com\/es\/#website\",\"url\":\"https:\/\/lomartov.com\/es\/\",\"name\":\"LOMARTOV\",\"description\":\"Applied Innovation Engineering\",\"potentialAction\":[{\"@type\":\"SearchAction\",\"target\":{\"@type\":\"EntryPoint\",\"urlTemplate\":\"https:\/\/lomartov.com\/es\/?s={search_term_string}\"},\"query-input\":{\"@type\":\"PropertyValueSpecification\",\"valueRequired\":true,\"valueName\":\"search_term_string\"}}],\"inLanguage\":\"es\"}]}<\/script>\n<!-- \/ Yoast SEO plugin. -->","yoast_head_json":{"title":"Huella de carbono y huella h\u00eddrica - LOMARTOV","robots":{"index":"index","follow":"follow","max-snippet":"max-snippet:-1","max-image-preview":"max-image-preview:large","max-video-preview":"max-video-preview:-1"},"canonical":"https:\/\/lomartov.com\/es\/huella-de-carbono-y-huella-hidrica\/","og_locale":"es_ES","og_type":"article","og_title":"Huella de carbono y huella h\u00eddrica - LOMARTOV","og_description":"\u00bfQu\u00e9 son la huella de carbono y la huella h\u00eddrica? La huella de carbono\u00a0mide las emisiones totales de gases de efecto invernadero (GEI) generadas por un producto, proceso u organizaci\u00f3n, expresadas en CO\u2082 equivalente (CO\u2082e). Ayuda a evaluar el impacto del cambio clim\u00e1tico e identificar oportunidades de descarbonizaci\u00f3n. La huella h\u00eddrica\u00a0eval\u00faa el consumo total de [&hellip;]","og_url":"https:\/\/lomartov.com\/es\/huella-de-carbono-y-huella-hidrica\/","og_site_name":"LOMARTOV","article_modified_time":"2025-05-23T07:22:01+00:00","og_image":[{"width":4320,"height":2430,"url":"https:\/\/lomartov.com\/wp-content\/uploads\/2025\/05\/33.png","type":"image\/png"}],"twitter_card":"summary_large_image","twitter_misc":{"Tiempo de lectura":"2 minutos"},"schema":{"@context":"https:\/\/schema.org","@graph":[{"@type":"WebPage","@id":"https:\/\/lomartov.com\/es\/huella-de-carbono-y-huella-hidrica\/","url":"https:\/\/lomartov.com\/es\/huella-de-carbono-y-huella-hidrica\/","name":"Huella de carbono y huella h\u00eddrica - LOMARTOV","isPartOf":{"@id":"https:\/\/lomartov.com\/es\/#website"},"primaryImageOfPage":{"@id":"https:\/\/lomartov.com\/es\/huella-de-carbono-y-huella-hidrica\/#primaryimage"},"image":{"@id":"https:\/\/lomartov.com\/es\/huella-de-carbono-y-huella-hidrica\/#primaryimage"},"thumbnailUrl":"https:\/\/lomartov.com\/wp-content\/uploads\/2025\/05\/33.png","datePublished":"2024-11-08T08:36:42+00:00","dateModified":"2025-05-23T07:22:01+00:00","breadcrumb":{"@id":"https:\/\/lomartov.com\/es\/huella-de-carbono-y-huella-hidrica\/#breadcrumb"},"inLanguage":"es","potentialAction":[{"@type":"ReadAction","target":["https:\/\/lomartov.com\/es\/huella-de-carbono-y-huella-hidrica\/"]}]},{"@type":"ImageObject","inLanguage":"es","@id":"https:\/\/lomartov.com\/es\/huella-de-carbono-y-huella-hidrica\/#primaryimage","url":"https:\/\/lomartov.com\/wp-content\/uploads\/2025\/05\/33.png","contentUrl":"https:\/\/lomartov.com\/wp-content\/uploads\/2025\/05\/33.png"},{"@type":"BreadcrumbList","@id":"https:\/\/lomartov.com\/es\/huella-de-carbono-y-huella-hidrica\/#breadcrumb","itemListElement":[{"@type":"ListItem","position":1,"name":"Home","item":"https:\/\/lomartov.com\/es\/"},{"@type":"ListItem","position":2,"name":"Huella de carbono y huella h\u00eddrica"}]},{"@type":"WebSite","@id":"https:\/\/lomartov.com\/es\/#website","url":"https:\/\/lomartov.com\/es\/","name":"LOMARTOV","description":"Applied Innovation Engineering","potentialAction":[{"@type":"SearchAction","target":{"@type":"EntryPoint","urlTemplate":"https:\/\/lomartov.com\/es\/?s={search_term_string}"},"query-input":{"@type":"PropertyValueSpecification","valueRequired":true,"valueName":"search_term_string"}}],"inLanguage":"es"}]}},"_links":{"self":[{"href":"https:\/\/lomartov.com\/es\/wp-json\/wp\/v2\/pages\/4447","targetHints":{"allow":["GET"]}}],"collection":[{"href":"https:\/\/lomartov.com\/es\/wp-json\/wp\/v2\/pages"}],"about":[{"href":"https:\/\/lomartov.com\/es\/wp-json\/wp\/v2\/types\/page"}],"author":[{"embeddable":true,"href":"https:\/\/lomartov.com\/es\/wp-json\/wp\/v2\/users\/8"}],"replies":[{"embeddable":true,"href":"https:\/\/lomartov.com\/es\/wp-json\/wp\/v2\/comments?post=4447"}],"version-history":[{"count":5,"href":"https:\/\/lomartov.com\/es\/wp-json\/wp\/v2\/pages\/4447\/revisions"}],"predecessor-version":[{"id":5272,"href":"https:\/\/lomartov.com\/es\/wp-json\/wp\/v2\/pages\/4447\/revisions\/5272"}],"wp:attachment":[{"href":"https:\/\/lomartov.com\/es\/wp-json\/wp\/v2\/media?parent=4447"}],"curies":[{"name":"wp","href":"https:\/\/api.w.org\/{rel}","templated":true}]}}