{"id":466,"date":"2021-05-12T10:59:22","date_gmt":"2021-05-12T10:59:22","guid":{"rendered":"https:\/\/lomartov.com\/?page_id=466"},"modified":"2025-04-11T10:12:31","modified_gmt":"2025-04-11T10:12:31","slug":"asesoramiento-tecnologico","status":"publish","type":"page","link":"https:\/\/lomartov.com\/es\/asesoramiento-tecnologico\/","title":{"rendered":"Asesoramiento tecnol\u00f3gico"},"content":{"rendered":"\t\t<div data-elementor-type=\"wp-page\" data-elementor-id=\"466\" class=\"elementor elementor-466\">\n\t\t\t\t<div class=\"elementor-element elementor-element-14b6c14 e-flex e-con-boxed e-con e-parent\" data-id=\"14b6c14\" data-element_type=\"container\">\n\t\t\t\t\t<div class=\"e-con-inner\">\n\t\t\t\t<div class=\"elementor-element elementor-element-41f3b63 elementor-widget elementor-widget-heading\" data-id=\"41f3b63\" data-element_type=\"widget\" data-widget_type=\"heading.default\">\n\t\t\t\t<div class=\"elementor-widget-container\">\n\t\t\t\t\t<h3 class=\"elementor-heading-title elementor-size-default\">\u00bfQu\u00e9 es el asesoramiento tecnol\u00f3gico?\n<\/h3>\t\t\t\t<\/div>\n\t\t\t\t<\/div>\n\t\t\t\t<div class=\"elementor-element elementor-element-235c4ae elementor-widget-divider--view-line elementor-widget elementor-widget-divider\" data-id=\"235c4ae\" data-element_type=\"widget\" data-widget_type=\"divider.default\">\n\t\t\t\t<div class=\"elementor-widget-container\">\n\t\t\t\t\t\t\t<div class=\"elementor-divider\">\n\t\t\t<span class=\"elementor-divider-separator\">\n\t\t\t\t\t\t<\/span>\n\t\t<\/div>\n\t\t\t\t\t\t<\/div>\n\t\t\t\t<\/div>\n\t\t\t\t<div class=\"elementor-element elementor-element-90a165e elementor-widget elementor-widget-text-editor\" data-id=\"90a165e\" data-element_type=\"widget\" data-widget_type=\"text-editor.default\">\n\t\t\t\t<div class=\"elementor-widget-container\">\n\t\t\t\t\t\t\t\t\t<div class=\"elementor-element elementor-element-e95ff10 elementor-widget elementor-widget-text-editor\" data-id=\"e95ff10\" data-element_type=\"widget\" data-widget_type=\"text-editor.default\"><div class=\"elementor-widget-container\"><p>Nuestro\u00a0<strong>asesoramiento tecnol\u00f3gico<\/strong> sigue un enfoque estructurado para guiar a las organizaciones en la adopci\u00f3n, optimizaci\u00f3n y escalamiento de nuevas tecnolog\u00edas. Al brindar perspectivas expertas y mentor\u00eda pr\u00e1ctica, ayudamos a reducir la brecha entre la investigaci\u00f3n y la adopci\u00f3n del mercado, garantizando procesos de innovaci\u00f3n eficientes y de alto impacto.<\/p><\/div><\/div><div class=\"elementor-element elementor-element-0c3f959 elementor-widget elementor-widget-heading\" data-id=\"0c3f959\" data-element_type=\"widget\" data-widget_type=\"heading.default\"><div class=\"elementor-widget-container\">\u00a0<\/div><\/div>\t\t\t\t\t\t\t\t<\/div>\n\t\t\t\t<\/div>\n\t\t\t\t<div class=\"elementor-element elementor-element-74fd518 elementor-widget elementor-widget-heading\" data-id=\"74fd518\" data-element_type=\"widget\" data-widget_type=\"heading.default\">\n\t\t\t\t<div class=\"elementor-widget-container\">\n\t\t\t\t\t<h3 class=\"elementor-heading-title elementor-size-default\">Lo que ofrecemos<\/h3>\t\t\t\t<\/div>\n\t\t\t\t<\/div>\n\t\t\t\t<div class=\"elementor-element elementor-element-6f4ef51 elementor-widget-divider--view-line elementor-widget elementor-widget-divider\" data-id=\"6f4ef51\" data-element_type=\"widget\" data-widget_type=\"divider.default\">\n\t\t\t\t<div class=\"elementor-widget-container\">\n\t\t\t\t\t\t\t<div class=\"elementor-divider\">\n\t\t\t<span class=\"elementor-divider-separator\">\n\t\t\t\t\t\t<\/span>\n\t\t<\/div>\n\t\t\t\t\t\t<\/div>\n\t\t\t\t<\/div>\n\t\t\t\t<div class=\"elementor-element elementor-element-aa4bf56 elementor-widget elementor-widget-text-editor\" data-id=\"aa4bf56\" data-element_type=\"widget\" data-widget_type=\"text-editor.default\">\n\t\t\t\t<div class=\"elementor-widget-container\">\n\t\t\t\t\t\t\t\t\t<div class=\"elementor-element elementor-element-3280994 elementor-widget elementor-widget-text-editor\" data-id=\"3280994\" data-element_type=\"widget\" data-widget_type=\"text-editor.default\"><div class=\"elementor-widget-container\"><div class=\"elementor-element elementor-element-c974edc elementor-widget elementor-widget-text-editor\" data-id=\"c974edc\" data-element_type=\"widget\" data-widget_type=\"text-editor.default\"><div class=\"elementor-widget-container\"><p><span>En LOMARTOV, ofrecemos servicios personalizados para ayudar a las organizaciones a transformar ideas de vanguardia en soluciones viables.<\/span><\/p><\/div><\/div><\/div><\/div>\t\t\t\t\t\t\t\t<\/div>\n\t\t\t\t<\/div>\n\t\t\t\t<div class=\"elementor-element elementor-element-f873847 elementor-widget elementor-widget-heading\" data-id=\"f873847\" data-element_type=\"widget\" data-widget_type=\"heading.default\">\n\t\t\t\t<div class=\"elementor-widget-container\">\n\t\t\t\t\t<h3 class=\"elementor-heading-title elementor-size-default\">Nuestro enfoque<\/h3>\t\t\t\t<\/div>\n\t\t\t\t<\/div>\n\t\t\t\t<div class=\"elementor-element elementor-element-22d5dce elementor-widget-divider--view-line elementor-widget elementor-widget-divider\" data-id=\"22d5dce\" data-element_type=\"widget\" data-widget_type=\"divider.default\">\n\t\t\t\t<div class=\"elementor-widget-container\">\n\t\t\t\t\t\t\t<div class=\"elementor-divider\">\n\t\t\t<span class=\"elementor-divider-separator\">\n\t\t\t\t\t\t<\/span>\n\t\t<\/div>\n\t\t\t\t\t\t<\/div>\n\t\t\t\t<\/div>\n\t\t\t\t<div class=\"elementor-element elementor-element-97f0e5b elementor-widget elementor-widget-image\" data-id=\"97f0e5b\" data-element_type=\"widget\" data-widget_type=\"image.default\">\n\t\t\t\t<div class=\"elementor-widget-container\">\n\t\t\t\t\t\t\t\t\t\t\t\t\t\t\t<img fetchpriority=\"high\" decoding=\"async\" width=\"1024\" height=\"440\" src=\"https:\/\/lomartov.com\/wp-content\/uploads\/2025\/04\/ECODESIGN-FIGURE-6-e1744366181760-1024x440.png\" class=\"attachment-large size-large wp-image-5155\" alt=\"\" srcset=\"https:\/\/lomartov.com\/wp-content\/uploads\/2025\/04\/ECODESIGN-FIGURE-6-e1744366181760-1024x440.png 1024w, https:\/\/lomartov.com\/wp-content\/uploads\/2025\/04\/ECODESIGN-FIGURE-6-e1744366181760-300x129.png 300w, https:\/\/lomartov.com\/wp-content\/uploads\/2025\/04\/ECODESIGN-FIGURE-6-e1744366181760-768x330.png 768w, https:\/\/lomartov.com\/wp-content\/uploads\/2025\/04\/ECODESIGN-FIGURE-6-e1744366181760-1536x660.png 1536w, https:\/\/lomartov.com\/wp-content\/uploads\/2025\/04\/ECODESIGN-FIGURE-6-e1744366181760-2048x881.png 2048w\" sizes=\"(max-width: 1024px) 100vw, 1024px\" \/>\t\t\t\t\t\t\t\t\t\t\t\t\t\t\t<\/div>\n\t\t\t\t<\/div>\n\t\t\t\t<div class=\"elementor-element elementor-element-d478e05 elementor-widget elementor-widget-heading\" data-id=\"d478e05\" data-element_type=\"widget\" data-widget_type=\"heading.default\">\n\t\t\t\t<div class=\"elementor-widget-container\">\n\t\t\t\t\t<h3 class=\"elementor-heading-title elementor-size-default\">Beneficios para tu innovaci\u00f3n<\/h3>\t\t\t\t<\/div>\n\t\t\t\t<\/div>\n\t\t\t\t<div class=\"elementor-element elementor-element-a3c2e35 elementor-widget-divider--view-line elementor-widget elementor-widget-divider\" data-id=\"a3c2e35\" data-element_type=\"widget\" data-widget_type=\"divider.default\">\n\t\t\t\t<div class=\"elementor-widget-container\">\n\t\t\t\t\t\t\t<div class=\"elementor-divider\">\n\t\t\t<span class=\"elementor-divider-separator\">\n\t\t\t\t\t\t<\/span>\n\t\t<\/div>\n\t\t\t\t\t\t<\/div>\n\t\t\t\t<\/div>\n\t\t\t\t<div class=\"elementor-element elementor-element-b5479d8 elementor-widget elementor-widget-text-editor\" data-id=\"b5479d8\" data-element_type=\"widget\" data-widget_type=\"text-editor.default\">\n\t\t\t\t<div class=\"elementor-widget-container\">\n\t\t\t\t\t\t\t\t\t<ul><li>Desarrollo tecnol\u00f3gico acelerado con planificaci\u00f3n estrat\u00e9gica de innovaci\u00f3n.<\/li><li>Integraci\u00f3n de soluciones sostenibles y resilientes y perspectiva de ciclo de vida.<\/li><li>Mayor competitividad fundada en la diferenciaci\u00f3n estrat\u00e9gica basada en datos.<\/li><li>Alineaci\u00f3n con mercado y oportunidades de financiaci\u00f3n para optimizar las inversiones en I+D.<\/li><\/ul>\t\t\t\t\t\t\t\t<\/div>\n\t\t\t\t<\/div>\n\t\t\t\t\t<\/div>\n\t\t\t\t<\/div>\n\t\t\t\t<\/div>\n\t\t","protected":false},"excerpt":{"rendered":"<p>\u00bfQu\u00e9 es el asesoramiento tecnol\u00f3gico? Nuestro\u00a0asesoramiento tecnol\u00f3gico sigue un enfoque estructurado para guiar a las organizaciones en la adopci\u00f3n, optimizaci\u00f3n y escalamiento de nuevas tecnolog\u00edas. Al brindar perspectivas expertas y mentor\u00eda pr\u00e1ctica, ayudamos a reducir la brecha entre la investigaci\u00f3n y la adopci\u00f3n del mercado, garantizando procesos de innovaci\u00f3n eficientes y de alto impacto. \u00a0 [&hellip;]<\/p>\n","protected":false},"author":7,"featured_media":0,"parent":0,"menu_order":0,"comment_status":"closed","ping_status":"closed","template":"","meta":{"footnotes":""},"class_list":["post-466","page","type-page","status-publish","hentry"],"yoast_head":"<!-- This site is optimized with the Yoast SEO plugin v24.8.1 - https:\/\/yoast.com\/wordpress\/plugins\/seo\/ -->\n<title>Asesoramiento tecnol\u00f3gico - LOMARTOV<\/title>\n<meta name=\"robots\" content=\"index, follow, max-snippet:-1, max-image-preview:large, max-video-preview:-1\" \/>\n<link rel=\"canonical\" href=\"https:\/\/lomartov.com\/es\/asesoramiento-tecnologico\/\" \/>\n<meta property=\"og:locale\" content=\"es_ES\" \/>\n<meta property=\"og:type\" content=\"article\" \/>\n<meta property=\"og:title\" content=\"Asesoramiento tecnol\u00f3gico - LOMARTOV\" \/>\n<meta property=\"og:description\" content=\"\u00bfQu\u00e9 es el asesoramiento tecnol\u00f3gico? Nuestro\u00a0asesoramiento tecnol\u00f3gico sigue un enfoque estructurado para guiar a las organizaciones en la adopci\u00f3n, optimizaci\u00f3n y escalamiento de nuevas tecnolog\u00edas. Al brindar perspectivas expertas y mentor\u00eda pr\u00e1ctica, ayudamos a reducir la brecha entre la investigaci\u00f3n y la adopci\u00f3n del mercado, garantizando procesos de innovaci\u00f3n eficientes y de alto impacto. \u00a0 [&hellip;]\" \/>\n<meta property=\"og:url\" content=\"https:\/\/lomartov.com\/es\/asesoramiento-tecnologico\/\" \/>\n<meta property=\"og:site_name\" content=\"LOMARTOV\" \/>\n<meta property=\"article:modified_time\" content=\"2025-04-11T10:12:31+00:00\" \/>\n<meta property=\"og:image\" content=\"https:\/\/lomartov.com\/wp-content\/uploads\/2025\/04\/ECODESIGN-FIGURE-6-e1744366181760-1024x440.png\" \/>\n<meta name=\"twitter:card\" content=\"summary_large_image\" \/>\n<meta name=\"twitter:label1\" content=\"Tiempo de lectura\" \/>\n\t<meta name=\"twitter:data1\" content=\"2 minutos\" \/>\n<script type=\"application\/ld+json\" class=\"yoast-schema-graph\">{\"@context\":\"https:\/\/schema.org\",\"@graph\":[{\"@type\":\"WebPage\",\"@id\":\"https:\/\/lomartov.com\/es\/asesoramiento-tecnologico\/\",\"url\":\"https:\/\/lomartov.com\/es\/asesoramiento-tecnologico\/\",\"name\":\"Asesoramiento tecnol\u00f3gico - LOMARTOV\",\"isPartOf\":{\"@id\":\"https:\/\/lomartov.com\/es\/#website\"},\"primaryImageOfPage\":{\"@id\":\"https:\/\/lomartov.com\/es\/asesoramiento-tecnologico\/#primaryimage\"},\"image\":{\"@id\":\"https:\/\/lomartov.com\/es\/asesoramiento-tecnologico\/#primaryimage\"},\"thumbnailUrl\":\"https:\/\/lomartov.com\/wp-content\/uploads\/2025\/04\/ECODESIGN-FIGURE-6-e1744366181760-1024x440.png\",\"datePublished\":\"2021-05-12T10:59:22+00:00\",\"dateModified\":\"2025-04-11T10:12:31+00:00\",\"breadcrumb\":{\"@id\":\"https:\/\/lomartov.com\/es\/asesoramiento-tecnologico\/#breadcrumb\"},\"inLanguage\":\"es\",\"potentialAction\":[{\"@type\":\"ReadAction\",\"target\":[\"https:\/\/lomartov.com\/es\/asesoramiento-tecnologico\/\"]}]},{\"@type\":\"ImageObject\",\"inLanguage\":\"es\",\"@id\":\"https:\/\/lomartov.com\/es\/asesoramiento-tecnologico\/#primaryimage\",\"url\":\"https:\/\/lomartov.com\/wp-content\/uploads\/2025\/04\/ECODESIGN-FIGURE-6-e1744366181760-1024x440.png\",\"contentUrl\":\"https:\/\/lomartov.com\/wp-content\/uploads\/2025\/04\/ECODESIGN-FIGURE-6-e1744366181760-1024x440.png\"},{\"@type\":\"BreadcrumbList\",\"@id\":\"https:\/\/lomartov.com\/es\/asesoramiento-tecnologico\/#breadcrumb\",\"itemListElement\":[{\"@type\":\"ListItem\",\"position\":1,\"name\":\"Home\",\"item\":\"https:\/\/lomartov.com\/es\/\"},{\"@type\":\"ListItem\",\"position\":2,\"name\":\"Asesoramiento tecnol\u00f3gico\"}]},{\"@type\":\"WebSite\",\"@id\":\"https:\/\/lomartov.com\/es\/#website\",\"url\":\"https:\/\/lomartov.com\/es\/\",\"name\":\"LOMARTOV\",\"description\":\"Applied Innovation Engineering\",\"potentialAction\":[{\"@type\":\"SearchAction\",\"target\":{\"@type\":\"EntryPoint\",\"urlTemplate\":\"https:\/\/lomartov.com\/es\/?s={search_term_string}\"},\"query-input\":{\"@type\":\"PropertyValueSpecification\",\"valueRequired\":true,\"valueName\":\"search_term_string\"}}],\"inLanguage\":\"es\"}]}<\/script>\n<!-- \/ Yoast SEO plugin. -->","yoast_head_json":{"title":"Asesoramiento tecnol\u00f3gico - LOMARTOV","robots":{"index":"index","follow":"follow","max-snippet":"max-snippet:-1","max-image-preview":"max-image-preview:large","max-video-preview":"max-video-preview:-1"},"canonical":"https:\/\/lomartov.com\/es\/asesoramiento-tecnologico\/","og_locale":"es_ES","og_type":"article","og_title":"Asesoramiento tecnol\u00f3gico - LOMARTOV","og_description":"\u00bfQu\u00e9 es el asesoramiento tecnol\u00f3gico? Nuestro\u00a0asesoramiento tecnol\u00f3gico sigue un enfoque estructurado para guiar a las organizaciones en la adopci\u00f3n, optimizaci\u00f3n y escalamiento de nuevas tecnolog\u00edas. Al brindar perspectivas expertas y mentor\u00eda pr\u00e1ctica, ayudamos a reducir la brecha entre la investigaci\u00f3n y la adopci\u00f3n del mercado, garantizando procesos de innovaci\u00f3n eficientes y de alto impacto. \u00a0 [&hellip;]","og_url":"https:\/\/lomartov.com\/es\/asesoramiento-tecnologico\/","og_site_name":"LOMARTOV","article_modified_time":"2025-04-11T10:12:31+00:00","og_image":[{"url":"https:\/\/lomartov.com\/wp-content\/uploads\/2025\/04\/ECODESIGN-FIGURE-6-e1744366181760-1024x440.png","type":"","width":"","height":""}],"twitter_card":"summary_large_image","twitter_misc":{"Tiempo de lectura":"2 minutos"},"schema":{"@context":"https:\/\/schema.org","@graph":[{"@type":"WebPage","@id":"https:\/\/lomartov.com\/es\/asesoramiento-tecnologico\/","url":"https:\/\/lomartov.com\/es\/asesoramiento-tecnologico\/","name":"Asesoramiento tecnol\u00f3gico - LOMARTOV","isPartOf":{"@id":"https:\/\/lomartov.com\/es\/#website"},"primaryImageOfPage":{"@id":"https:\/\/lomartov.com\/es\/asesoramiento-tecnologico\/#primaryimage"},"image":{"@id":"https:\/\/lomartov.com\/es\/asesoramiento-tecnologico\/#primaryimage"},"thumbnailUrl":"https:\/\/lomartov.com\/wp-content\/uploads\/2025\/04\/ECODESIGN-FIGURE-6-e1744366181760-1024x440.png","datePublished":"2021-05-12T10:59:22+00:00","dateModified":"2025-04-11T10:12:31+00:00","breadcrumb":{"@id":"https:\/\/lomartov.com\/es\/asesoramiento-tecnologico\/#breadcrumb"},"inLanguage":"es","potentialAction":[{"@type":"ReadAction","target":["https:\/\/lomartov.com\/es\/asesoramiento-tecnologico\/"]}]},{"@type":"ImageObject","inLanguage":"es","@id":"https:\/\/lomartov.com\/es\/asesoramiento-tecnologico\/#primaryimage","url":"https:\/\/lomartov.com\/wp-content\/uploads\/2025\/04\/ECODESIGN-FIGURE-6-e1744366181760-1024x440.png","contentUrl":"https:\/\/lomartov.com\/wp-content\/uploads\/2025\/04\/ECODESIGN-FIGURE-6-e1744366181760-1024x440.png"},{"@type":"BreadcrumbList","@id":"https:\/\/lomartov.com\/es\/asesoramiento-tecnologico\/#breadcrumb","itemListElement":[{"@type":"ListItem","position":1,"name":"Home","item":"https:\/\/lomartov.com\/es\/"},{"@type":"ListItem","position":2,"name":"Asesoramiento tecnol\u00f3gico"}]},{"@type":"WebSite","@id":"https:\/\/lomartov.com\/es\/#website","url":"https:\/\/lomartov.com\/es\/","name":"LOMARTOV","description":"Applied Innovation Engineering","potentialAction":[{"@type":"SearchAction","target":{"@type":"EntryPoint","urlTemplate":"https:\/\/lomartov.com\/es\/?s={search_term_string}"},"query-input":{"@type":"PropertyValueSpecification","valueRequired":true,"valueName":"search_term_string"}}],"inLanguage":"es"}]}},"_links":{"self":[{"href":"https:\/\/lomartov.com\/es\/wp-json\/wp\/v2\/pages\/466","targetHints":{"allow":["GET"]}}],"collection":[{"href":"https:\/\/lomartov.com\/es\/wp-json\/wp\/v2\/pages"}],"about":[{"href":"https:\/\/lomartov.com\/es\/wp-json\/wp\/v2\/types\/page"}],"author":[{"embeddable":true,"href":"https:\/\/lomartov.com\/es\/wp-json\/wp\/v2\/users\/7"}],"replies":[{"embeddable":true,"href":"https:\/\/lomartov.com\/es\/wp-json\/wp\/v2\/comments?post=466"}],"version-history":[{"count":5,"href":"https:\/\/lomartov.com\/es\/wp-json\/wp\/v2\/pages\/466\/revisions"}],"predecessor-version":[{"id":5160,"href":"https:\/\/lomartov.com\/es\/wp-json\/wp\/v2\/pages\/466\/revisions\/5160"}],"wp:attachment":[{"href":"https:\/\/lomartov.com\/es\/wp-json\/wp\/v2\/media?parent=466"}],"curies":[{"name":"wp","href":"https:\/\/api.w.org\/{rel}","templated":true}]}}