{"id":4747,"date":"2025-01-09T13:50:37","date_gmt":"2025-01-09T13:50:37","guid":{"rendered":"https:\/\/lomartov.com\/?page_id=4747"},"modified":"2025-05-09T06:19:47","modified_gmt":"2025-05-09T06:19:47","slug":"analisis-economico-tea-lcc","status":"publish","type":"page","link":"https:\/\/lomartov.com\/es\/analisis-economico-tea-lcc\/","title":{"rendered":"An\u00e1lisis econ\u00f3mico (TEA, LCC)"},"content":{"rendered":"\t\t<div data-elementor-type=\"wp-page\" data-elementor-id=\"4747\" class=\"elementor elementor-4747 elementor-4713\">\n\t\t\t\t<div class=\"elementor-element elementor-element-51d810b e-flex e-con-boxed e-con e-parent\" data-id=\"51d810b\" data-element_type=\"container\">\n\t\t\t\t\t<div class=\"e-con-inner\">\n\t\t\t\t<div class=\"elementor-element elementor-element-9653839 elementor-widget elementor-widget-heading\" data-id=\"9653839\" data-element_type=\"widget\" data-widget_type=\"heading.default\">\n\t\t\t\t<div class=\"elementor-widget-container\">\n\t\t\t\t\t<h3 class=\"elementor-heading-title elementor-size-default\">\u00bfQu\u00e9 es el an\u00e1lisis econ\u00f3mico?\n<\/h3>\t\t\t\t<\/div>\n\t\t\t\t<\/div>\n\t\t\t\t<div class=\"elementor-element elementor-element-789a2f7 elementor-widget-divider--view-line elementor-widget elementor-widget-divider\" data-id=\"789a2f7\" data-element_type=\"widget\" data-widget_type=\"divider.default\">\n\t\t\t\t<div class=\"elementor-widget-container\">\n\t\t\t\t\t\t\t<div class=\"elementor-divider\">\n\t\t\t<span class=\"elementor-divider-separator\">\n\t\t\t\t\t\t<\/span>\n\t\t<\/div>\n\t\t\t\t\t\t<\/div>\n\t\t\t\t<\/div>\n\t\t\t\t<div class=\"elementor-element elementor-element-6b14a90 elementor-widget elementor-widget-text-editor\" data-id=\"6b14a90\" data-element_type=\"widget\" data-widget_type=\"text-editor.default\">\n\t\t\t\t<div class=\"elementor-widget-container\">\n\t\t\t\t\t\t\t\t\t<div class=\"elementor-element elementor-element-c3e79f2 elementor-widget elementor-widget-text-editor\" data-id=\"c3e79f2\" data-element_type=\"widget\" data-widget_type=\"text-editor.default\"><div class=\"elementor-widget-container\"><p><strong>El an\u00e1lisis econ\u00f3mico<\/strong>\u00a0es el proceso de evaluar la viabilidad financiera y la rentabilidad de tecnolog\u00edas, productos o servicios innovadores. Proporciona una comprensi\u00f3n clara del rendimiento econ\u00f3mico de un proyecto a lo largo de su ciclo de vida, lo que ayuda a las organizaciones a tomar decisiones de inversi\u00f3n informadas, optimizar la asignaci\u00f3n de recursos y aumentar la competitividad en el mercado.<\/p><\/div><\/div>\t\t\t\t\t\t\t\t<\/div>\n\t\t\t\t<\/div>\n\t\t\t\t<div class=\"elementor-element elementor-element-c2169da elementor-widget elementor-widget-heading\" data-id=\"c2169da\" data-element_type=\"widget\" data-widget_type=\"heading.default\">\n\t\t\t\t<div class=\"elementor-widget-container\">\n\t\t\t\t\t<h3 class=\"elementor-heading-title elementor-size-default\">Lo que ofrecemos<\/h3>\t\t\t\t<\/div>\n\t\t\t\t<\/div>\n\t\t\t\t<div class=\"elementor-element elementor-element-11e0d57 elementor-widget-divider--view-line elementor-widget elementor-widget-divider\" data-id=\"11e0d57\" data-element_type=\"widget\" data-widget_type=\"divider.default\">\n\t\t\t\t<div class=\"elementor-widget-container\">\n\t\t\t\t\t\t\t<div class=\"elementor-divider\">\n\t\t\t<span class=\"elementor-divider-separator\">\n\t\t\t\t\t\t<\/span>\n\t\t<\/div>\n\t\t\t\t\t\t<\/div>\n\t\t\t\t<\/div>\n\t\t\t\t<div class=\"elementor-element elementor-element-1071d78 elementor-widget elementor-widget-text-editor\" data-id=\"1071d78\" data-element_type=\"widget\" data-widget_type=\"text-editor.default\">\n\t\t\t\t<div class=\"elementor-widget-container\">\n\t\t\t\t\t\t\t\t\t<div class=\"elementor-element elementor-element-3280994 elementor-widget elementor-widget-text-editor\" data-id=\"3280994\" data-element_type=\"widget\" data-widget_type=\"text-editor.default\"><div class=\"elementor-widget-container\"><p>En LOMARTOV, nos especializamos en dos metodolog\u00edas clave que garantizan que tus innovaciones no solo sean sostenibles sino tambi\u00e9n econ\u00f3micamente viables en el competitivo mercado global:<\/p><ul><li><strong>Evaluaci\u00f3n t\u00e9cnico-econ\u00f3mica (TEA):<\/strong>\u00a0Eval\u00faa la viabilidad t\u00e9cnica y econ\u00f3mica de las tecnolog\u00edas emergentes.<\/li><li><strong>Coste del ciclo de vida (LCC):<\/strong>\u00a0analiza el costo total de un producto o servicio a lo largo de su ciclo de vida, desde la producci\u00f3n hasta su eliminaci\u00f3n.<\/li><\/ul><\/div><\/div>\t\t\t\t\t\t\t\t<\/div>\n\t\t\t\t<\/div>\n\t\t\t\t<div class=\"elementor-element elementor-element-cf03f59 elementor-widget elementor-widget-heading\" data-id=\"cf03f59\" data-element_type=\"widget\" data-widget_type=\"heading.default\">\n\t\t\t\t<div class=\"elementor-widget-container\">\n\t\t\t\t\t<h3 class=\"elementor-heading-title elementor-size-default\">Nuestros servicios de an\u00e1lisis econ\u00f3mico<\/h3>\t\t\t\t<\/div>\n\t\t\t\t<\/div>\n\t\t\t\t<div class=\"elementor-element elementor-element-d1b0d61 elementor-widget-divider--view-line elementor-widget elementor-widget-divider\" data-id=\"d1b0d61\" data-element_type=\"widget\" data-widget_type=\"divider.default\">\n\t\t\t\t<div class=\"elementor-widget-container\">\n\t\t\t\t\t\t\t<div class=\"elementor-divider\">\n\t\t\t<span class=\"elementor-divider-separator\">\n\t\t\t\t\t\t<\/span>\n\t\t<\/div>\n\t\t\t\t\t\t<\/div>\n\t\t\t\t<\/div>\n\t\t\t\t<div class=\"elementor-element elementor-element-6c22d10 elementor-widget elementor-widget-image\" data-id=\"6c22d10\" data-element_type=\"widget\" data-widget_type=\"image.default\">\n\t\t\t\t<div class=\"elementor-widget-container\">\n\t\t\t\t\t\t\t\t\t\t\t\t\t\t\t<img fetchpriority=\"high\" decoding=\"async\" width=\"3360\" height=\"1890\" src=\"https:\/\/lomartov.com\/wp-content\/uploads\/2025\/05\/ECODESIGN-FIGURE-9.png\" class=\"attachment-full size-full wp-image-5231\" alt=\"\" srcset=\"https:\/\/lomartov.com\/wp-content\/uploads\/2025\/05\/ECODESIGN-FIGURE-9.png 3360w, https:\/\/lomartov.com\/wp-content\/uploads\/2025\/05\/ECODESIGN-FIGURE-9-300x169.png 300w, https:\/\/lomartov.com\/wp-content\/uploads\/2025\/05\/ECODESIGN-FIGURE-9-1024x576.png 1024w, https:\/\/lomartov.com\/wp-content\/uploads\/2025\/05\/ECODESIGN-FIGURE-9-768x432.png 768w, https:\/\/lomartov.com\/wp-content\/uploads\/2025\/05\/ECODESIGN-FIGURE-9-1536x864.png 1536w, https:\/\/lomartov.com\/wp-content\/uploads\/2025\/05\/ECODESIGN-FIGURE-9-2048x1152.png 2048w\" sizes=\"(max-width: 3360px) 100vw, 3360px\" \/>\t\t\t\t\t\t\t\t\t\t\t\t\t\t\t<\/div>\n\t\t\t\t<\/div>\n\t\t\t\t<div class=\"elementor-element elementor-element-977151e elementor-widget elementor-widget-heading\" data-id=\"977151e\" data-element_type=\"widget\" data-widget_type=\"heading.default\">\n\t\t\t\t<div class=\"elementor-widget-container\">\n\t\t\t\t\t<h3 class=\"elementor-heading-title elementor-size-default\">Beneficios para tu innovaci\u00f3n<\/h3>\t\t\t\t<\/div>\n\t\t\t\t<\/div>\n\t\t\t\t<div class=\"elementor-element elementor-element-66d0a88 elementor-widget-divider--view-line elementor-widget elementor-widget-divider\" data-id=\"66d0a88\" data-element_type=\"widget\" data-widget_type=\"divider.default\">\n\t\t\t\t<div class=\"elementor-widget-container\">\n\t\t\t\t\t\t\t<div class=\"elementor-divider\">\n\t\t\t<span class=\"elementor-divider-separator\">\n\t\t\t\t\t\t<\/span>\n\t\t<\/div>\n\t\t\t\t\t\t<\/div>\n\t\t\t\t<\/div>\n\t\t\t\t<div class=\"elementor-element elementor-element-a0ab60a elementor-widget elementor-widget-text-editor\" data-id=\"a0ab60a\" data-element_type=\"widget\" data-widget_type=\"text-editor.default\">\n\t\t\t\t<div class=\"elementor-widget-container\">\n\t\t\t\t\t\t\t\t\t<ul><li><span><span>Comprensi\u00f3n de los riesgos y oportunidades econ\u00f3micas vinculados a tu proyecto.<\/span><\/span><\/li><li><span><span>Asignaci\u00f3n optimizada de recursos a lo largo de su cadena de valor.<\/span><\/span><\/li><li><span><span>Mejor posicionamiento mediante estudios de mercado y estrategias financieras.<\/span><\/span><\/li><li><span><span>Cumplimiento de las pol\u00edticas de la UE y financiaci\u00f3n asegurada a trav\u00e9s de programas pertinentes.<\/span><\/span><\/li><li><span><span>Mitigaci\u00f3n de riesgos mediante an\u00e1lisis s\u00f3lidos de sensibilidad y riesgo.<\/span><\/span><\/li><\/ul>\t\t\t\t\t\t\t\t<\/div>\n\t\t\t\t<\/div>\n\t\t\t\t\t<\/div>\n\t\t\t\t<\/div>\n\t\t\t\t<\/div>\n\t\t","protected":false},"excerpt":{"rendered":"<p>\u00bfQu\u00e9 es el an\u00e1lisis econ\u00f3mico? El an\u00e1lisis econ\u00f3mico\u00a0es el proceso de evaluar la viabilidad financiera y la rentabilidad de tecnolog\u00edas, productos o servicios innovadores. Proporciona una comprensi\u00f3n clara del rendimiento econ\u00f3mico de un proyecto a lo largo de su ciclo de vida, lo que ayuda a las organizaciones a tomar decisiones de inversi\u00f3n informadas, optimizar [&hellip;]<\/p>\n","protected":false},"author":8,"featured_media":0,"parent":0,"menu_order":0,"comment_status":"closed","ping_status":"closed","template":"","meta":{"footnotes":""},"class_list":["post-4747","page","type-page","status-publish","hentry"],"yoast_head":"<!-- This site is optimized with the Yoast SEO plugin v24.8.1 - https:\/\/yoast.com\/wordpress\/plugins\/seo\/ -->\n<title>An\u00e1lisis econ\u00f3mico (TEA, LCC) - LOMARTOV<\/title>\n<meta name=\"robots\" content=\"index, follow, max-snippet:-1, max-image-preview:large, max-video-preview:-1\" \/>\n<link rel=\"canonical\" href=\"https:\/\/lomartov.com\/es\/analisis-economico-tea-lcc\/\" \/>\n<meta property=\"og:locale\" content=\"es_ES\" \/>\n<meta property=\"og:type\" content=\"article\" \/>\n<meta property=\"og:title\" content=\"An\u00e1lisis econ\u00f3mico (TEA, LCC) - LOMARTOV\" \/>\n<meta property=\"og:description\" content=\"\u00bfQu\u00e9 es el an\u00e1lisis econ\u00f3mico? El an\u00e1lisis econ\u00f3mico\u00a0es el proceso de evaluar la viabilidad financiera y la rentabilidad de tecnolog\u00edas, productos o servicios innovadores. Proporciona una comprensi\u00f3n clara del rendimiento econ\u00f3mico de un proyecto a lo largo de su ciclo de vida, lo que ayuda a las organizaciones a tomar decisiones de inversi\u00f3n informadas, optimizar [&hellip;]\" \/>\n<meta property=\"og:url\" content=\"https:\/\/lomartov.com\/es\/analisis-economico-tea-lcc\/\" \/>\n<meta property=\"og:site_name\" content=\"LOMARTOV\" \/>\n<meta property=\"article:modified_time\" content=\"2025-05-09T06:19:47+00:00\" \/>\n<meta property=\"og:image\" content=\"https:\/\/lomartov.com\/wp-content\/uploads\/2025\/05\/ECODESIGN-FIGURE-9.png\" \/>\n\t<meta property=\"og:image:width\" content=\"3360\" \/>\n\t<meta property=\"og:image:height\" content=\"1890\" \/>\n\t<meta property=\"og:image:type\" content=\"image\/png\" \/>\n<meta name=\"twitter:card\" content=\"summary_large_image\" \/>\n<meta name=\"twitter:label1\" content=\"Tiempo de lectura\" \/>\n\t<meta name=\"twitter:data1\" content=\"2 minutos\" \/>\n<script type=\"application\/ld+json\" class=\"yoast-schema-graph\">{\"@context\":\"https:\/\/schema.org\",\"@graph\":[{\"@type\":\"WebPage\",\"@id\":\"https:\/\/lomartov.com\/es\/analisis-economico-tea-lcc\/\",\"url\":\"https:\/\/lomartov.com\/es\/analisis-economico-tea-lcc\/\",\"name\":\"An\u00e1lisis econ\u00f3mico (TEA, LCC) - LOMARTOV\",\"isPartOf\":{\"@id\":\"https:\/\/lomartov.com\/es\/#website\"},\"primaryImageOfPage\":{\"@id\":\"https:\/\/lomartov.com\/es\/analisis-economico-tea-lcc\/#primaryimage\"},\"image\":{\"@id\":\"https:\/\/lomartov.com\/es\/analisis-economico-tea-lcc\/#primaryimage\"},\"thumbnailUrl\":\"https:\/\/lomartov.com\/wp-content\/uploads\/2025\/05\/ECODESIGN-FIGURE-9.png\",\"datePublished\":\"2025-01-09T13:50:37+00:00\",\"dateModified\":\"2025-05-09T06:19:47+00:00\",\"breadcrumb\":{\"@id\":\"https:\/\/lomartov.com\/es\/analisis-economico-tea-lcc\/#breadcrumb\"},\"inLanguage\":\"es\",\"potentialAction\":[{\"@type\":\"ReadAction\",\"target\":[\"https:\/\/lomartov.com\/es\/analisis-economico-tea-lcc\/\"]}]},{\"@type\":\"ImageObject\",\"inLanguage\":\"es\",\"@id\":\"https:\/\/lomartov.com\/es\/analisis-economico-tea-lcc\/#primaryimage\",\"url\":\"https:\/\/lomartov.com\/wp-content\/uploads\/2025\/05\/ECODESIGN-FIGURE-9.png\",\"contentUrl\":\"https:\/\/lomartov.com\/wp-content\/uploads\/2025\/05\/ECODESIGN-FIGURE-9.png\"},{\"@type\":\"BreadcrumbList\",\"@id\":\"https:\/\/lomartov.com\/es\/analisis-economico-tea-lcc\/#breadcrumb\",\"itemListElement\":[{\"@type\":\"ListItem\",\"position\":1,\"name\":\"Home\",\"item\":\"https:\/\/lomartov.com\/es\/\"},{\"@type\":\"ListItem\",\"position\":2,\"name\":\"An\u00e1lisis econ\u00f3mico (TEA, LCC)\"}]},{\"@type\":\"WebSite\",\"@id\":\"https:\/\/lomartov.com\/es\/#website\",\"url\":\"https:\/\/lomartov.com\/es\/\",\"name\":\"LOMARTOV\",\"description\":\"Applied Innovation Engineering\",\"potentialAction\":[{\"@type\":\"SearchAction\",\"target\":{\"@type\":\"EntryPoint\",\"urlTemplate\":\"https:\/\/lomartov.com\/es\/?s={search_term_string}\"},\"query-input\":{\"@type\":\"PropertyValueSpecification\",\"valueRequired\":true,\"valueName\":\"search_term_string\"}}],\"inLanguage\":\"es\"}]}<\/script>\n<!-- \/ Yoast SEO plugin. -->","yoast_head_json":{"title":"An\u00e1lisis econ\u00f3mico (TEA, LCC) - LOMARTOV","robots":{"index":"index","follow":"follow","max-snippet":"max-snippet:-1","max-image-preview":"max-image-preview:large","max-video-preview":"max-video-preview:-1"},"canonical":"https:\/\/lomartov.com\/es\/analisis-economico-tea-lcc\/","og_locale":"es_ES","og_type":"article","og_title":"An\u00e1lisis econ\u00f3mico (TEA, LCC) - LOMARTOV","og_description":"\u00bfQu\u00e9 es el an\u00e1lisis econ\u00f3mico? El an\u00e1lisis econ\u00f3mico\u00a0es el proceso de evaluar la viabilidad financiera y la rentabilidad de tecnolog\u00edas, productos o servicios innovadores. Proporciona una comprensi\u00f3n clara del rendimiento econ\u00f3mico de un proyecto a lo largo de su ciclo de vida, lo que ayuda a las organizaciones a tomar decisiones de inversi\u00f3n informadas, optimizar [&hellip;]","og_url":"https:\/\/lomartov.com\/es\/analisis-economico-tea-lcc\/","og_site_name":"LOMARTOV","article_modified_time":"2025-05-09T06:19:47+00:00","og_image":[{"width":3360,"height":1890,"url":"https:\/\/lomartov.com\/wp-content\/uploads\/2025\/05\/ECODESIGN-FIGURE-9.png","type":"image\/png"}],"twitter_card":"summary_large_image","twitter_misc":{"Tiempo de lectura":"2 minutos"},"schema":{"@context":"https:\/\/schema.org","@graph":[{"@type":"WebPage","@id":"https:\/\/lomartov.com\/es\/analisis-economico-tea-lcc\/","url":"https:\/\/lomartov.com\/es\/analisis-economico-tea-lcc\/","name":"An\u00e1lisis econ\u00f3mico (TEA, LCC) - LOMARTOV","isPartOf":{"@id":"https:\/\/lomartov.com\/es\/#website"},"primaryImageOfPage":{"@id":"https:\/\/lomartov.com\/es\/analisis-economico-tea-lcc\/#primaryimage"},"image":{"@id":"https:\/\/lomartov.com\/es\/analisis-economico-tea-lcc\/#primaryimage"},"thumbnailUrl":"https:\/\/lomartov.com\/wp-content\/uploads\/2025\/05\/ECODESIGN-FIGURE-9.png","datePublished":"2025-01-09T13:50:37+00:00","dateModified":"2025-05-09T06:19:47+00:00","breadcrumb":{"@id":"https:\/\/lomartov.com\/es\/analisis-economico-tea-lcc\/#breadcrumb"},"inLanguage":"es","potentialAction":[{"@type":"ReadAction","target":["https:\/\/lomartov.com\/es\/analisis-economico-tea-lcc\/"]}]},{"@type":"ImageObject","inLanguage":"es","@id":"https:\/\/lomartov.com\/es\/analisis-economico-tea-lcc\/#primaryimage","url":"https:\/\/lomartov.com\/wp-content\/uploads\/2025\/05\/ECODESIGN-FIGURE-9.png","contentUrl":"https:\/\/lomartov.com\/wp-content\/uploads\/2025\/05\/ECODESIGN-FIGURE-9.png"},{"@type":"BreadcrumbList","@id":"https:\/\/lomartov.com\/es\/analisis-economico-tea-lcc\/#breadcrumb","itemListElement":[{"@type":"ListItem","position":1,"name":"Home","item":"https:\/\/lomartov.com\/es\/"},{"@type":"ListItem","position":2,"name":"An\u00e1lisis econ\u00f3mico (TEA, LCC)"}]},{"@type":"WebSite","@id":"https:\/\/lomartov.com\/es\/#website","url":"https:\/\/lomartov.com\/es\/","name":"LOMARTOV","description":"Applied Innovation Engineering","potentialAction":[{"@type":"SearchAction","target":{"@type":"EntryPoint","urlTemplate":"https:\/\/lomartov.com\/es\/?s={search_term_string}"},"query-input":{"@type":"PropertyValueSpecification","valueRequired":true,"valueName":"search_term_string"}}],"inLanguage":"es"}]}},"_links":{"self":[{"href":"https:\/\/lomartov.com\/es\/wp-json\/wp\/v2\/pages\/4747","targetHints":{"allow":["GET"]}}],"collection":[{"href":"https:\/\/lomartov.com\/es\/wp-json\/wp\/v2\/pages"}],"about":[{"href":"https:\/\/lomartov.com\/es\/wp-json\/wp\/v2\/types\/page"}],"author":[{"embeddable":true,"href":"https:\/\/lomartov.com\/es\/wp-json\/wp\/v2\/users\/8"}],"replies":[{"embeddable":true,"href":"https:\/\/lomartov.com\/es\/wp-json\/wp\/v2\/comments?post=4747"}],"version-history":[{"count":5,"href":"https:\/\/lomartov.com\/es\/wp-json\/wp\/v2\/pages\/4747\/revisions"}],"predecessor-version":[{"id":5235,"href":"https:\/\/lomartov.com\/es\/wp-json\/wp\/v2\/pages\/4747\/revisions\/5235"}],"wp:attachment":[{"href":"https:\/\/lomartov.com\/es\/wp-json\/wp\/v2\/media?parent=4747"}],"curies":[{"name":"wp","href":"https:\/\/api.w.org\/{rel}","templated":true}]}}