{"id":4749,"date":"2025-01-09T13:51:30","date_gmt":"2025-01-09T13:51:30","guid":{"rendered":"https:\/\/lomartov.com\/?page_id=4749"},"modified":"2025-04-11T09:29:58","modified_gmt":"2025-04-11T09:29:58","slug":"aceptacion-social-y-rri","status":"publish","type":"page","link":"https:\/\/lomartov.com\/es\/aceptacion-social-y-rri\/","title":{"rendered":"Aceptaci\u00f3n social y RRI"},"content":{"rendered":"\t\t<div data-elementor-type=\"wp-page\" data-elementor-id=\"4749\" class=\"elementor elementor-4749 elementor-4717\">\n\t\t\t\t<div class=\"elementor-element elementor-element-c82c342 e-flex e-con-boxed e-con e-parent\" data-id=\"c82c342\" data-element_type=\"container\">\n\t\t\t\t\t<div class=\"e-con-inner\">\n\t\t\t\t<div class=\"elementor-element elementor-element-e77505b elementor-widget elementor-widget-heading\" data-id=\"e77505b\" data-element_type=\"widget\" data-widget_type=\"heading.default\">\n\t\t\t\t<div class=\"elementor-widget-container\">\n\t\t\t\t\t<h3 class=\"elementor-heading-title elementor-size-default\">\u00bfQu\u00e9 son la aceptaci\u00f3n social y la RRI?\n<\/h3>\t\t\t\t<\/div>\n\t\t\t\t<\/div>\n\t\t\t\t<div class=\"elementor-element elementor-element-6bc0ea8 elementor-widget-divider--view-line elementor-widget elementor-widget-divider\" data-id=\"6bc0ea8\" data-element_type=\"widget\" data-widget_type=\"divider.default\">\n\t\t\t\t<div class=\"elementor-widget-container\">\n\t\t\t\t\t\t\t<div class=\"elementor-divider\">\n\t\t\t<span class=\"elementor-divider-separator\">\n\t\t\t\t\t\t<\/span>\n\t\t<\/div>\n\t\t\t\t\t\t<\/div>\n\t\t\t\t<\/div>\n\t\t\t\t<div class=\"elementor-element elementor-element-1851052 elementor-widget elementor-widget-text-editor\" data-id=\"1851052\" data-element_type=\"widget\" data-widget_type=\"text-editor.default\">\n\t\t\t\t<div class=\"elementor-widget-container\">\n\t\t\t\t\t\t\t\t\t<p>En esencia, la aceptaci\u00f3n social y la Investigaci\u00f3n e Innovaci\u00f3n Responsables (RRI) se centran en disminuir la brecha entre la innovaci\u00f3n t\u00e9cnica y el impacto social, garantizando que las tecnolog\u00edas no solo sean innovadoras, sino tambi\u00e9n \u00e9ticas, accesibles y ampliamente aceptadas.<\/p><p><strong>La aceptaci\u00f3n social<\/strong>\u00a0se refiere a la voluntad de la sociedad de adoptar nuevas tecnolog\u00edas, mientras que\u00a0<strong>la RRI<\/strong>\u00a0garantiza que la innovaci\u00f3n se alinee con las necesidades, valores y expectativas de la sociedad.<\/p>\t\t\t\t\t\t\t\t<\/div>\n\t\t\t\t<\/div>\n\t\t\t\t<div class=\"elementor-element elementor-element-b92a4d9 elementor-widget elementor-widget-heading\" data-id=\"b92a4d9\" data-element_type=\"widget\" data-widget_type=\"heading.default\">\n\t\t\t\t<div class=\"elementor-widget-container\">\n\t\t\t\t\t<h3 class=\"elementor-heading-title elementor-size-default\">Lo que ofrecemos<\/h3>\t\t\t\t<\/div>\n\t\t\t\t<\/div>\n\t\t\t\t<div class=\"elementor-element elementor-element-51c5ade elementor-widget-divider--view-line elementor-widget elementor-widget-divider\" data-id=\"51c5ade\" data-element_type=\"widget\" data-widget_type=\"divider.default\">\n\t\t\t\t<div class=\"elementor-widget-container\">\n\t\t\t\t\t\t\t<div class=\"elementor-divider\">\n\t\t\t<span class=\"elementor-divider-separator\">\n\t\t\t\t\t\t<\/span>\n\t\t<\/div>\n\t\t\t\t\t\t<\/div>\n\t\t\t\t<\/div>\n\t\t\t\t<div class=\"elementor-element elementor-element-d1bcca7 elementor-widget elementor-widget-text-editor\" data-id=\"d1bcca7\" data-element_type=\"widget\" data-widget_type=\"text-editor.default\">\n\t\t\t\t<div class=\"elementor-widget-container\">\n\t\t\t\t\t\t\t\t\t<div class=\"elementor-element elementor-element-3280994 elementor-widget elementor-widget-text-editor\" data-id=\"3280994\" data-element_type=\"widget\" data-widget_type=\"text-editor.default\"><div class=\"elementor-widget-container\"><div class=\"elementor-element elementor-element-f190739 elementor-widget elementor-widget-text-editor\" data-id=\"f190739\" data-element_type=\"widget\" data-widget_type=\"text-editor.default\"><div class=\"elementor-widget-container\"><p><span>En LOMARTOV, integramos la aceptaci\u00f3n social y la RRI en el desarrollo de tecnolog\u00edas y productos innovadores que resuenan en las comunidades, cumplen con las regulaciones y conducen al \u00e9xito a largo plazo.<\/span><\/p><\/div><\/div><\/div><\/div>\t\t\t\t\t\t\t\t<\/div>\n\t\t\t\t<\/div>\n\t\t\t\t<div class=\"elementor-element elementor-element-5bacf3b elementor-widget elementor-widget-heading\" data-id=\"5bacf3b\" data-element_type=\"widget\" data-widget_type=\"heading.default\">\n\t\t\t\t<div class=\"elementor-widget-container\">\n\t\t\t\t\t<h3 class=\"elementor-heading-title elementor-size-default\">Nuestro enfoque<\/h3>\t\t\t\t<\/div>\n\t\t\t\t<\/div>\n\t\t\t\t<div class=\"elementor-element elementor-element-8343de1 elementor-widget-divider--view-line elementor-widget elementor-widget-divider\" data-id=\"8343de1\" data-element_type=\"widget\" data-widget_type=\"divider.default\">\n\t\t\t\t<div class=\"elementor-widget-container\">\n\t\t\t\t\t\t\t<div class=\"elementor-divider\">\n\t\t\t<span class=\"elementor-divider-separator\">\n\t\t\t\t\t\t<\/span>\n\t\t<\/div>\n\t\t\t\t\t\t<\/div>\n\t\t\t\t<\/div>\n\t\t\t\t<div class=\"elementor-element elementor-element-279b5cb elementor-widget elementor-widget-image\" data-id=\"279b5cb\" data-element_type=\"widget\" data-widget_type=\"image.default\">\n\t\t\t\t<div class=\"elementor-widget-container\">\n\t\t\t\t\t\t\t\t\t\t\t\t\t\t\t<img fetchpriority=\"high\" decoding=\"async\" width=\"4800\" height=\"2700\" src=\"https:\/\/lomartov.com\/wp-content\/uploads\/2025\/04\/RRI-ES-1.png\" class=\"attachment-full size-full wp-image-5131\" alt=\"\" srcset=\"https:\/\/lomartov.com\/wp-content\/uploads\/2025\/04\/RRI-ES-1.png 4800w, https:\/\/lomartov.com\/wp-content\/uploads\/2025\/04\/RRI-ES-1-300x169.png 300w, https:\/\/lomartov.com\/wp-content\/uploads\/2025\/04\/RRI-ES-1-1024x576.png 1024w, https:\/\/lomartov.com\/wp-content\/uploads\/2025\/04\/RRI-ES-1-768x432.png 768w, https:\/\/lomartov.com\/wp-content\/uploads\/2025\/04\/RRI-ES-1-1536x864.png 1536w, https:\/\/lomartov.com\/wp-content\/uploads\/2025\/04\/RRI-ES-1-2048x1152.png 2048w\" sizes=\"(max-width: 4800px) 100vw, 4800px\" \/>\t\t\t\t\t\t\t\t\t\t\t\t\t\t\t<\/div>\n\t\t\t\t<\/div>\n\t\t\t\t<div class=\"elementor-element elementor-element-73351e1 elementor-widget elementor-widget-heading\" data-id=\"73351e1\" data-element_type=\"widget\" data-widget_type=\"heading.default\">\n\t\t\t\t<div class=\"elementor-widget-container\">\n\t\t\t\t\t<h3 class=\"elementor-heading-title elementor-size-default\">Beneficios para tu innovaci\u00f3n<\/h3>\t\t\t\t<\/div>\n\t\t\t\t<\/div>\n\t\t\t\t<div class=\"elementor-element elementor-element-b327727 elementor-widget-divider--view-line elementor-widget elementor-widget-divider\" data-id=\"b327727\" data-element_type=\"widget\" data-widget_type=\"divider.default\">\n\t\t\t\t<div class=\"elementor-widget-container\">\n\t\t\t\t\t\t\t<div class=\"elementor-divider\">\n\t\t\t<span class=\"elementor-divider-separator\">\n\t\t\t\t\t\t<\/span>\n\t\t<\/div>\n\t\t\t\t\t\t<\/div>\n\t\t\t\t<\/div>\n\t\t\t\t<div class=\"elementor-element elementor-element-5d4e673 elementor-widget elementor-widget-text-editor\" data-id=\"5d4e673\" data-element_type=\"widget\" data-widget_type=\"text-editor.default\">\n\t\t\t\t<div class=\"elementor-widget-container\">\n\t\t\t\t\t\t\t\t\t<ul><li>Mayor confianza social y menor resistencia a tu tecnolog\u00eda o producto.<\/li><li>Mayor aceptaci\u00f3n del mercado para una integraci\u00f3n m\u00e1s fluida en los mercados.<\/li><li>Cumplimiento normativo con los marcos de RRI e impacto social de la UE.<\/li><li>Mejor posicionamiento como l\u00edder en innovaci\u00f3n responsable y sostenible.<\/li><li>Mayor colaboraci\u00f3n entre stakeholders para lograr el \u00e9xito a largo plazo.<\/li><li>Optimizaci\u00f3n de recursos que conduce a ahorro de costes y ganancias de eficiencia.<\/li><\/ul>\t\t\t\t\t\t\t\t<\/div>\n\t\t\t\t<\/div>\n\t\t\t\t\t<\/div>\n\t\t\t\t<\/div>\n\t\t\t\t<\/div>\n\t\t","protected":false},"excerpt":{"rendered":"<p>\u00bfQu\u00e9 son la aceptaci\u00f3n social y la RRI? En esencia, la aceptaci\u00f3n social y la Investigaci\u00f3n e Innovaci\u00f3n Responsables (RRI) se centran en disminuir la brecha entre la innovaci\u00f3n t\u00e9cnica y el impacto social, garantizando que las tecnolog\u00edas no solo sean innovadoras, sino tambi\u00e9n \u00e9ticas, accesibles y ampliamente aceptadas. La aceptaci\u00f3n social\u00a0se refiere a la [&hellip;]<\/p>\n","protected":false},"author":8,"featured_media":0,"parent":0,"menu_order":0,"comment_status":"closed","ping_status":"closed","template":"","meta":{"footnotes":""},"class_list":["post-4749","page","type-page","status-publish","hentry"],"yoast_head":"<!-- This site is optimized with the Yoast SEO plugin v24.8.1 - https:\/\/yoast.com\/wordpress\/plugins\/seo\/ -->\n<title>Aceptaci\u00f3n social y RRI - LOMARTOV<\/title>\n<meta name=\"robots\" content=\"index, follow, max-snippet:-1, max-image-preview:large, max-video-preview:-1\" \/>\n<link rel=\"canonical\" href=\"https:\/\/lomartov.com\/es\/aceptacion-social-y-rri\/\" \/>\n<meta property=\"og:locale\" content=\"es_ES\" \/>\n<meta property=\"og:type\" content=\"article\" \/>\n<meta property=\"og:title\" content=\"Aceptaci\u00f3n social y RRI - LOMARTOV\" \/>\n<meta property=\"og:description\" content=\"\u00bfQu\u00e9 son la aceptaci\u00f3n social y la RRI? En esencia, la aceptaci\u00f3n social y la Investigaci\u00f3n e Innovaci\u00f3n Responsables (RRI) se centran en disminuir la brecha entre la innovaci\u00f3n t\u00e9cnica y el impacto social, garantizando que las tecnolog\u00edas no solo sean innovadoras, sino tambi\u00e9n \u00e9ticas, accesibles y ampliamente aceptadas. La aceptaci\u00f3n social\u00a0se refiere a la [&hellip;]\" \/>\n<meta property=\"og:url\" content=\"https:\/\/lomartov.com\/es\/aceptacion-social-y-rri\/\" \/>\n<meta property=\"og:site_name\" content=\"LOMARTOV\" \/>\n<meta property=\"article:modified_time\" content=\"2025-04-11T09:29:58+00:00\" \/>\n<meta property=\"og:image\" content=\"https:\/\/lomartov.com\/wp-content\/uploads\/2025\/04\/RRI-ES-1.png\" \/>\n<meta name=\"twitter:card\" content=\"summary_large_image\" \/>\n<meta name=\"twitter:label1\" content=\"Tiempo de lectura\" \/>\n\t<meta name=\"twitter:data1\" content=\"2 minutos\" \/>\n<script type=\"application\/ld+json\" class=\"yoast-schema-graph\">{\"@context\":\"https:\/\/schema.org\",\"@graph\":[{\"@type\":\"WebPage\",\"@id\":\"https:\/\/lomartov.com\/es\/aceptacion-social-y-rri\/\",\"url\":\"https:\/\/lomartov.com\/es\/aceptacion-social-y-rri\/\",\"name\":\"Aceptaci\u00f3n social y RRI - LOMARTOV\",\"isPartOf\":{\"@id\":\"https:\/\/lomartov.com\/es\/#website\"},\"primaryImageOfPage\":{\"@id\":\"https:\/\/lomartov.com\/es\/aceptacion-social-y-rri\/#primaryimage\"},\"image\":{\"@id\":\"https:\/\/lomartov.com\/es\/aceptacion-social-y-rri\/#primaryimage\"},\"thumbnailUrl\":\"https:\/\/lomartov.com\/wp-content\/uploads\/2025\/04\/RRI-ES-1.png\",\"datePublished\":\"2025-01-09T13:51:30+00:00\",\"dateModified\":\"2025-04-11T09:29:58+00:00\",\"breadcrumb\":{\"@id\":\"https:\/\/lomartov.com\/es\/aceptacion-social-y-rri\/#breadcrumb\"},\"inLanguage\":\"es\",\"potentialAction\":[{\"@type\":\"ReadAction\",\"target\":[\"https:\/\/lomartov.com\/es\/aceptacion-social-y-rri\/\"]}]},{\"@type\":\"ImageObject\",\"inLanguage\":\"es\",\"@id\":\"https:\/\/lomartov.com\/es\/aceptacion-social-y-rri\/#primaryimage\",\"url\":\"https:\/\/lomartov.com\/wp-content\/uploads\/2025\/04\/RRI-ES-1.png\",\"contentUrl\":\"https:\/\/lomartov.com\/wp-content\/uploads\/2025\/04\/RRI-ES-1.png\"},{\"@type\":\"BreadcrumbList\",\"@id\":\"https:\/\/lomartov.com\/es\/aceptacion-social-y-rri\/#breadcrumb\",\"itemListElement\":[{\"@type\":\"ListItem\",\"position\":1,\"name\":\"Home\",\"item\":\"https:\/\/lomartov.com\/es\/\"},{\"@type\":\"ListItem\",\"position\":2,\"name\":\"Aceptaci\u00f3n social y RRI\"}]},{\"@type\":\"WebSite\",\"@id\":\"https:\/\/lomartov.com\/es\/#website\",\"url\":\"https:\/\/lomartov.com\/es\/\",\"name\":\"LOMARTOV\",\"description\":\"Applied Innovation Engineering\",\"potentialAction\":[{\"@type\":\"SearchAction\",\"target\":{\"@type\":\"EntryPoint\",\"urlTemplate\":\"https:\/\/lomartov.com\/es\/?s={search_term_string}\"},\"query-input\":{\"@type\":\"PropertyValueSpecification\",\"valueRequired\":true,\"valueName\":\"search_term_string\"}}],\"inLanguage\":\"es\"}]}<\/script>\n<!-- \/ Yoast SEO plugin. -->","yoast_head_json":{"title":"Aceptaci\u00f3n social y RRI - LOMARTOV","robots":{"index":"index","follow":"follow","max-snippet":"max-snippet:-1","max-image-preview":"max-image-preview:large","max-video-preview":"max-video-preview:-1"},"canonical":"https:\/\/lomartov.com\/es\/aceptacion-social-y-rri\/","og_locale":"es_ES","og_type":"article","og_title":"Aceptaci\u00f3n social y RRI - LOMARTOV","og_description":"\u00bfQu\u00e9 son la aceptaci\u00f3n social y la RRI? En esencia, la aceptaci\u00f3n social y la Investigaci\u00f3n e Innovaci\u00f3n Responsables (RRI) se centran en disminuir la brecha entre la innovaci\u00f3n t\u00e9cnica y el impacto social, garantizando que las tecnolog\u00edas no solo sean innovadoras, sino tambi\u00e9n \u00e9ticas, accesibles y ampliamente aceptadas. La aceptaci\u00f3n social\u00a0se refiere a la [&hellip;]","og_url":"https:\/\/lomartov.com\/es\/aceptacion-social-y-rri\/","og_site_name":"LOMARTOV","article_modified_time":"2025-04-11T09:29:58+00:00","og_image":[{"url":"https:\/\/lomartov.com\/wp-content\/uploads\/2025\/04\/RRI-ES-1.png","type":"","width":"","height":""}],"twitter_card":"summary_large_image","twitter_misc":{"Tiempo de lectura":"2 minutos"},"schema":{"@context":"https:\/\/schema.org","@graph":[{"@type":"WebPage","@id":"https:\/\/lomartov.com\/es\/aceptacion-social-y-rri\/","url":"https:\/\/lomartov.com\/es\/aceptacion-social-y-rri\/","name":"Aceptaci\u00f3n social y RRI - LOMARTOV","isPartOf":{"@id":"https:\/\/lomartov.com\/es\/#website"},"primaryImageOfPage":{"@id":"https:\/\/lomartov.com\/es\/aceptacion-social-y-rri\/#primaryimage"},"image":{"@id":"https:\/\/lomartov.com\/es\/aceptacion-social-y-rri\/#primaryimage"},"thumbnailUrl":"https:\/\/lomartov.com\/wp-content\/uploads\/2025\/04\/RRI-ES-1.png","datePublished":"2025-01-09T13:51:30+00:00","dateModified":"2025-04-11T09:29:58+00:00","breadcrumb":{"@id":"https:\/\/lomartov.com\/es\/aceptacion-social-y-rri\/#breadcrumb"},"inLanguage":"es","potentialAction":[{"@type":"ReadAction","target":["https:\/\/lomartov.com\/es\/aceptacion-social-y-rri\/"]}]},{"@type":"ImageObject","inLanguage":"es","@id":"https:\/\/lomartov.com\/es\/aceptacion-social-y-rri\/#primaryimage","url":"https:\/\/lomartov.com\/wp-content\/uploads\/2025\/04\/RRI-ES-1.png","contentUrl":"https:\/\/lomartov.com\/wp-content\/uploads\/2025\/04\/RRI-ES-1.png"},{"@type":"BreadcrumbList","@id":"https:\/\/lomartov.com\/es\/aceptacion-social-y-rri\/#breadcrumb","itemListElement":[{"@type":"ListItem","position":1,"name":"Home","item":"https:\/\/lomartov.com\/es\/"},{"@type":"ListItem","position":2,"name":"Aceptaci\u00f3n social y RRI"}]},{"@type":"WebSite","@id":"https:\/\/lomartov.com\/es\/#website","url":"https:\/\/lomartov.com\/es\/","name":"LOMARTOV","description":"Applied Innovation Engineering","potentialAction":[{"@type":"SearchAction","target":{"@type":"EntryPoint","urlTemplate":"https:\/\/lomartov.com\/es\/?s={search_term_string}"},"query-input":{"@type":"PropertyValueSpecification","valueRequired":true,"valueName":"search_term_string"}}],"inLanguage":"es"}]}},"_links":{"self":[{"href":"https:\/\/lomartov.com\/es\/wp-json\/wp\/v2\/pages\/4749","targetHints":{"allow":["GET"]}}],"collection":[{"href":"https:\/\/lomartov.com\/es\/wp-json\/wp\/v2\/pages"}],"about":[{"href":"https:\/\/lomartov.com\/es\/wp-json\/wp\/v2\/types\/page"}],"author":[{"embeddable":true,"href":"https:\/\/lomartov.com\/es\/wp-json\/wp\/v2\/users\/8"}],"replies":[{"embeddable":true,"href":"https:\/\/lomartov.com\/es\/wp-json\/wp\/v2\/comments?post=4749"}],"version-history":[{"count":5,"href":"https:\/\/lomartov.com\/es\/wp-json\/wp\/v2\/pages\/4749\/revisions"}],"predecessor-version":[{"id":5138,"href":"https:\/\/lomartov.com\/es\/wp-json\/wp\/v2\/pages\/4749\/revisions\/5138"}],"wp:attachment":[{"href":"https:\/\/lomartov.com\/es\/wp-json\/wp\/v2\/media?parent=4749"}],"curies":[{"name":"wp","href":"https:\/\/api.w.org\/{rel}","templated":true}]}}