{"id":6033,"date":"2026-03-18T11:12:08","date_gmt":"2026-03-18T11:12:08","guid":{"rendered":"https:\/\/lomartov.com\/?page_id=6033"},"modified":"2026-04-22T13:39:55","modified_gmt":"2026-04-22T13:39:55","slug":"communication-officer","status":"publish","type":"page","link":"https:\/\/lomartov.com\/es\/communication-officer\/","title":{"rendered":"Communication Officer"},"content":{"rendered":"","protected":false},"excerpt":{"rendered":"","protected":false},"author":8,"featured_media":0,"parent":0,"menu_order":0,"comment_status":"closed","ping_status":"closed","template":"","meta":{"footnotes":""},"class_list":["post-6033","page","type-page","status-publish","hentry"],"yoast_head":"<!-- This site is optimized with the Yoast SEO plugin v24.8.1 - https:\/\/yoast.com\/wordpress\/plugins\/seo\/ -->\n<title>Communication Officer - LOMARTOV<\/title>\n<meta name=\"description\" content=\"El\/la Communication Officer participar\u00e1 directamente en las actividades europeas y corporativas de la empresa y trabajar\u00e1 en estrecha colaboraci\u00f3n con los coordinadores t\u00e9cnicos, gestores de proyectos europeos y el equipo de direcci\u00f3n.\" \/>\n<meta name=\"robots\" content=\"index, follow, max-snippet:-1, max-image-preview:large, max-video-preview:-1\" \/>\n<link rel=\"canonical\" href=\"https:\/\/lomartov.com\/es\/communication-officer\/\" \/>\n<meta property=\"og:locale\" content=\"es_ES\" \/>\n<meta property=\"og:type\" content=\"article\" \/>\n<meta property=\"og:title\" content=\"Communication Officer - LOMARTOV\" \/>\n<meta property=\"og:description\" content=\"El\/la Communication Officer participar\u00e1 directamente en las actividades europeas y corporativas de la empresa y trabajar\u00e1 en estrecha colaboraci\u00f3n con los coordinadores t\u00e9cnicos, gestores de proyectos europeos y el equipo de direcci\u00f3n.\" \/>\n<meta property=\"og:url\" content=\"https:\/\/lomartov.com\/es\/communication-officer\/\" \/>\n<meta property=\"og:site_name\" content=\"LOMARTOV\" \/>\n<meta property=\"article:modified_time\" content=\"2026-04-22T13:39:55+00:00\" \/>\n<meta name=\"twitter:card\" content=\"summary_large_image\" \/>\n<meta name=\"twitter:label1\" content=\"Tiempo de lectura\" \/>\n\t<meta name=\"twitter:data1\" content=\"4 minutos\" \/>\n<script type=\"application\/ld+json\" class=\"yoast-schema-graph\">{\"@context\":\"https:\/\/schema.org\",\"@graph\":[{\"@type\":\"WebPage\",\"@id\":\"https:\/\/lomartov.com\/es\/communication-officer\/\",\"url\":\"https:\/\/lomartov.com\/es\/communication-officer\/\",\"name\":\"Communication Officer - LOMARTOV\",\"isPartOf\":{\"@id\":\"https:\/\/lomartov.com\/es\/#website\"},\"datePublished\":\"2026-03-18T11:12:08+00:00\",\"dateModified\":\"2026-04-22T13:39:55+00:00\",\"description\":\"El\/la Communication Officer participar\u00e1 directamente en las actividades europeas y corporativas de la empresa y trabajar\u00e1 en estrecha colaboraci\u00f3n con los coordinadores t\u00e9cnicos, gestores de proyectos europeos y el equipo de direcci\u00f3n.\",\"breadcrumb\":{\"@id\":\"https:\/\/lomartov.com\/es\/communication-officer\/#breadcrumb\"},\"inLanguage\":\"es\",\"potentialAction\":[{\"@type\":\"ReadAction\",\"target\":[\"https:\/\/lomartov.com\/es\/communication-officer\/\"]}]},{\"@type\":\"BreadcrumbList\",\"@id\":\"https:\/\/lomartov.com\/es\/communication-officer\/#breadcrumb\",\"itemListElement\":[{\"@type\":\"ListItem\",\"position\":1,\"name\":\"Home\",\"item\":\"https:\/\/lomartov.com\/es\/\"},{\"@type\":\"ListItem\",\"position\":2,\"name\":\"Communication Officer\"}]},{\"@type\":\"WebSite\",\"@id\":\"https:\/\/lomartov.com\/es\/#website\",\"url\":\"https:\/\/lomartov.com\/es\/\",\"name\":\"LOMARTOV\",\"description\":\"Applied Innovation Engineering\",\"potentialAction\":[{\"@type\":\"SearchAction\",\"target\":{\"@type\":\"EntryPoint\",\"urlTemplate\":\"https:\/\/lomartov.com\/es\/?s={search_term_string}\"},\"query-input\":{\"@type\":\"PropertyValueSpecification\",\"valueRequired\":true,\"valueName\":\"search_term_string\"}}],\"inLanguage\":\"es\"}]}<\/script>\n<!-- \/ Yoast SEO plugin. -->","yoast_head_json":{"title":"Communication Officer - LOMARTOV","description":"El\/la Communication Officer participar\u00e1 directamente en las actividades europeas y corporativas de la empresa y trabajar\u00e1 en estrecha colaboraci\u00f3n con los coordinadores t\u00e9cnicos, gestores de proyectos europeos y el equipo de direcci\u00f3n.","robots":{"index":"index","follow":"follow","max-snippet":"max-snippet:-1","max-image-preview":"max-image-preview:large","max-video-preview":"max-video-preview:-1"},"canonical":"https:\/\/lomartov.com\/es\/communication-officer\/","og_locale":"es_ES","og_type":"article","og_title":"Communication Officer - LOMARTOV","og_description":"El\/la Communication Officer participar\u00e1 directamente en las actividades europeas y corporativas de la empresa y trabajar\u00e1 en estrecha colaboraci\u00f3n con los coordinadores t\u00e9cnicos, gestores de proyectos europeos y el equipo de direcci\u00f3n.","og_url":"https:\/\/lomartov.com\/es\/communication-officer\/","og_site_name":"LOMARTOV","article_modified_time":"2026-04-22T13:39:55+00:00","twitter_card":"summary_large_image","twitter_misc":{"Tiempo de lectura":"4 minutos"},"schema":{"@context":"https:\/\/schema.org","@graph":[{"@type":"WebPage","@id":"https:\/\/lomartov.com\/es\/communication-officer\/","url":"https:\/\/lomartov.com\/es\/communication-officer\/","name":"Communication Officer - LOMARTOV","isPartOf":{"@id":"https:\/\/lomartov.com\/es\/#website"},"datePublished":"2026-03-18T11:12:08+00:00","dateModified":"2026-04-22T13:39:55+00:00","description":"El\/la Communication Officer participar\u00e1 directamente en las actividades europeas y corporativas de la empresa y trabajar\u00e1 en estrecha colaboraci\u00f3n con los coordinadores t\u00e9cnicos, gestores de proyectos europeos y el equipo de direcci\u00f3n.","breadcrumb":{"@id":"https:\/\/lomartov.com\/es\/communication-officer\/#breadcrumb"},"inLanguage":"es","potentialAction":[{"@type":"ReadAction","target":["https:\/\/lomartov.com\/es\/communication-officer\/"]}]},{"@type":"BreadcrumbList","@id":"https:\/\/lomartov.com\/es\/communication-officer\/#breadcrumb","itemListElement":[{"@type":"ListItem","position":1,"name":"Home","item":"https:\/\/lomartov.com\/es\/"},{"@type":"ListItem","position":2,"name":"Communication Officer"}]},{"@type":"WebSite","@id":"https:\/\/lomartov.com\/es\/#website","url":"https:\/\/lomartov.com\/es\/","name":"LOMARTOV","description":"Applied Innovation Engineering","potentialAction":[{"@type":"SearchAction","target":{"@type":"EntryPoint","urlTemplate":"https:\/\/lomartov.com\/es\/?s={search_term_string}"},"query-input":{"@type":"PropertyValueSpecification","valueRequired":true,"valueName":"search_term_string"}}],"inLanguage":"es"}]}},"_links":{"self":[{"href":"https:\/\/lomartov.com\/es\/wp-json\/wp\/v2\/pages\/6033","targetHints":{"allow":["GET"]}}],"collection":[{"href":"https:\/\/lomartov.com\/es\/wp-json\/wp\/v2\/pages"}],"about":[{"href":"https:\/\/lomartov.com\/es\/wp-json\/wp\/v2\/types\/page"}],"author":[{"embeddable":true,"href":"https:\/\/lomartov.com\/es\/wp-json\/wp\/v2\/users\/8"}],"replies":[{"embeddable":true,"href":"https:\/\/lomartov.com\/es\/wp-json\/wp\/v2\/comments?post=6033"}],"version-history":[{"count":3,"href":"https:\/\/lomartov.com\/es\/wp-json\/wp\/v2\/pages\/6033\/revisions"}],"predecessor-version":[{"id":6065,"href":"https:\/\/lomartov.com\/es\/wp-json\/wp\/v2\/pages\/6033\/revisions\/6065"}],"wp:attachment":[{"href":"https:\/\/lomartov.com\/es\/wp-json\/wp\/v2\/media?parent=6033"}],"curies":[{"name":"wp","href":"https:\/\/api.w.org\/{rel}","templated":true}]}}